{"id":5306,"date":"2025-12-15T16:58:02","date_gmt":"2025-12-15T16:58:02","guid":{"rendered":"https:\/\/quintadomontetravesso.com\/?post_type=product&#038;p=5306"},"modified":"2026-02-19T17:44:12","modified_gmt":"2026-02-19T17:44:12","slug":"quinta-do-monte-travesso-artur","status":"publish","type":"product","link":"https:\/\/quintadomontetravesso.com\/fr\/loja-online\/quinta-do-monte-travesso-artur\/","title":{"rendered":"Quinta do Monte Travesso &#8211; Artur 2022"},"content":{"rendered":"<p class=\"p1\"><strong>D\u00e9nomination :<\/strong> DOC - Douro<\/p>\n<p class=\"p1\"><strong>C\u00e9pages :<\/strong> Touriga Nacional.<\/p>\n<p class=\"p1\"><strong>Caract\u00e9ristiques de production :<\/strong><\/p>\n<ul>\n<li class=\"p2\">Cima Corgo ;<\/li>\n<li class=\"p2\">Sol schisteux ;<\/li>\n<li class=\"p2\">S\u00e9lection de vignes moins vigoureuses sur une surface totale de 2 ha ;<\/li>\n<li class=\"p2\">450 m\u00e8tres au-dessus du niveau de la mer ;<\/li>\n<li class=\"p2\">Exposition - Nord<\/li>\n<\/ul>\n<p class=\"p1\"><strong>Vinification :<\/strong> Apr\u00e8s un ramassage soigneux des raisins dans des caisses de petite capacit\u00e9, les raisins sont compl\u00e8tement \u00e9grapp\u00e9s ; une fermentation alcoolique prolong\u00e9e dans des moulins \u00e0 fouler \u00e0 temp\u00e9rature contr\u00f4l\u00e9e, suivie d'une fermentation malo-lactique spontan\u00e9e.<\/p>\n<p class=\"p1\"><strong>Stage :<\/strong> 16 mois dans 3 nouveaux f\u00fbts de ch\u00eane fran\u00e7ais de 300 litres (Seguin Moreau et Taransaud).<\/p>\n<p class=\"p1\"><strong>Filtration :<\/strong> Cartouche + membrane.<\/p>\n<p class=\"p1\"><strong>Analyse physique et chimique : <\/strong>Alcool - 13,5% ; Acidit\u00e9 totale - 6,2 g\/dm<span class=\"s1\">3<\/span>; pH - 3,66<\/p>\n<p class=\"p1\"><strong>Notes de d\u00e9gustation :<\/strong><\/p>\n<p class=\"p1\"><strong>Examen visuel :<\/strong> Transparent et d'une couleur rouge rubis profond.<\/p>\n<p class=\"p1\"><strong>Examen olfactif :<\/strong> Riche, profond et complexe. Des notes de fruits noirs, de pain grill\u00e9 et d'\u00e9pices ressortent.<\/p>\n<p class=\"p1\"><strong>Test de go\u00fbt :<\/strong> Bouche aust\u00e8re, structure complexe, tanins pr\u00e9sents mais ronds. Finale longue et persistante.<\/p>","protected":false},"excerpt":{"rendered":"<p>Denomina\u00e7\u00e3o: DOC \u2013 Douro Castas: Touriga Nacional. Caracter\u00edsticas de Produ\u00e7\u00e3o: Cima Corgo; Solo xistoso; Sele\u00e7\u00e3o de videiras menos vigorosas numa \u00e1rea total de 2 ha; 450 m altitude; Exposi\u00e7\u00e3o &#8211; Norte Vinifica\u00e7\u00e3o: Ap\u00f3s uma cuidada recolha das uvas em caixas de pequena capacidade, as uvas s\u00e3o totalmente desenga\u00e7adas; Fermenta\u00e7\u00e3o Alco\u00f3lica prolongada em lagares com pisa [&hellip;]<\/p>\n","protected":false},"featured_media":5290,"template":"","meta":[],"product_brand":[],"product_cat":[35,45],"product_tag":[50],"class_list":{"0":"post-5306","1":"product","2":"type-product","3":"status-publish","4":"has-post-thumbnail","6":"product_cat-tinto","7":"product_cat-vinho","8":"product_tag-vinho","10":"first","11":"instock","12":"shipping-taxable","13":"purchasable","14":"product-type-simple"},"_links":{"self":[{"href":"https:\/\/quintadomontetravesso.com\/fr\/wp-json\/wp\/v2\/product\/5306","targetHints":{"allow":["GET"]}}],"collection":[{"href":"https:\/\/quintadomontetravesso.com\/fr\/wp-json\/wp\/v2\/product"}],"about":[{"href":"https:\/\/quintadomontetravesso.com\/fr\/wp-json\/wp\/v2\/types\/product"}],"wp:featuredmedia":[{"embeddable":true,"href":"https:\/\/quintadomontetravesso.com\/fr\/wp-json\/wp\/v2\/media\/5290"}],"wp:attachment":[{"href":"https:\/\/quintadomontetravesso.com\/fr\/wp-json\/wp\/v2\/media?parent=5306"}],"wp:term":[{"taxonomy":"product_brand","embeddable":true,"href":"https:\/\/quintadomontetravesso.com\/fr\/wp-json\/wp\/v2\/product_brand?post=5306"},{"taxonomy":"product_cat","embeddable":true,"href":"https:\/\/quintadomontetravesso.com\/fr\/wp-json\/wp\/v2\/product_cat?post=5306"},{"taxonomy":"product_tag","embeddable":true,"href":"https:\/\/quintadomontetravesso.com\/fr\/wp-json\/wp\/v2\/product_tag?post=5306"}],"curies":[{"name":"wp","href":"https:\/\/api.w.org\/{rel}","templated":true}]}}