{"id":5305,"date":"2025-12-15T16:57:15","date_gmt":"2025-12-15T16:57:15","guid":{"rendered":"https:\/\/quintadomontetravesso.com\/?post_type=product&#038;p=5305"},"modified":"2025-12-18T12:29:43","modified_gmt":"2025-12-18T12:29:43","slug":"quinta-do-monte-travesso-judith","status":"publish","type":"product","link":"https:\/\/quintadomontetravesso.com\/fr\/loja-online\/quinta-do-monte-travesso-judith\/","title":{"rendered":"Quinta do Monte Travesso - Judith 2022"},"content":{"rendered":"<p class=\"p1\"><strong>D\u00e9nomination :<\/strong> DOC - Douro<\/p>\n<p class=\"p1\"><strong>C\u00e9pages :<\/strong> Vieilles vignes, avec une forte pr\u00e9dominance de Touriga Nacional.<\/p>\n<p class=\"p1\"><strong>Caract\u00e9ristiques de production :<\/strong><\/p>\n<ul>\n<li class=\"p1\">Cima Corgo ;<\/li>\n<li class=\"p1\">Sol schisteux ;<\/li>\n<li class=\"p1\">0,5 ha ;<\/li>\n<li class=\"p1\">400 m\u00e8tres au-dessus du niveau de la mer ;<\/li>\n<li class=\"p2\">Exposition - Sud<\/li>\n<li class=\"p3\">Production des parcelles : 3,5 tonnes\/ha<\/li>\n<\/ul>\n<p class=\"p1\"><strong>Vinification :<\/strong> Apr\u00e8s un ramassage soigneux des raisins dans des caisses de petite capacit\u00e9, les raisins sont compl\u00e8tement \u00e9grapp\u00e9s ; une fermentation alcoolique prolong\u00e9e dans des moulins \u00e0 fouler \u00e0 temp\u00e9rature contr\u00f4l\u00e9e, suivie d'une fermentation malo-lactique spontan\u00e9e.<\/p>\n<p class=\"p1\"><strong>Stage :<\/strong> 16 mois dans 3 nouveaux f\u00fbts de 225 litres en ch\u00eane fran\u00e7ais (Seguin Moreau et Fran\u00e7ois Fr\u00e8res).<\/p>\n<p class=\"p1\"><strong>Filtration :<\/strong> Cartouche + membrane.<\/p>\n<p class=\"p1\"><strong>Analyse physique et chimique :<\/strong> Alcool - 13% ; Acidit\u00e9 totale - 6,40 g\/dm<span class=\"s1\">3<\/span>; pH - 3,68<\/p>\n<p class=\"p1\"><strong>Notes de d\u00e9gustation :<\/strong><\/p>\n<p class=\"p1\"><strong>Examen visuel :<\/strong> Transparent et d'une couleur rouge rubis profond.<\/p>\n<p class=\"p1\"><strong>Examen olfactif :<\/strong> Grande complexit\u00e9 aromatique, avec des notes de fruits noirs qui \u00e9voluent vers les fruits confitur\u00e9s et le chocolat noir, avec un fum\u00e9 bien marqu\u00e9.<\/p>\n<p class=\"p1\"><strong>Test de go\u00fbt :<\/strong> Fra\u00eecheur, bon volume et tannins fermes avec beaucoup de structure. Finale longue et intense.<\/p>","protected":false},"excerpt":{"rendered":"<p>Denomina\u00e7\u00e3o: DOC \u2013 Douro Castas: Vinhas Velhas, com forte predomin\u00e2ncia de Touriga Nacional. Caracter\u00edsticas de Produ\u00e7\u00e3o: Cima Corgo; Solo xistoso; 0,5 ha; 400 m altitude; Exposi\u00e7\u00e3o &#8211; Sul Produ\u00e7\u00e3o da parcela : 3,5 ton\/ha Vinifica\u00e7\u00e3o: Ap\u00f3s uma cuidada recolha das uvas em caixas de pequena capacidade, as uvas s\u00e3o totalmente desenga\u00e7adas; Fermenta\u00e7\u00e3o Alco\u00f3lica prolongada em [&hellip;]<\/p>\n","protected":false},"featured_media":5291,"template":"","meta":[],"product_brand":[],"product_cat":[35,45],"product_tag":[50],"class_list":{"0":"post-5305","1":"product","2":"type-product","3":"status-publish","4":"has-post-thumbnail","6":"product_cat-tinto","7":"product_cat-vinho","8":"product_tag-vinho","10":"first","11":"instock","12":"shipping-taxable","13":"purchasable","14":"product-type-simple"},"_links":{"self":[{"href":"https:\/\/quintadomontetravesso.com\/fr\/wp-json\/wp\/v2\/product\/5305","targetHints":{"allow":["GET"]}}],"collection":[{"href":"https:\/\/quintadomontetravesso.com\/fr\/wp-json\/wp\/v2\/product"}],"about":[{"href":"https:\/\/quintadomontetravesso.com\/fr\/wp-json\/wp\/v2\/types\/product"}],"wp:featuredmedia":[{"embeddable":true,"href":"https:\/\/quintadomontetravesso.com\/fr\/wp-json\/wp\/v2\/media\/5291"}],"wp:attachment":[{"href":"https:\/\/quintadomontetravesso.com\/fr\/wp-json\/wp\/v2\/media?parent=5305"}],"wp:term":[{"taxonomy":"product_brand","embeddable":true,"href":"https:\/\/quintadomontetravesso.com\/fr\/wp-json\/wp\/v2\/product_brand?post=5305"},{"taxonomy":"product_cat","embeddable":true,"href":"https:\/\/quintadomontetravesso.com\/fr\/wp-json\/wp\/v2\/product_cat?post=5305"},{"taxonomy":"product_tag","embeddable":true,"href":"https:\/\/quintadomontetravesso.com\/fr\/wp-json\/wp\/v2\/product_tag?post=5305"}],"curies":[{"name":"wp","href":"https:\/\/api.w.org\/{rel}","templated":true}]}}