{"id":5303,"date":"2025-12-15T16:55:26","date_gmt":"2025-12-15T16:55:26","guid":{"rendered":"https:\/\/quintadomontetravesso.com\/?post_type=product&#038;p=5303"},"modified":"2026-03-03T15:11:27","modified_gmt":"2026-03-03T15:11:27","slug":"capela","status":"publish","type":"product","link":"https:\/\/quintadomontetravesso.com\/fr\/loja-online\/capela\/","title":{"rendered":"Capela - Touriga Nacional 2023"},"content":{"rendered":"<p class=\"p1\"><strong>D\u00e9nomination :<\/strong> DOC - Douro<\/p>\n<p class=\"p1\"><strong>C\u00e9pages :<\/strong> 100% TOURIGA NACIONAL.<\/p>\n<p class=\"p1\"><strong>Caract\u00e9ristiques de production :<\/strong><\/p>\n<ul>\n<li class=\"p1\">Cima Corgo ;<\/li>\n<li class=\"p1\">Sol schisteux ;<\/li>\n<li class=\"p1\">Altitude moyenne de 450 m ;<\/li>\n<li class=\"p1\">\u00c2ge moyen des vignes : 50 ans.<\/li>\n<\/ul>\n<p class=\"p1\"><strong>Vinification :<\/strong> Apr\u00e8s un ramassage soigneux des raisins dans des caisses de petite capacit\u00e9, les raisins sont compl\u00e8tement \u00e9grapp\u00e9s ; la fermentation alcoolique a lieu dans des moulins \u00e0 foulon \u00e0 temp\u00e9rature contr\u00f4l\u00e9e, suivie d'une fermentation malo-lactique spontan\u00e9e.<\/p>\n<p class=\"p1\"><strong>Stage :<\/strong> 12 mois en barriques neuves de 225 litres de Fran\u00e7ois Fr\u00e9res, Taransaud et Seguin Moreau.<\/p>\n<p class=\"p1\"><strong>Filtration :<\/strong> Cartouche + membrane<\/p>\n<p class=\"p1\"><strong>Analyse physique et chimique : <\/strong>Alcool - 14,5% ; Acidit\u00e9 totale - 5,8 g\/dm<span class=\"s1\">3<\/span>; pH - 3,74<\/p>\n<p class=\"p1\"><strong>Notes de d\u00e9gustation :<\/strong><\/p>\n<p class=\"p1\"><strong>Examen visuel :<\/strong> Limpide, couleur rouge rubis fonc\u00e9<\/p>\n<p class=\"p1\"><strong>Examen olfactif :<\/strong> Tr\u00e8s complexe, avec des notes de fruits noirs, de menthol, de chocolat et un l\u00e9ger go\u00fbt fum\u00e9.<\/p>\n<p class=\"p1\"><strong>Test de go\u00fbt :<\/strong> El\u00e9gant, frais, bon volume et tannins fermes avec beaucoup de structure. Finale longue et intense.<\/p>","protected":false},"excerpt":{"rendered":"<p>Denomina\u00e7\u00e3o: DOC \u2013 Douro Castas: 100% TOURIGA NACIONAL. Caracter\u00edsticas de Produ\u00e7\u00e3o: Cima Corgo; Solo xistoso; 450m altitude m\u00e9dia; Idade m\u00e9dia da vinha: 50 anos. Vinifica\u00e7\u00e3o: Ap\u00f3s uma cuidada recolha das uvas em caixas de pequena capacidade, as uvas s\u00e3o totalmente desenga\u00e7adas; Fermenta\u00e7\u00e3o Alco\u00f3lica em lagares com pisa a p\u00e9 com controlo de temperatura, seguida de [&hellip;]<\/p>\n","protected":false},"featured_media":5286,"template":"","meta":[],"product_brand":[],"product_cat":[35,45],"product_tag":[50],"class_list":{"0":"post-5303","1":"product","2":"type-product","3":"status-publish","4":"has-post-thumbnail","6":"product_cat-tinto","7":"product_cat-vinho","8":"product_tag-vinho","10":"first","11":"instock","12":"shipping-taxable","13":"purchasable","14":"product-type-simple"},"_links":{"self":[{"href":"https:\/\/quintadomontetravesso.com\/fr\/wp-json\/wp\/v2\/product\/5303","targetHints":{"allow":["GET"]}}],"collection":[{"href":"https:\/\/quintadomontetravesso.com\/fr\/wp-json\/wp\/v2\/product"}],"about":[{"href":"https:\/\/quintadomontetravesso.com\/fr\/wp-json\/wp\/v2\/types\/product"}],"wp:featuredmedia":[{"embeddable":true,"href":"https:\/\/quintadomontetravesso.com\/fr\/wp-json\/wp\/v2\/media\/5286"}],"wp:attachment":[{"href":"https:\/\/quintadomontetravesso.com\/fr\/wp-json\/wp\/v2\/media?parent=5303"}],"wp:term":[{"taxonomy":"product_brand","embeddable":true,"href":"https:\/\/quintadomontetravesso.com\/fr\/wp-json\/wp\/v2\/product_brand?post=5303"},{"taxonomy":"product_cat","embeddable":true,"href":"https:\/\/quintadomontetravesso.com\/fr\/wp-json\/wp\/v2\/product_cat?post=5303"},{"taxonomy":"product_tag","embeddable":true,"href":"https:\/\/quintadomontetravesso.com\/fr\/wp-json\/wp\/v2\/product_tag?post=5303"}],"curies":[{"name":"wp","href":"https:\/\/api.w.org\/{rel}","templated":true}]}}