{"id":5301,"date":"2025-12-15T16:49:48","date_gmt":"2025-12-15T16:49:48","guid":{"rendered":"https:\/\/quintadomontetravesso.com\/?post_type=product&#038;p=5301"},"modified":"2025-12-18T12:28:15","modified_gmt":"2025-12-18T12:28:15","slug":"quinta-do-monte-travesso-tinto-cao-2024","status":"publish","type":"product","link":"https:\/\/quintadomontetravesso.com\/fr\/loja-online\/quinta-do-monte-travesso-tinto-cao-2024\/","title":{"rendered":"Quinta do Monte Travesso - Tinto C\u00e3o 2024"},"content":{"rendered":"<p class=\"p1\"><strong>D\u00e9nomination :<\/strong> DOC - Douro<\/p>\n<p class=\"p1\"><strong>C\u00e9pages :<\/strong> 100% CHIEN ROUGE.<\/p>\n<p class=\"p1\"><strong>Caract\u00e9ristiques de production :<\/strong><\/p>\n<ul>\n<li class=\"p1\">Cima Corgo ;<\/li>\n<li class=\"p1\">Sol schisteux ;<\/li>\n<li class=\"p2\">500 m\u00e8tres au-dessus du niveau de la mer ;<\/li>\n<li class=\"p3\">\u00c2ge moyen des vignes : 25 ans ;<\/li>\n<\/ul>\n<p class=\"p1\"><strong>Vinification :<\/strong> Apr\u00e8s un ramassage soigneux des raisins dans des caisses de petite capacit\u00e9, ils sont soigneusement press\u00e9s dans un pressoir pneumatique ; cette op\u00e9ration est suivie d'une d\u00e9cantation pendant 48 heures \u00e0 basse temp\u00e9rature ; une fermentation prolong\u00e9e dans des cuves en acier inoxydable avec contr\u00f4le de la temp\u00e9rature afin de pr\u00e9server les ar\u00f4mes vari\u00e9taux des raisins.<\/p>\n<p class=\"p1\"><strong>Filtration :<\/strong> Cartouche + membrane<\/p>\n<p class=\"p1\"><strong>Analyse physique et chimique : <\/strong>Alcool - 13% ; Acidit\u00e9 totale - 6,5 g\/dm3 ; pH - 3,40<\/p>\n<p class=\"p1\"><strong>Notes de d\u00e9gustation :<\/strong><\/p>\n<p class=\"p1\"><strong>Examen visuel :<\/strong> Transparent avec une couleur saumon clair ;<\/p>\n<p class=\"p1\"><strong>Examen olfactif :<\/strong> Fruits rouges comme la cerise, avec des notes fra\u00eeches et florales comme la violette ;<\/p>\n<p class=\"p1\"><strong>Test de go\u00fbt :<\/strong> Une fra\u00eecheur agr\u00e9able et persistante, une \u00e9l\u00e9gance remarquable avec des notes propres au c\u00e9page.<\/p>","protected":false},"excerpt":{"rendered":"<p>Denomina\u00e7\u00e3o: DOC \u2013 Douro Castas: 100% TINTO C\u00c3O. Caracter\u00edsticas de Produ\u00e7\u00e3o: Cima Corgo; Solo xistoso; 500m altitude; Idade m\u00e9dia da vinha: 25 anos; Vinifica\u00e7\u00e3o: Ap\u00f3s uma cuidada recolha das uvas em caixas de pequena capacidade, as uvas s\u00e3o cuidadosamente prensadas em prensa pneum\u00e1tica; segue-se a decanta\u00e7\u00e3o durante 48 horas a baixa temperatura; fermenta\u00e7\u00e3o prolongada em [&hellip;]<\/p>\n","protected":false},"featured_media":5284,"template":"","meta":[],"product_brand":[],"product_cat":[38,45],"product_tag":[50],"class_list":{"0":"post-5301","1":"product","2":"type-product","3":"status-publish","4":"has-post-thumbnail","6":"product_cat-rose","7":"product_cat-vinho","8":"product_tag-vinho","10":"first","11":"instock","12":"shipping-taxable","13":"purchasable","14":"product-type-simple"},"_links":{"self":[{"href":"https:\/\/quintadomontetravesso.com\/fr\/wp-json\/wp\/v2\/product\/5301","targetHints":{"allow":["GET"]}}],"collection":[{"href":"https:\/\/quintadomontetravesso.com\/fr\/wp-json\/wp\/v2\/product"}],"about":[{"href":"https:\/\/quintadomontetravesso.com\/fr\/wp-json\/wp\/v2\/types\/product"}],"wp:featuredmedia":[{"embeddable":true,"href":"https:\/\/quintadomontetravesso.com\/fr\/wp-json\/wp\/v2\/media\/5284"}],"wp:attachment":[{"href":"https:\/\/quintadomontetravesso.com\/fr\/wp-json\/wp\/v2\/media?parent=5301"}],"wp:term":[{"taxonomy":"product_brand","embeddable":true,"href":"https:\/\/quintadomontetravesso.com\/fr\/wp-json\/wp\/v2\/product_brand?post=5301"},{"taxonomy":"product_cat","embeddable":true,"href":"https:\/\/quintadomontetravesso.com\/fr\/wp-json\/wp\/v2\/product_cat?post=5301"},{"taxonomy":"product_tag","embeddable":true,"href":"https:\/\/quintadomontetravesso.com\/fr\/wp-json\/wp\/v2\/product_tag?post=5301"}],"curies":[{"name":"wp","href":"https:\/\/api.w.org\/{rel}","templated":true}]}}