{"id":5300,"date":"2025-12-15T16:49:10","date_gmt":"2025-12-15T16:49:10","guid":{"rendered":"https:\/\/quintadomontetravesso.com\/?post_type=product&#038;p=5300"},"modified":"2025-12-18T12:26:53","modified_gmt":"2025-12-18T12:26:53","slug":"quinta-do-monte-travesso-gouveio-2024","status":"publish","type":"product","link":"https:\/\/quintadomontetravesso.com\/fr\/loja-online\/quinta-do-monte-travesso-gouveio-2024\/","title":{"rendered":"Quinta do Monte Travesso - Gouveio 2024"},"content":{"rendered":"<p class=\"p1\"><strong>D\u00e9nomination :<\/strong> DOC - Douro<\/p>\n<p class=\"p1\"><strong>C\u00e9pages :<\/strong> 100% GOUVEIO.<\/p>\n<p class=\"p1\"><strong>Caract\u00e9ristiques de production :<\/strong><\/p>\n<ul>\n<li class=\"p1\">Cima Corgo ;<\/li>\n<li class=\"p1\">Sol schisteux ;<\/li>\n<li class=\"p2\">450 m\u00e8tres au-dessus du niveau de la mer ;<\/li>\n<li class=\"p3\">\u00c2ge moyen des vignes : 25 ans ;<\/li>\n<\/ul>\n<p class=\"p1\"><strong>Vinification :<\/strong> Ap\u00f3s uma cuidada recolha das uvas em caixas de pequena capacidade, as uvas s\u00e3o cuidadosamente prensadas em prensa pneum\u00e1tica; segue-se a decanta\u00e7\u00e3o durante 24 horas a baixa temperatura; fermenta\u00e7\u00e3o prolongada em cuba inox com controlo de temperatura de modo a preservar os aromas varietais da uva.<\/p>\n<p class=\"p1\"><strong>Filtration :<\/strong> Cartouche + membrane<\/p>\n<p class=\"p1\"><strong>Analyse physique et chimique : <\/strong>\u00c1lcool &#8211; 13%; Acidez Total \u2013 7 g\/dm3; pH \u2013 3,10<\/p>\n<p class=\"p1\"><strong>Notes de d\u00e9gustation :<\/strong><\/p>\n<p class=\"p1\"><strong>Examen visuel :<\/strong> Couleur claire d'agrumes.<\/p>\n<p class=\"p1\"><strong>Examen olfactif :<\/strong> Frais et min\u00e9ral avec des notes de fruits tropicaux et d'agrumes<\/p>\n<p class=\"p1\"><strong>Test de go\u00fbt :<\/strong> \u00c9quilibr\u00e9, ce qui en fait un vin \u00e9l\u00e9gant avec une vivacit\u00e9 typique du c\u00e9page qui lui conf\u00e8re un caract\u00e8re exclusif.<\/p>","protected":false},"excerpt":{"rendered":"<p>Denomina\u00e7\u00e3o: DOC \u2013 Douro Castas: 100% GOUVEIO. Caracter\u00edsticas de Produ\u00e7\u00e3o: Cima Corgo; Solo xistoso; 450m altitude; Idade m\u00e9dia da vinha: 25 anos; Vinifica\u00e7\u00e3o: Ap\u00f3s uma cuidada recolha das uvas em caixas de pequena capacidade, as uvas s\u00e3o cuidadosamente prensadas em prensa pneum\u00e1tica; segue-se a decanta\u00e7\u00e3o durante 24 horas a baixa temperatura; fermenta\u00e7\u00e3o prolongada em cuba [&hellip;]<\/p>\n","protected":false},"featured_media":5283,"template":"","meta":[],"product_brand":[],"product_cat":[39,45],"product_tag":[50],"class_list":{"0":"post-5300","1":"product","2":"type-product","3":"status-publish","4":"has-post-thumbnail","6":"product_cat-branco","7":"product_cat-vinho","8":"product_tag-vinho","10":"first","11":"instock","12":"shipping-taxable","13":"purchasable","14":"product-type-simple"},"_links":{"self":[{"href":"https:\/\/quintadomontetravesso.com\/fr\/wp-json\/wp\/v2\/product\/5300","targetHints":{"allow":["GET"]}}],"collection":[{"href":"https:\/\/quintadomontetravesso.com\/fr\/wp-json\/wp\/v2\/product"}],"about":[{"href":"https:\/\/quintadomontetravesso.com\/fr\/wp-json\/wp\/v2\/types\/product"}],"wp:featuredmedia":[{"embeddable":true,"href":"https:\/\/quintadomontetravesso.com\/fr\/wp-json\/wp\/v2\/media\/5283"}],"wp:attachment":[{"href":"https:\/\/quintadomontetravesso.com\/fr\/wp-json\/wp\/v2\/media?parent=5300"}],"wp:term":[{"taxonomy":"product_brand","embeddable":true,"href":"https:\/\/quintadomontetravesso.com\/fr\/wp-json\/wp\/v2\/product_brand?post=5300"},{"taxonomy":"product_cat","embeddable":true,"href":"https:\/\/quintadomontetravesso.com\/fr\/wp-json\/wp\/v2\/product_cat?post=5300"},{"taxonomy":"product_tag","embeddable":true,"href":"https:\/\/quintadomontetravesso.com\/fr\/wp-json\/wp\/v2\/product_tag?post=5300"}],"curies":[{"name":"wp","href":"https:\/\/api.w.org\/{rel}","templated":true}]}}