{"id":5299,"date":"2025-12-15T16:45:01","date_gmt":"2025-12-15T16:45:01","guid":{"rendered":"https:\/\/quintadomontetravesso.com\/?post_type=product&#038;p=5299"},"modified":"2025-12-18T12:35:01","modified_gmt":"2025-12-18T12:35:01","slug":"travesso-clarete","status":"publish","type":"product","link":"https:\/\/quintadomontetravesso.com\/fr\/loja-online\/travesso-clarete\/","title":{"rendered":"Travesso - Clarete 2022"},"content":{"rendered":"<p class=\"p1\"><strong>D\u00e9nomination :<\/strong> DOC - Douro<\/p>\n<p class=\"p1\"><strong>C\u00e9pages :<\/strong> Touriga Nacional, Touriga Francesa et Tinta Roriz.<\/p>\n<p class=\"p1\"><strong>Caract\u00e9ristiques de production :<\/strong><\/p>\n<ul>\n<li class=\"p1\">Cima Corgo ;<\/li>\n<li class=\"p1\">Sol schisteux ;<\/li>\n<li class=\"p2\">Altitude moyenne de 450 m ;<\/li>\n<li class=\"p3\">\u00c2ge moyen des vignes : 15 ans ;<\/li>\n<\/ul>\n<p class=\"p1\"><strong>Vinification :<\/strong> Apr\u00e8s une vendange soign\u00e9e, les raisins sont \u00e9grapp\u00e9s et foul\u00e9s avant d'\u00eatre achemin\u00e9s vers nos pressoirs. Le liquide r\u00e9sultant de la m\u00e9thode de la saign\u00e9e constitue la base de ce vin. Il est suivi d'une fermentation sans contact avec la peau dans des cuves en acier inoxydable \u00e0 temp\u00e9rature contr\u00f4l\u00e9e.<\/p>\n<p class=\"p1\"><strong>Stage :<\/strong> En acier inoxydable puis en bouteille<\/p>\n<p class=\"p1\"><strong>Filtration :<\/strong> Cartouche + membrane<\/p>\n<p class=\"p1\"><strong>Analyse physique et chimique : <\/strong>Alcool - 13% ; Acidit\u00e9 totale - 6,6 g\/dm3 ; pH - 3,20<\/p>\n<p class=\"p1\"><strong>Notes de d\u00e9gustation :<\/strong><\/p>\n<p class=\"p1\"><strong>Examen visuel :<\/strong> Couleur essence claire, presque opaque ;<\/p>\n<p class=\"p1\"><strong>Examen olfactif :<\/strong> Frais, avec un ar\u00f4me de fraises et de prunes vertes.<\/p>\n<p class=\"p1\"><strong>Test de go\u00fbt :<\/strong> Agr\u00e9able, frais et d'une bonne persistance.<\/p>","protected":false},"excerpt":{"rendered":"<p>Denomina\u00e7\u00e3o: DOC \u2013 Douro Castas: Touriga Nacional, Touriga Francesa e Tinta Roriz. Caracter\u00edsticas de Produ\u00e7\u00e3o: Cima Corgo; Solo xistoso; 450m altitude m\u00e9dia; Idade m\u00e9dia da vinha: 15 anos.; Vinifica\u00e7\u00e3o: Ap\u00f3s uma cuidada vindima as uvas s\u00e3o desenga\u00e7adas e esmagadas e seguem para os nossos lagares. O l\u00edquido resultante do m\u00e9todo saign\u00e9e serve de base a [&hellip;]<\/p>\n","protected":false},"featured_media":5278,"template":"","meta":[],"product_brand":[],"product_cat":[56,45],"product_tag":[50],"class_list":{"0":"post-5299","1":"product","2":"type-product","3":"status-publish","4":"has-post-thumbnail","6":"product_cat-clarete","7":"product_cat-vinho","8":"product_tag-vinho","10":"first","11":"instock","12":"shipping-taxable","13":"purchasable","14":"product-type-simple"},"_links":{"self":[{"href":"https:\/\/quintadomontetravesso.com\/fr\/wp-json\/wp\/v2\/product\/5299","targetHints":{"allow":["GET"]}}],"collection":[{"href":"https:\/\/quintadomontetravesso.com\/fr\/wp-json\/wp\/v2\/product"}],"about":[{"href":"https:\/\/quintadomontetravesso.com\/fr\/wp-json\/wp\/v2\/types\/product"}],"wp:featuredmedia":[{"embeddable":true,"href":"https:\/\/quintadomontetravesso.com\/fr\/wp-json\/wp\/v2\/media\/5278"}],"wp:attachment":[{"href":"https:\/\/quintadomontetravesso.com\/fr\/wp-json\/wp\/v2\/media?parent=5299"}],"wp:term":[{"taxonomy":"product_brand","embeddable":true,"href":"https:\/\/quintadomontetravesso.com\/fr\/wp-json\/wp\/v2\/product_brand?post=5299"},{"taxonomy":"product_cat","embeddable":true,"href":"https:\/\/quintadomontetravesso.com\/fr\/wp-json\/wp\/v2\/product_cat?post=5299"},{"taxonomy":"product_tag","embeddable":true,"href":"https:\/\/quintadomontetravesso.com\/fr\/wp-json\/wp\/v2\/product_tag?post=5299"}],"curies":[{"name":"wp","href":"https:\/\/api.w.org\/{rel}","templated":true}]}}