{"id":5275,"date":"2025-12-15T15:30:59","date_gmt":"2025-12-15T15:30:59","guid":{"rendered":"https:\/\/quintadomontetravesso.com\/?post_type=product&#038;p=5275"},"modified":"2025-12-18T12:15:00","modified_gmt":"2025-12-18T12:15:00","slug":"travesso-branco","status":"publish","type":"product","link":"https:\/\/quintadomontetravesso.com\/fr\/loja-online\/travesso-branco\/","title":{"rendered":"Travesso - Blanc 2024"},"content":{"rendered":"<p class=\"p2\"><strong>D\u00e9nomination :<\/strong> DOC - Douro<\/p>\n<p class=\"p2\"><strong>C\u00e9pages :<\/strong> Gouveio, Rabigato, Viosinho et C\u00f3dega do Larinho.<\/p>\n<p class=\"p2\"><strong>Caract\u00e9ristiques de production :<\/strong><\/p>\n<ul>\n<li class=\"p2\">Cima Corgo ;<\/li>\n<li class=\"p2\">Sol schisteux ;<\/li>\n<li class=\"p3\">Altitude moyenne de 450 m ;<\/li>\n<li class=\"p4\">\u00c2ge moyen des vignes : 15 ans ;<\/li>\n<\/ul>\n<p class=\"p2\"><strong>Vinification :<\/strong> Apr\u00e8s un ramassage soigneux des raisins dans de petites caisses, les raisins sont compl\u00e8tement \u00e9grapp\u00e9s ; la fermentation suit dans des cuves en acier inoxydable \u00e0 temp\u00e9rature contr\u00f4l\u00e9e.<\/p>\n<p class=\"p2\"><strong>Stage :<\/strong> En acier inoxydable puis en bouteille<\/p>\n<p class=\"p2\"><strong>Filtration :<\/strong> Cartouche + membrane<\/p>\n<p class=\"p2\"><strong>Analyse physique et chimique : <\/strong>Alcool - 13% ; Acidit\u00e9 totale - 7,0 g\/dm3 ; pH - 3,16<\/p>\n<p class=\"p2\"><strong>Notes de d\u00e9gustation :<\/strong><\/p>\n<p class=\"p2\"><strong>Examen visuel :<\/strong> Limpide, couleur vert citron ;<\/p>\n<p class=\"p2\"><strong>Examen olfactif :<\/strong> Notes de fruits blancs m\u00fbrs et de fruits \u00e0 noyaux tels que les p\u00eaches et les pommes ;<\/p>\n<p class=\"p2\"><strong>Test de go\u00fbt :<\/strong> Un vin rond, avec une bonne persistance alli\u00e9e \u00e0 une fra\u00eecheur prolong\u00e9e, ce qui en fait un vin agr\u00e9able \u00e0 boire.<\/p>","protected":false},"excerpt":{"rendered":"<p>Denomina\u00e7\u00e3o: DOC \u2013 Douro Castas: Gouveio, Rabigato, Viosinho e C\u00f3dega do Larinho. Caracter\u00edsticas de Produ\u00e7\u00e3o: Cima Corgo; Solo xistoso; 450m altitude m\u00e9dia; Idade m\u00e9dia da vinha: 15 anos.; Vinifica\u00e7\u00e3o: Ap\u00f3s uma cuidada recolha das uvas em caixas de pequena capacidade, as uvas s\u00e3o totalmente desenga\u00e7adas; segue-se a fermenta\u00e7\u00e3o em cuba de inox com controlo de [&hellip;]<\/p>\n","protected":false},"featured_media":5277,"template":"","meta":[],"product_brand":[],"product_cat":[39,45],"product_tag":[50],"class_list":{"0":"post-5275","1":"product","2":"type-product","3":"status-publish","4":"has-post-thumbnail","6":"product_cat-branco","7":"product_cat-vinho","8":"product_tag-vinho","10":"first","11":"instock","12":"shipping-taxable","13":"purchasable","14":"product-type-simple"},"_links":{"self":[{"href":"https:\/\/quintadomontetravesso.com\/fr\/wp-json\/wp\/v2\/product\/5275","targetHints":{"allow":["GET"]}}],"collection":[{"href":"https:\/\/quintadomontetravesso.com\/fr\/wp-json\/wp\/v2\/product"}],"about":[{"href":"https:\/\/quintadomontetravesso.com\/fr\/wp-json\/wp\/v2\/types\/product"}],"wp:featuredmedia":[{"embeddable":true,"href":"https:\/\/quintadomontetravesso.com\/fr\/wp-json\/wp\/v2\/media\/5277"}],"wp:attachment":[{"href":"https:\/\/quintadomontetravesso.com\/fr\/wp-json\/wp\/v2\/media?parent=5275"}],"wp:term":[{"taxonomy":"product_brand","embeddable":true,"href":"https:\/\/quintadomontetravesso.com\/fr\/wp-json\/wp\/v2\/product_brand?post=5275"},{"taxonomy":"product_cat","embeddable":true,"href":"https:\/\/quintadomontetravesso.com\/fr\/wp-json\/wp\/v2\/product_cat?post=5275"},{"taxonomy":"product_tag","embeddable":true,"href":"https:\/\/quintadomontetravesso.com\/fr\/wp-json\/wp\/v2\/product_tag?post=5275"}],"curies":[{"name":"wp","href":"https:\/\/api.w.org\/{rel}","templated":true}]}}