{"id":4053,"date":"2022-05-03T19:41:57","date_gmt":"2022-05-03T19:41:57","guid":{"rendered":"https:\/\/quintadomontetravesso.com\/?post_type=product&#038;p=4053"},"modified":"2025-12-18T12:24:58","modified_gmt":"2025-12-18T12:24:58","slug":"quinta-do-monte-travesso-tinto","status":"publish","type":"product","link":"https:\/\/quintadomontetravesso.com\/fr\/loja-online\/quinta-do-monte-travesso-tinto\/","title":{"rendered":"Quinta do Monte Travesso - Rouge 2024"},"content":{"rendered":"<p class=\"p1\"><strong>D\u00e9nomination :<\/strong> DOC - Douro<\/p>\n<p class=\"p1\"><strong>C\u00e9pages :<\/strong> Touriga Nacional, Touriga Franca et Tinto C\u00e3o.<\/p>\n<p class=\"p1\"><strong>Caract\u00e9ristiques de production :<\/strong><\/p>\n<ul>\n<li class=\"p1\">Cima Corgo ;<\/li>\n<li class=\"p1\">Sol schisteux<\/li>\n<li class=\"p2\">Altitude moyenne de 450 m ;<\/li>\n<li class=\"p2\">\u00c2ge moyen des vignes : 25 ans<\/li>\n<\/ul>\n<p class=\"p1\"><strong>Vinification :<\/strong> Apr\u00e8s un ramassage soigneux des raisins dans des caisses de petite capacit\u00e9, les raisins sont compl\u00e8tement \u00e9grapp\u00e9s ; cette op\u00e9ration est suivie d'une fermentation alcoolique prolong\u00e9e (en partie dans des lagares avec foulage et en partie dans des cuves de fermentation) avec contr\u00f4le de la temp\u00e9rature, suivie d'une fermentation malo-lactique spontan\u00e9e.<\/p>\n<p class=\"p1\"><strong>Stage :<\/strong> 9 mois en f\u00fbts de ch\u00eane fran\u00e7ais usag\u00e9s de 500 litres.Filtration : Chartreuse + Membrane<\/p>\n<p class=\"p1\"><strong>Analyse physique et chimique : <\/strong>Alcool - 13,5% ; Acidit\u00e9 totale - 5,5 g\/dm3 ; pH - 3,64<\/p>\n<p class=\"p1\"><strong>Notes de d\u00e9gustation :<\/strong><\/p>\n<p class=\"p1\"><strong>Examen visuel :<\/strong> Transparent, couleur rubis ;<\/p>\n<p class=\"p1\"><strong>Examen olfactif :<\/strong> Complexit\u00e9 et \u00e9l\u00e9gance ; notes de fruits rouges, de terre humide et d'un l\u00e9ger go\u00fbt fum\u00e9 ;<\/p>\n<p class=\"p1\"><strong>Test de go\u00fbt :<\/strong> Bonne structure, avec une bonne attaque et une finale agr\u00e9able et persistante.<\/p>","protected":false},"excerpt":{"rendered":"<p>Denomina\u00e7\u00e3o: DOC \u2013 Douro Castas: Touriga Nacional, Touriga Franca e Tinto C\u00e3o. Caracter\u00edsticas de Produ\u00e7\u00e3o: Cima Corgo; Solo xistoso 450m altitude m\u00e9dia; Idade m\u00e9dia da vinha: 25 anos Vinifica\u00e7\u00e3o: Ap\u00f3s uma cuidada recolha das uvas em caixas de pequena capacidade, as uvas s\u00e3o totalmente desenga\u00e7adas; segue-se a Fermenta\u00e7\u00e3o Alco\u00f3lica prolongada (parte em lagares com pisa [&hellip;]<\/p>\n","protected":false},"featured_media":5281,"template":"","meta":[],"product_brand":[],"product_cat":[35,45],"product_tag":[50],"class_list":{"0":"post-4053","1":"product","2":"type-product","3":"status-publish","4":"has-post-thumbnail","6":"product_cat-tinto","7":"product_cat-vinho","8":"product_tag-vinho","10":"first","11":"instock","12":"shipping-taxable","13":"purchasable","14":"product-type-simple"},"_links":{"self":[{"href":"https:\/\/quintadomontetravesso.com\/fr\/wp-json\/wp\/v2\/product\/4053","targetHints":{"allow":["GET"]}}],"collection":[{"href":"https:\/\/quintadomontetravesso.com\/fr\/wp-json\/wp\/v2\/product"}],"about":[{"href":"https:\/\/quintadomontetravesso.com\/fr\/wp-json\/wp\/v2\/types\/product"}],"wp:featuredmedia":[{"embeddable":true,"href":"https:\/\/quintadomontetravesso.com\/fr\/wp-json\/wp\/v2\/media\/5281"}],"wp:attachment":[{"href":"https:\/\/quintadomontetravesso.com\/fr\/wp-json\/wp\/v2\/media?parent=4053"}],"wp:term":[{"taxonomy":"product_brand","embeddable":true,"href":"https:\/\/quintadomontetravesso.com\/fr\/wp-json\/wp\/v2\/product_brand?post=4053"},{"taxonomy":"product_cat","embeddable":true,"href":"https:\/\/quintadomontetravesso.com\/fr\/wp-json\/wp\/v2\/product_cat?post=4053"},{"taxonomy":"product_tag","embeddable":true,"href":"https:\/\/quintadomontetravesso.com\/fr\/wp-json\/wp\/v2\/product_tag?post=4053"}],"curies":[{"name":"wp","href":"https:\/\/api.w.org\/{rel}","templated":true}]}}