{"id":4049,"date":"2022-05-03T19:24:14","date_gmt":"2022-05-03T19:24:14","guid":{"rendered":"https:\/\/quintadomontetravesso.com\/?post_type=product&#038;p=4049"},"modified":"2025-12-18T12:32:33","modified_gmt":"2025-12-18T12:32:33","slug":"quinta-do-monte-travesso-reserva-tinto","status":"publish","type":"product","link":"https:\/\/quintadomontetravesso.com\/fr\/loja-online\/quinta-do-monte-travesso-reserva-tinto\/","title":{"rendered":"Quinta do Monte Travesso - R\u00e9serve rouge 2023"},"content":{"rendered":"<p class=\"p1\"><strong>D\u00e9nomination :<\/strong> DOC - Douro<\/p>\n<p class=\"p1\"><strong>C\u00e9pages :<\/strong> Touriga Nacional ; Touriga Franca et Sous\u00e3o.<\/p>\n<p class=\"p1\"><strong>Caract\u00e9ristiques de production :<\/strong><\/p>\n<ul>\n<li class=\"p1\">Cima Corgo ;<\/li>\n<li class=\"p1\">Sol schisteux ;<\/li>\n<li class=\"p1\">Altitude moyenne de 450 m ;<\/li>\n<li class=\"p1\">\u00c2ge moyen des vignes : 25 ans.<\/li>\n<\/ul>\n<p class=\"p1\"><strong>Vinification :<\/strong> Apr\u00e8s un ramassage soigneux des raisins dans des caisses de petite capacit\u00e9, ils sont compl\u00e8tement \u00e9grapp\u00e9s ; fermentation alcoolique prolong\u00e9e (en partie dans des moulins \u00e0 pied, en partie dans des cuves de petite capacit\u00e9) avec contr\u00f4le de la temp\u00e9rature, suivie d'une fermentation malo-lactique spontan\u00e9e.<\/p>\n<p class=\"p1\"><strong>Stage :<\/strong> 14 mois en f\u00fbts de ch\u00eane fran\u00e7ais de 225 litres<\/p>\n<p class=\"p1\"><strong>Filtration :<\/strong> Cartouche + membrane<\/p>\n<p class=\"p1\"><strong>Analyse physique et chimique :<\/strong> Alcool - 13,5% ; Acidit\u00e9 totale - 5,6 g\/dm<span class=\"s1\">3<\/span>; pH - 3,62<\/p>\n<p class=\"p1\"><strong>Notes de d\u00e9gustation :<\/strong><\/p>\n<p class=\"p1\"><strong>Examen visuel :<\/strong> Limpide, couleur rouge rubis fonc\u00e9<\/p>\n<p class=\"p1\"><strong>Examen olfactif :<\/strong> Tr\u00e8s complexe, avec des notes de fruits rouges, de confiture, de chocolat et un l\u00e9ger go\u00fbt fum\u00e9.<\/p>\n<p class=\"p1\"><strong>Test de go\u00fbt :<\/strong> Fra\u00eecheur, bon volume et tanins intenses avec beaucoup de structure. Finale longue et intense.<\/p>","protected":false},"excerpt":{"rendered":"<p>Denomina\u00e7\u00e3o: DOC \u2013 Douro Castas: Touriga Nacional; Touriga Franca e Sous\u00e3o. Caracter\u00edsticas de Produ\u00e7\u00e3o: Cima Corgo; Solo xistoso; 450m altitude m\u00e9dia; Idade m\u00e9dia da vinha: 25 anos. Vinifica\u00e7\u00e3o: Ap\u00f3s uma cuidada recolha das uvas em caixas de pequena capacidade, as uvas s\u00e3o totalmente desenga\u00e7adas; Fermenta\u00e7\u00e3o Alco\u00f3lica prolongada (parte em lagares com pisa a p\u00e9, parte [&hellip;]<\/p>\n","protected":false},"featured_media":5289,"template":"","meta":[],"product_brand":[],"product_cat":[49,35,45],"product_tag":[50],"class_list":{"0":"post-4049","1":"product","2":"type-product","3":"status-publish","4":"has-post-thumbnail","6":"product_cat-reserva","7":"product_cat-tinto","8":"product_cat-vinho","9":"product_tag-vinho","11":"first","12":"instock","13":"shipping-taxable","14":"purchasable","15":"product-type-simple"},"_links":{"self":[{"href":"https:\/\/quintadomontetravesso.com\/fr\/wp-json\/wp\/v2\/product\/4049","targetHints":{"allow":["GET"]}}],"collection":[{"href":"https:\/\/quintadomontetravesso.com\/fr\/wp-json\/wp\/v2\/product"}],"about":[{"href":"https:\/\/quintadomontetravesso.com\/fr\/wp-json\/wp\/v2\/types\/product"}],"wp:featuredmedia":[{"embeddable":true,"href":"https:\/\/quintadomontetravesso.com\/fr\/wp-json\/wp\/v2\/media\/5289"}],"wp:attachment":[{"href":"https:\/\/quintadomontetravesso.com\/fr\/wp-json\/wp\/v2\/media?parent=4049"}],"wp:term":[{"taxonomy":"product_brand","embeddable":true,"href":"https:\/\/quintadomontetravesso.com\/fr\/wp-json\/wp\/v2\/product_brand?post=4049"},{"taxonomy":"product_cat","embeddable":true,"href":"https:\/\/quintadomontetravesso.com\/fr\/wp-json\/wp\/v2\/product_cat?post=4049"},{"taxonomy":"product_tag","embeddable":true,"href":"https:\/\/quintadomontetravesso.com\/fr\/wp-json\/wp\/v2\/product_tag?post=4049"}],"curies":[{"name":"wp","href":"https:\/\/api.w.org\/{rel}","templated":true}]}}