{"id":4042,"date":"2022-05-03T19:12:48","date_gmt":"2022-05-03T19:12:48","guid":{"rendered":"https:\/\/quintadomontetravesso.com\/?post_type=product&#038;p=4042"},"modified":"2025-12-18T12:38:07","modified_gmt":"2025-12-18T12:38:07","slug":"quinta-do-monte-travesso-branco-reserva","status":"publish","type":"product","link":"https:\/\/quintadomontetravesso.com\/fr\/loja-online\/quinta-do-monte-travesso-branco-reserva\/","title":{"rendered":"Quinta do Monte Travesso - R\u00e9serve blanche vieilles vignes 2022"},"content":{"rendered":"<p class=\"p1\"><strong>D\u00e9nomination :<\/strong> DOC - Douro<\/p>\n<p class=\"p1\"><strong>C\u00e9pages :<\/strong> VINHAS VELHAS avec 24 c\u00e9pages identifi\u00e9s par les descripteurs de l'OIV (Gouveio, Viosinho et Rabigato pr\u00e9dominent).<\/p>\n<p class=\"p1\"><strong>Caract\u00e9ristiques de production :<\/strong><\/p>\n<ul>\n<li class=\"p1\">Cima Corgo ;<\/li>\n<li class=\"p1\">Sol schisteux ;<\/li>\n<li class=\"p2\">480 m\u00e8tres au-dessus du niveau de la mer ;<\/li>\n<li class=\"p1\">90 ans.<\/li>\n<\/ul>\n<p class=\"p1\"><strong>Vinification :<\/strong> Apr\u00e8s un ramassage soigneux des raisins dans des caisses de petite capacit\u00e9, ils sont soigneusement press\u00e9s dans un pressoir pneumatique ; suivi d'une d\u00e9cantation pendant 24 heures ; la fermentation commence dans des cuves en acier inoxydable, suivie d'un passage dans des f\u00fbts de 500 litres \u00e0 temp\u00e9rature contr\u00f4l\u00e9e, o\u00f9 la fermentation s'ach\u00e8ve en douceur ; batonnage p\u00e9riodique et poursuite de l'\u00e9levage en f\u00fbts jusqu'\u00e0 la fin du mois d'avril.<\/p>\n<p class=\"p1\"><strong>Filtration :<\/strong> Cartouche + membrane<\/p>\n<p class=\"p1\"><strong>Analyse physique et chimique :<\/strong> Alcool - 13,5% ; Acidit\u00e9 totale - 5,8 g\/dm3 ; pH - 3,26<\/p>\n<p class=\"p1\"><strong>Notes de d\u00e9gustation :<\/strong><\/p>\n<p class=\"p1\"><strong>Examen visuel :<\/strong> Couleur claire d'agrumes<\/p>\n<p class=\"p1\"><strong>Examen olfactif :<\/strong> Agrumes, fum\u00e9e et \u00e9pices bien int\u00e9gr\u00e9es.<\/p>\n<p class=\"p1\"><strong>Test de go\u00fbt :<\/strong> Un vin avec une excellente structure et une min\u00e9ralit\u00e9 tr\u00e8s particuli\u00e8re qui lui conf\u00e8re fra\u00eecheur et persistance.<\/p>","protected":false},"excerpt":{"rendered":"<p>Denomina\u00e7\u00e3o: DOC \u2013 Douro Castas: VINHAS VELHAS com 24 castas identificadas com descritores da OIV (predominam Gouveio, Viosinho e Rabigato). Caracter\u00edsticas de Produ\u00e7\u00e3o: Cima Corgo; Solo xistoso; 480m altitude; 90 anos. Vinifica\u00e7\u00e3o: Ap\u00f3s uma cuidada recolha das uvas em caixas de pequena capacidade, as uvas s\u00e3o cuidadosamente prensadas em prensa pneum\u00e1tica; segue-se a decanta\u00e7\u00e3o durante [&hellip;]<\/p>\n","protected":false},"featured_media":5288,"template":"","meta":[],"product_brand":[],"product_cat":[39,49,45],"product_tag":[50],"class_list":{"0":"post-4042","1":"product","2":"type-product","3":"status-publish","4":"has-post-thumbnail","6":"product_cat-branco","7":"product_cat-reserva","8":"product_cat-vinho","9":"product_tag-vinho","11":"first","12":"instock","13":"shipping-taxable","14":"purchasable","15":"product-type-simple"},"_links":{"self":[{"href":"https:\/\/quintadomontetravesso.com\/fr\/wp-json\/wp\/v2\/product\/4042","targetHints":{"allow":["GET"]}}],"collection":[{"href":"https:\/\/quintadomontetravesso.com\/fr\/wp-json\/wp\/v2\/product"}],"about":[{"href":"https:\/\/quintadomontetravesso.com\/fr\/wp-json\/wp\/v2\/types\/product"}],"wp:featuredmedia":[{"embeddable":true,"href":"https:\/\/quintadomontetravesso.com\/fr\/wp-json\/wp\/v2\/media\/5288"}],"wp:attachment":[{"href":"https:\/\/quintadomontetravesso.com\/fr\/wp-json\/wp\/v2\/media?parent=4042"}],"wp:term":[{"taxonomy":"product_brand","embeddable":true,"href":"https:\/\/quintadomontetravesso.com\/fr\/wp-json\/wp\/v2\/product_brand?post=4042"},{"taxonomy":"product_cat","embeddable":true,"href":"https:\/\/quintadomontetravesso.com\/fr\/wp-json\/wp\/v2\/product_cat?post=4042"},{"taxonomy":"product_tag","embeddable":true,"href":"https:\/\/quintadomontetravesso.com\/fr\/wp-json\/wp\/v2\/product_tag?post=4042"}],"curies":[{"name":"wp","href":"https:\/\/api.w.org\/{rel}","templated":true}]}}