{"id":4040,"date":"2022-05-03T19:09:59","date_gmt":"2022-05-03T19:09:59","guid":{"rendered":"https:\/\/quintadomontetravesso.com\/?post_type=product&#038;p=4040"},"modified":"2025-12-18T12:20:59","modified_gmt":"2025-12-18T12:20:59","slug":"quinta-do-monte-travesso-branco","status":"publish","type":"product","link":"https:\/\/quintadomontetravesso.com\/fr\/loja-online\/quinta-do-monte-travesso-branco\/","title":{"rendered":"Quinta do Monte Travesso - Blanc 2024"},"content":{"rendered":"<p class=\"p1\"><strong>D\u00e9nomination :<\/strong> DOC - Douro<\/p>\n<p class=\"p1\"><strong>C\u00e9pages :<\/strong> Gouveio ; Viosinho ; Rabigato avec un composant de Vinhas Velhas.<\/p>\n<p class=\"p1\"><strong>Caract\u00e9ristiques de production :<\/strong><\/p>\n<ul>\n<li class=\"p2\">Cima Corgo ;<\/li>\n<li class=\"p2\">Sol schisteux ;<\/li>\n<li class=\"p2\">450 m\u00e8tres au-dessus du niveau de la mer ;<\/li>\n<li class=\"p2\">Vieilles vignes de 90 ans + Vignes plant\u00e9es en 2014<\/li>\n<\/ul>\n<p class=\"p1\"><strong>Vinification :<\/strong> Apr\u00e8s un ramassage soigneux des raisins dans de petites caisses, ils sont soigneusement press\u00e9s, suivis d'une d\u00e9cantation de 24 heures et d'une fermentation prolong\u00e9e dans des cuves en acier inoxydable \u00e0 temp\u00e9rature contr\u00f4l\u00e9e.<\/p>\n<p class=\"p1\"><strong>Filtration :<\/strong> Cartouche + membrane<\/p>\n<p class=\"p1\"><strong>Analyse physique et chimique : <\/strong>Alcool - 13% ; Acidit\u00e9 totale - 6,3 g\/dm3 ; pH - 3,20<\/p>\n<p class=\"p1\"><strong>Notes de d\u00e9gustation :<\/strong><\/p>\n<p class=\"p1\"><strong>Examen visuel :<\/strong> Limpide, couleur vert citron.<\/p>\n<p class=\"p1\"><strong>Examen olfactif :<\/strong> Fra\u00eeche et citronn\u00e9e. Notes de fruits tropicaux tels que le fruit de la passion et l'ananas.<\/p>\n<p class=\"p1\"><strong>Test de go\u00fbt :<\/strong> Frais et \u00e9l\u00e9gant. Le c\u00f4t\u00e9 plus complexe de l'int\u00e9gration des vieilles vignes dans l'assemblage final. Bonne persistance et fra\u00eecheur.<\/p>","protected":false},"excerpt":{"rendered":"<p>Denomina\u00e7\u00e3o: DOC \u2013 Douro Castas: Gouveio; Viosinho; Rabigato com componente de Vinhas Velhas. Caracter\u00edsticas de Produ\u00e7\u00e3o: Cima Corgo; Solo xistoso; 450m altitude; Vinha velha com 90 anos + Vinhas plantadas em 2014 Vinifica\u00e7\u00e3o: Ap\u00f3s uma cuidada recolha das uvas em caixas de pequena capacidade, as uvas s\u00e3o cuidadosamente prensadas; segue-se uma decanta\u00e7\u00e3o durante 24 horas; [&hellip;]<\/p>\n","protected":false},"featured_media":5282,"template":"","meta":[],"product_brand":[],"product_cat":[39,45],"product_tag":[50],"class_list":{"0":"post-4040","1":"product","2":"type-product","3":"status-publish","4":"has-post-thumbnail","6":"product_cat-branco","7":"product_cat-vinho","8":"product_tag-vinho","10":"first","11":"instock","12":"shipping-taxable","13":"purchasable","14":"product-type-simple"},"_links":{"self":[{"href":"https:\/\/quintadomontetravesso.com\/fr\/wp-json\/wp\/v2\/product\/4040","targetHints":{"allow":["GET"]}}],"collection":[{"href":"https:\/\/quintadomontetravesso.com\/fr\/wp-json\/wp\/v2\/product"}],"about":[{"href":"https:\/\/quintadomontetravesso.com\/fr\/wp-json\/wp\/v2\/types\/product"}],"wp:featuredmedia":[{"embeddable":true,"href":"https:\/\/quintadomontetravesso.com\/fr\/wp-json\/wp\/v2\/media\/5282"}],"wp:attachment":[{"href":"https:\/\/quintadomontetravesso.com\/fr\/wp-json\/wp\/v2\/media?parent=4040"}],"wp:term":[{"taxonomy":"product_brand","embeddable":true,"href":"https:\/\/quintadomontetravesso.com\/fr\/wp-json\/wp\/v2\/product_brand?post=4040"},{"taxonomy":"product_cat","embeddable":true,"href":"https:\/\/quintadomontetravesso.com\/fr\/wp-json\/wp\/v2\/product_cat?post=4040"},{"taxonomy":"product_tag","embeddable":true,"href":"https:\/\/quintadomontetravesso.com\/fr\/wp-json\/wp\/v2\/product_tag?post=4040"}],"curies":[{"name":"wp","href":"https:\/\/api.w.org\/{rel}","templated":true}]}}