{"id":3998,"date":"2022-04-30T15:46:40","date_gmt":"2022-04-30T15:46:40","guid":{"rendered":"https:\/\/quintadomontetravesso.com\/?product=hoodie-with-logo"},"modified":"2025-12-18T12:20:02","modified_gmt":"2025-12-18T12:20:02","slug":"tinto-reserva","status":"publish","type":"product","link":"https:\/\/quintadomontetravesso.com\/fr\/loja-online\/tinto-reserva\/","title":{"rendered":"Travesso - Rouge 2023"},"content":{"rendered":"<p class=\"p1\"><strong>D\u00e9nomination :<\/strong> DOC - Douro<\/p>\n<p class=\"p1\"><strong>C\u00e9pages :<\/strong> Touriga Nacional, Touriga Franca et Tinta Roriz.<\/p>\n<p class=\"p1\"><strong>Caract\u00e9ristiques de production :<\/strong><\/p>\n<ul>\n<li class=\"p1\">Cima Corgo ;<\/li>\n<li class=\"p1\">Sol schisteux ;<\/li>\n<li class=\"p2\">Altitude moyenne de 450 m ;<\/li>\n<li class=\"p2\">Idade m\u00e9dia da vinha: 25 anos.;<\/li>\n<\/ul>\n<p class=\"p1\"><strong>Vinification :<\/strong> Apr\u00e8s un ramassage soigneux des raisins dans de petites caisses, ils sont soigneusement press\u00e9s, suivis d'une d\u00e9cantation de 24 heures et d'une fermentation prolong\u00e9e dans des cuves en acier inoxydable \u00e0 temp\u00e9rature contr\u00f4l\u00e9e.<\/p>\n<p class=\"p1\"><strong>Stage :<\/strong> En acier inoxydable puis en bouteille<\/p>\n<p class=\"p1\"><strong>Filtration :<\/strong> Cartouche + membrane<\/p>\n<p class=\"p1\"><strong>Analyse physique et chimique : <\/strong>\u00c1lcool \u2013 13,5%; Acidez Total \u2013 5,0 g\/dm3; pH \u2013 3,67<\/p>\n<p class=\"p1\"><strong>Notes de d\u00e9gustation :<\/strong><\/p>\n<p class=\"p1\"><strong>Examen visuel :<\/strong> Limpide, de couleur rouge rubis ;<\/p>\n<p class=\"p1\"><strong>Examen olfactif :<\/strong> Notes de fruits rouges m\u00fbrs comme la cerise et la fraise ;<\/p>\n<p class=\"p1\"><strong>Test de go\u00fbt :<\/strong> Un vin tr\u00e8s doux, rond, avec une bonne persistance et une finale qui en font un vin agr\u00e9able \u00e0 boire.<\/p>","protected":false},"excerpt":{"rendered":"<p>Denomina\u00e7\u00e3o: DOC \u2013 Douro Castas: Touriga Nacional, Touriga Franca e Tinta Roriz. Caracter\u00edsticas de Produ\u00e7\u00e3o: Cima Corgo; Solo xistoso; 450m altitude m\u00e9dia; Idade m\u00e9dia da vinha: 25 anos.; Vinifica\u00e7\u00e3o: Ap\u00f3s uma cuidada recolha das uvas em caixas de pequena capacidade, as uvas s\u00e3o cuidadosamente prensadas; segue-se uma decanta\u00e7\u00e3o durante 24 horas; fermenta\u00e7\u00e3o prolongada em cuba [&hellip;]<\/p>\n","protected":false},"featured_media":5279,"template":"","meta":[],"product_brand":[],"product_cat":[35,45],"product_tag":[50],"class_list":{"0":"post-3998","1":"product","2":"type-product","3":"status-publish","4":"has-post-thumbnail","6":"product_cat-tinto","7":"product_cat-vinho","8":"product_tag-vinho","10":"first","11":"instock","12":"shipping-taxable","13":"purchasable","14":"product-type-simple"},"_links":{"self":[{"href":"https:\/\/quintadomontetravesso.com\/fr\/wp-json\/wp\/v2\/product\/3998","targetHints":{"allow":["GET"]}}],"collection":[{"href":"https:\/\/quintadomontetravesso.com\/fr\/wp-json\/wp\/v2\/product"}],"about":[{"href":"https:\/\/quintadomontetravesso.com\/fr\/wp-json\/wp\/v2\/types\/product"}],"wp:featuredmedia":[{"embeddable":true,"href":"https:\/\/quintadomontetravesso.com\/fr\/wp-json\/wp\/v2\/media\/5279"}],"wp:attachment":[{"href":"https:\/\/quintadomontetravesso.com\/fr\/wp-json\/wp\/v2\/media?parent=3998"}],"wp:term":[{"taxonomy":"product_brand","embeddable":true,"href":"https:\/\/quintadomontetravesso.com\/fr\/wp-json\/wp\/v2\/product_brand?post=3998"},{"taxonomy":"product_cat","embeddable":true,"href":"https:\/\/quintadomontetravesso.com\/fr\/wp-json\/wp\/v2\/product_cat?post=3998"},{"taxonomy":"product_tag","embeddable":true,"href":"https:\/\/quintadomontetravesso.com\/fr\/wp-json\/wp\/v2\/product_tag?post=3998"}],"curies":[{"name":"wp","href":"https:\/\/api.w.org\/{rel}","templated":true}]}}