{"id":3159,"date":"2022-03-28T18:20:05","date_gmt":"2022-03-28T18:20:05","guid":{"rendered":"https:\/\/yonwine.com\/?page_id=3159"},"modified":"2026-02-20T11:39:45","modified_gmt":"2026-02-20T11:39:45","slug":"politica-de-cookies","status":"publish","type":"page","link":"https:\/\/quintadomontetravesso.com\/fr\/politica-de-cookies\/","title":{"rendered":"Politica de Cookies"},"content":{"rendered":"<div data-elementor-type=\"wp-page\" data-elementor-id=\"3159\" class=\"elementor elementor-3159\" data-elementor-post-type=\"page\">\n\t\t\t\t\t\t<section class=\"elementor-section elementor-top-section elementor-element elementor-element-a665019 elementor-section-height-min-height elementor-section-boxed elementor-section-height-default elementor-section-items-middle\" data-id=\"a665019\" data-element_type=\"section\" data-e-type=\"section\" data-settings=\"{&quot;background_background&quot;:&quot;classic&quot;}\">\n\t\t\t\t\t\t\t<div class=\"elementor-background-overlay\"><\/div>\n\t\t\t\t\t\t\t<div class=\"elementor-container elementor-column-gap-default\">\n\t\t\t\t\t<div class=\"elementor-column elementor-col-100 elementor-top-column elementor-element elementor-element-62cd913\" data-id=\"62cd913\" data-element_type=\"column\" data-e-type=\"column\">\n\t\t\t<div class=\"elementor-widget-wrap elementor-element-populated\">\n\t\t\t\t\t\t<div class=\"elementor-element elementor-element-052f678 elementor-widget elementor-widget-heading\" data-id=\"052f678\" data-element_type=\"widget\" data-e-type=\"widget\" data-widget_type=\"heading.default\">\n\t\t\t\t<div class=\"elementor-widget-container\">\n\t\t\t\t\t<h2 class=\"elementor-heading-title elementor-size-default\">Politique en mati\u00e8re de cookies<\/h2>\t\t\t\t<\/div>\n\t\t\t\t<\/div>\n\t\t\t\t\t<\/div>\n\t\t<\/div>\n\t\t\t\t\t<\/div>\n\t\t<\/section>\n\t\t\t\t<section class=\"elementor-section elementor-top-section elementor-element elementor-element-8bd24e3 elementor-section-height-min-height elementor-section-boxed elementor-section-height-default elementor-section-items-middle\" data-id=\"8bd24e3\" data-element_type=\"section\" data-e-type=\"section\" data-settings=\"{&quot;background_background&quot;:&quot;classic&quot;}\">\n\t\t\t\t\t\t\t<div class=\"elementor-background-overlay\"><\/div>\n\t\t\t\t\t\t\t<div class=\"elementor-container elementor-column-gap-extended\">\n\t\t\t\t\t<div class=\"elementor-column elementor-col-100 elementor-top-column elementor-element elementor-element-aa3d02a\" data-id=\"aa3d02a\" data-element_type=\"column\" data-e-type=\"column\">\n\t\t\t<div class=\"elementor-widget-wrap elementor-element-populated\">\n\t\t\t\t\t\t<div class=\"elementor-element elementor-element-9f4d9fe elementor-widget elementor-widget-text-editor\" data-id=\"9f4d9fe\" data-element_type=\"widget\" data-e-type=\"widget\" data-widget_type=\"text-editor.default\">\n\t\t\t\t<div class=\"elementor-widget-container\">\n\t\t\t\t\t\t\t\t\t<h3><span class=\"goog-text-highlight\">QU'EST-CE QU'UN BISCUIT ?<\/span><\/h3><p>Un cookie est un fichier d'information qui est automatiquement plac\u00e9 sur le disque dur de l'ordinateur de l'utilisateur lorsqu'il acc\u00e8de \u00e0 certains sites web. Le cookie identifie votre navigateur web sur le serveur, ce qui lui permet de stocker l'information, d'offrir une meilleure exp\u00e9rience de navigation \u00e0 l'utilisateur web, d'obtenir des informations plus pertinentes pour naviguer sur notre site et\/ou d'en faire un meilleur usage.<\/p><p>La plupart des programmes de navigation permettent d'accepter les cookies, bien qu'il soit possible de configurer le navigateur pour qu'il refuse tous les cookies (voir ci-dessous) ou pour qu'il indique lorsqu'un cookie est sur le point d'\u00eatre envoy\u00e9. Veuillez noter que certaines parties de notre site web peuvent ne pas fonctionner correctement si les cookies sont refus\u00e9s.<\/p><h3>\u00a0<\/h3><h3>POURQUOI UTILISONS-NOUS DES COOKIES ?<\/h3><p>Ce site utilise des cookies (directement ou par l'interm\u00e9diaire de ses partenaires). Les cookies collect\u00e9s sont utilis\u00e9s exclusivement par <strong>Quinta do Monte Travesso<\/strong>, Google utilise vos donn\u00e9es directement ou par l'interm\u00e9diaire de ses prestataires de services, \u00e0 l'exception des cookies de Google Analytics utilis\u00e9s sur le site. Vous pouvez obtenir de plus amples informations sur les conditions d'utilisation de vos donn\u00e9es par Google \u00e0 l'adresse suivante :\u00a0 <a href=\"https:\/\/developers.google.com\/analytics\/resources\/concepts\/gaConceptsCookies\" target=\"_blank\" rel=\"noopener\">https:\/\/developers.google.com\/analytics\/resources\/concepts\/gaConceptsCookies<\/a>\u00a0.<\/p><p>L'utilisation de cookies a pour but d'am\u00e9liorer les performances de notre site web et de maximiser votre exp\u00e9rience de navigation, ainsi qu'\u00e0 des fins de marketing et d'optimisation des solutions et services que nous fournissons. <strong>Quinta do Monte Travesso<\/strong> met \u00e0 la disposition des utilisateurs de votre site web.<\/p><h3>\u00a0<\/h3><h3>COMMENT BLOQUER\/D\u00c9SACTIVER LES COOKIES<\/h3><p>Tous les navigateurs permettent \u00e0 l'utilisateur d'accepter, de refuser ou de supprimer les cookies, notamment en s\u00e9lectionnant les param\u00e8tres de leur navigateur.<\/p><p>Gardez donc \u00e0 l'esprit que la d\u00e9sactivation des cookies peut affecter partiellement ou totalement votre exp\u00e9rience de navigation sur le site.<\/p><p>Vous pouvez configurer les cookies dans le menu \u201coptions\u201d ou \u201cpr\u00e9f\u00e9rences\u201d de votre navigateur. Vous trouverez ci-dessous les diff\u00e9rentes mani\u00e8res de d\u00e9sactiver les cookies, en fonction de votre navigateur :<\/p><h3>\u00a0<\/h3><h3>INTERNET EXPLORER<\/h3><ol><li>Cliquez sur le menu \u201cOutils\u201d et choisissez \u201cOptions Internet\u201d ;<\/li><li>S\u00e9lectionnez \u201cVie priv\u00e9e\u201d ;<\/li><li>D\u00e9placez la barre jusqu'\u00e0 ce que l'option \u201cBloquer tous les cookies\u201d apparaisse.<\/li><\/ol><h3><span class=\"\">\u00a0<\/span><\/h3><h3><span class=\"\">FIREFOX<\/span><\/h3><ol><li>Cliquez sur le menu \u201cOutils\u201d ;<\/li><li>S\u00e9lectionnez les options\u201d ;<\/li><li>S\u00e9lectionnez ensuite \u201cVie priv\u00e9e\u201d ;<\/li><li>Dans la section \u201cCookies\u201d, d\u00e9sactivez l'option \u201cAccepter les cookies des sites web\u201d ;<\/li><li>Cliquez sur \u201cOK\u201d pour enregistrer les modifications et fermer.<\/li><\/ol><h3>\u00a0<\/h3><h3>CHROME<\/h3><ol><li>Cliquez sur \u201cPersonnaliser et contr\u00f4ler Google Chrome\u201d ;<\/li><li>S\u00e9lectionnez l'option \u201cOutils\u201d.<\/li><li>Cliquez sur \u201cEffacer les donn\u00e9es de navigation\u201d ;<\/li><li>Dans la case \u00e0 cocher \u201cOblit\u00e9rer ce qui suit \u00e0 partir de :\u201d, s\u00e9lectionnez l'option \u201cd\u00e9but de l'heure\u201d ;<\/li><li>Activer ou d\u00e9sactiver :<\/li><li>Pour activer les cookies, s\u00e9lectionnez \u201cAutoriser le param\u00e9trage des donn\u00e9es locales (recommand\u00e9)\u201d.<\/li><li>Pour d\u00e9sactiver les cookies, s\u00e9lectionnez \u201cBloquer les param\u00e8tres de toute donn\u00e9e par les sites web\u201d.\u201d<\/li><\/ol><h3>\u00a0<\/h3><h3>SAFARI<\/h3><ol><li>Cliquez sur \u201cModifier\u201d ;<\/li><li>S\u00e9lectionnez \u201cPr\u00e9f\u00e9rences\u201d ;<\/li><li>Dans le panneau sup\u00e9rieur, s\u00e9lectionnez \u201cS\u00e9curit\u00e9\u201d ;<\/li><li>Dans la section \u201cAccepter les cookies\u201d, s\u00e9lectionnez \u201cJamais\u201d.<\/li><\/ol><p>A <strong>Quinta do Monte Travesso, Unipessoal Lda<\/strong> se r\u00e9serve le droit, \u00e0 tout moment, sans pr\u00e9avis et avec effet imm\u00e9diat, de modifier, d'ajouter, de mettre \u00e0 jour ou de supprimer, partiellement ou totalement, ces informations sur les cookies.<\/p><p>L'utilisateur doit v\u00e9rifier r\u00e9guli\u00e8rement cette page pour confirmer toute modification ou mise \u00e0 jour.<\/p><p>Pour en savoir plus sur les cookies, visitez le site : <a href=\"https:\/\/www.allaboutcookies.org\/verify\">www.allaboutcookies.org<\/a>, o\u00f9 vous trouverez plus d'informations sur la mani\u00e8re d'ex\u00e9cuter vos param\u00e8tres dans diff\u00e9rents navigateurs.<\/p>\t\t\t\t\t\t\t\t<\/div>\n\t\t\t\t<\/div>\n\t\t\t\t\t<\/div>\n\t\t<\/div>\n\t\t\t\t\t<\/div>\n\t\t<\/section>\n\t\t\t\t<\/div>","protected":false},"excerpt":{"rendered":"<p>Pol\u00edtica de Cookies O QUE S\u00c3O COOKIES? Um cookie \u00e9 um arquivo de informa\u00e7\u00e3o que \u00e9 colocado automaticamente nos discos r\u00edgidos do computador do utilizador, quando ele acede a determinados sites. O cookie identifica o seu navegador web no servidor, permitindo-lhe armazenar a informa\u00e7\u00e3o, proporcionando uma melhor experi\u00eancia de navega\u00e7\u00e3o ao utilizador web, obtendo informa\u00e7\u00f5es [&hellip;]<\/p>\n","protected":false},"author":1,"featured_media":0,"parent":0,"menu_order":0,"comment_status":"closed","ping_status":"closed","template":"elementor_header_footer","meta":{"footnotes":""},"class_list":["post-3159","page","type-page","status-publish","hentry"],"_links":{"self":[{"href":"https:\/\/quintadomontetravesso.com\/fr\/wp-json\/wp\/v2\/pages\/3159","targetHints":{"allow":["GET"]}}],"collection":[{"href":"https:\/\/quintadomontetravesso.com\/fr\/wp-json\/wp\/v2\/pages"}],"about":[{"href":"https:\/\/quintadomontetravesso.com\/fr\/wp-json\/wp\/v2\/types\/page"}],"author":[{"embeddable":true,"href":"https:\/\/quintadomontetravesso.com\/fr\/wp-json\/wp\/v2\/users\/1"}],"replies":[{"embeddable":true,"href":"https:\/\/quintadomontetravesso.com\/fr\/wp-json\/wp\/v2\/comments?post=3159"}],"version-history":[{"count":22,"href":"https:\/\/quintadomontetravesso.com\/fr\/wp-json\/wp\/v2\/pages\/3159\/revisions"}],"predecessor-version":[{"id":5470,"href":"https:\/\/quintadomontetravesso.com\/fr\/wp-json\/wp\/v2\/pages\/3159\/revisions\/5470"}],"wp:attachment":[{"href":"https:\/\/quintadomontetravesso.com\/fr\/wp-json\/wp\/v2\/media?parent=3159"}],"curies":[{"name":"wp","href":"https:\/\/api.w.org\/{rel}","templated":true}]}}