{"id":5300,"date":"2025-12-15T16:49:10","date_gmt":"2025-12-15T16:49:10","guid":{"rendered":"https:\/\/quintadomontetravesso.com\/?post_type=product&#038;p=5300"},"modified":"2025-12-18T12:26:53","modified_gmt":"2025-12-18T12:26:53","slug":"quinta-do-monte-travesso-gouveio-2024","status":"publish","type":"product","link":"https:\/\/quintadomontetravesso.com\/es\/loja-online\/quinta-do-monte-travesso-gouveio-2024\/","title":{"rendered":"Quinta do Monte Travesso - Gouveio 2024"},"content":{"rendered":"<p class=\"p1\"><strong>Denominaci\u00f3n:<\/strong> DOC - Douro<\/p>\n<p class=\"p1\"><strong>Variedades de uva:<\/strong> 100% GOUVEIO.<\/p>\n<p class=\"p1\"><strong>Caracter\u00edsticas de producci\u00f3n:<\/strong><\/p>\n<ul>\n<li class=\"p1\">Cima Corgo;<\/li>\n<li class=\"p1\">Suelo de esquisto;<\/li>\n<li class=\"p2\">450 metros sobre el nivel del mar;<\/li>\n<li class=\"p3\">Edad media de la vid: 25 a\u00f1os;<\/li>\n<\/ul>\n<p class=\"p1\"><strong>Vinificaci\u00f3n:<\/strong> Tras una cuidadosa recogida de las uvas en cajas de peque\u00f1a capacidad, se prensan cuidadosamente en una prensa neum\u00e1tica; a continuaci\u00f3n se procede a la decantaci\u00f3n durante 24 horas a baja temperatura; fermentaci\u00f3n prolongada en cubas de acero inoxidable con control de temperatura para preservar los aromas varietales de las uvas.<\/p>\n<p class=\"p1\"><strong>Filtraci\u00f3n:<\/strong> Cartucho + Membrana<\/p>\n<p class=\"p1\"><strong>An\u00e1lisis f\u00edsicos y qu\u00edmicos: <\/strong>Alcohol - 13%; Acidez total - 7 g\/dm3; pH - 3,10<\/p>\n<p class=\"p1\"><strong>Notas de cata:<\/strong><\/p>\n<p class=\"p1\"><strong>Examen visual:<\/strong> Color c\u00edtrico claro.<\/p>\n<p class=\"p1\"><strong>Examen olfativo:<\/strong> Fresco y mineral con notas de frutas tropicales y c\u00edtricos<\/p>\n<p class=\"p1\"><strong>Prueba de sabor:<\/strong> Equilibrado, lo que lo convierte en un vino elegante con una frescura t\u00edpica de la variedad de uva que le confiere un car\u00e1cter exclusivo.<\/p>","protected":false},"excerpt":{"rendered":"<p>Denomina\u00e7\u00e3o: DOC \u2013 Douro Castas: 100% GOUVEIO. Caracter\u00edsticas de Produ\u00e7\u00e3o: Cima Corgo; Solo xistoso; 450m altitude; Idade m\u00e9dia da vinha: 25 anos; Vinifica\u00e7\u00e3o: Ap\u00f3s uma cuidada recolha das uvas em caixas de pequena capacidade, as uvas s\u00e3o cuidadosamente prensadas em prensa pneum\u00e1tica; segue-se a decanta\u00e7\u00e3o durante 24 horas a baixa temperatura; fermenta\u00e7\u00e3o prolongada em cuba [&hellip;]<\/p>\n","protected":false},"featured_media":5283,"template":"","meta":[],"product_brand":[],"product_cat":[39,45],"product_tag":[50],"class_list":{"0":"post-5300","1":"product","2":"type-product","3":"status-publish","4":"has-post-thumbnail","6":"product_cat-branco","7":"product_cat-vinho","8":"product_tag-vinho","10":"first","11":"instock","12":"shipping-taxable","13":"purchasable","14":"product-type-simple"},"_links":{"self":[{"href":"https:\/\/quintadomontetravesso.com\/es\/wp-json\/wp\/v2\/product\/5300","targetHints":{"allow":["GET"]}}],"collection":[{"href":"https:\/\/quintadomontetravesso.com\/es\/wp-json\/wp\/v2\/product"}],"about":[{"href":"https:\/\/quintadomontetravesso.com\/es\/wp-json\/wp\/v2\/types\/product"}],"wp:featuredmedia":[{"embeddable":true,"href":"https:\/\/quintadomontetravesso.com\/es\/wp-json\/wp\/v2\/media\/5283"}],"wp:attachment":[{"href":"https:\/\/quintadomontetravesso.com\/es\/wp-json\/wp\/v2\/media?parent=5300"}],"wp:term":[{"taxonomy":"product_brand","embeddable":true,"href":"https:\/\/quintadomontetravesso.com\/es\/wp-json\/wp\/v2\/product_brand?post=5300"},{"taxonomy":"product_cat","embeddable":true,"href":"https:\/\/quintadomontetravesso.com\/es\/wp-json\/wp\/v2\/product_cat?post=5300"},{"taxonomy":"product_tag","embeddable":true,"href":"https:\/\/quintadomontetravesso.com\/es\/wp-json\/wp\/v2\/product_tag?post=5300"}],"curies":[{"name":"wp","href":"https:\/\/api.w.org\/{rel}","templated":true}]}}