{"id":5299,"date":"2025-12-15T16:45:01","date_gmt":"2025-12-15T16:45:01","guid":{"rendered":"https:\/\/quintadomontetravesso.com\/?post_type=product&#038;p=5299"},"modified":"2025-12-18T12:35:01","modified_gmt":"2025-12-18T12:35:01","slug":"travesso-clarete","status":"publish","type":"product","link":"https:\/\/quintadomontetravesso.com\/es\/loja-online\/travesso-clarete\/","title":{"rendered":"Travesso - Clarete 2022"},"content":{"rendered":"<p class=\"p1\"><strong>Denominaci\u00f3n:<\/strong> DOC - Douro<\/p>\n<p class=\"p1\"><strong>Variedades de uva:<\/strong> Touriga Nacional, Touriga Francesa y Tinta Roriz.<\/p>\n<p class=\"p1\"><strong>Caracter\u00edsticas de producci\u00f3n:<\/strong><\/p>\n<ul>\n<li class=\"p1\">Cima Corgo;<\/li>\n<li class=\"p1\">Suelo de esquisto;<\/li>\n<li class=\"p2\">450 m de altitud media;<\/li>\n<li class=\"p3\">Edad media de la vid: 15 a\u00f1os;<\/li>\n<\/ul>\n<p class=\"p1\"><strong>Vinificaci\u00f3n:<\/strong> Tras una cuidadosa vendimia, las uvas se despalillan y se estrujan para despu\u00e9s enviarlas a nuestras prensas. El l\u00edquido resultante del m\u00e9todo saign\u00e9e sirve de base para este vino. A continuaci\u00f3n, fermenta sin contacto con los hollejos en dep\u00f3sitos de acero inoxidable a temperatura controlada.<\/p>\n<p class=\"p1\"><strong>Pr\u00e1cticas:<\/strong> En acero inoxidable y luego en botella<\/p>\n<p class=\"p1\"><strong>Filtraci\u00f3n:<\/strong> Cartucho + Membrana<\/p>\n<p class=\"p1\"><strong>An\u00e1lisis f\u00edsicos y qu\u00edmicos: <\/strong>Alcohol - 13%; Acidez total - 6,6 g\/dm3; pH - 3,20<\/p>\n<p class=\"p1\"><strong>Notas de cata:<\/strong><\/p>\n<p class=\"p1\"><strong>Examen visual:<\/strong> Color petr\u00f3leo claro, casi opaco;<\/p>\n<p class=\"p1\"><strong>Examen olfativo:<\/strong> Fresco, con aroma a fresas y ciruelas verdes.<\/p>\n<p class=\"p1\"><strong>Prueba de sabor:<\/strong> Agradable, fresco y con buena persistencia.<\/p>","protected":false},"excerpt":{"rendered":"<p>Denomina\u00e7\u00e3o: DOC \u2013 Douro Castas: Touriga Nacional, Touriga Francesa e Tinta Roriz. Caracter\u00edsticas de Produ\u00e7\u00e3o: Cima Corgo; Solo xistoso; 450m altitude m\u00e9dia; Idade m\u00e9dia da vinha: 15 anos.; Vinifica\u00e7\u00e3o: Ap\u00f3s uma cuidada vindima as uvas s\u00e3o desenga\u00e7adas e esmagadas e seguem para os nossos lagares. O l\u00edquido resultante do m\u00e9todo saign\u00e9e serve de base a [&hellip;]<\/p>\n","protected":false},"featured_media":5278,"template":"","meta":[],"product_brand":[],"product_cat":[56,45],"product_tag":[50],"class_list":{"0":"post-5299","1":"product","2":"type-product","3":"status-publish","4":"has-post-thumbnail","6":"product_cat-clarete","7":"product_cat-vinho","8":"product_tag-vinho","10":"first","11":"instock","12":"shipping-taxable","13":"purchasable","14":"product-type-simple"},"_links":{"self":[{"href":"https:\/\/quintadomontetravesso.com\/es\/wp-json\/wp\/v2\/product\/5299","targetHints":{"allow":["GET"]}}],"collection":[{"href":"https:\/\/quintadomontetravesso.com\/es\/wp-json\/wp\/v2\/product"}],"about":[{"href":"https:\/\/quintadomontetravesso.com\/es\/wp-json\/wp\/v2\/types\/product"}],"wp:featuredmedia":[{"embeddable":true,"href":"https:\/\/quintadomontetravesso.com\/es\/wp-json\/wp\/v2\/media\/5278"}],"wp:attachment":[{"href":"https:\/\/quintadomontetravesso.com\/es\/wp-json\/wp\/v2\/media?parent=5299"}],"wp:term":[{"taxonomy":"product_brand","embeddable":true,"href":"https:\/\/quintadomontetravesso.com\/es\/wp-json\/wp\/v2\/product_brand?post=5299"},{"taxonomy":"product_cat","embeddable":true,"href":"https:\/\/quintadomontetravesso.com\/es\/wp-json\/wp\/v2\/product_cat?post=5299"},{"taxonomy":"product_tag","embeddable":true,"href":"https:\/\/quintadomontetravesso.com\/es\/wp-json\/wp\/v2\/product_tag?post=5299"}],"curies":[{"name":"wp","href":"https:\/\/api.w.org\/{rel}","templated":true}]}}