{"id":4049,"date":"2022-05-03T19:24:14","date_gmt":"2022-05-03T19:24:14","guid":{"rendered":"https:\/\/quintadomontetravesso.com\/?post_type=product&#038;p=4049"},"modified":"2025-12-18T12:32:33","modified_gmt":"2025-12-18T12:32:33","slug":"quinta-do-monte-travesso-reserva-tinto","status":"publish","type":"product","link":"https:\/\/quintadomontetravesso.com\/es\/loja-online\/quinta-do-monte-travesso-reserva-tinto\/","title":{"rendered":"Quinta do Monte Travesso - Tinto Reserva 2023"},"content":{"rendered":"<p class=\"p1\"><strong>Denominaci\u00f3n:<\/strong> DOC - Douro<\/p>\n<p class=\"p1\"><strong>Variedades de uva:<\/strong> Touriga Nacional; Touriga Franca y Sous\u00e3o.<\/p>\n<p class=\"p1\"><strong>Caracter\u00edsticas de producci\u00f3n:<\/strong><\/p>\n<ul>\n<li class=\"p1\">Cima Corgo;<\/li>\n<li class=\"p1\">Suelo de esquisto;<\/li>\n<li class=\"p1\">450 m de altitud media;<\/li>\n<li class=\"p1\">Edad media de la vid: 25 a\u00f1os.<\/li>\n<\/ul>\n<p class=\"p1\"><strong>Vinificaci\u00f3n:<\/strong> Tras una cuidadosa recogida de las uvas en cajas de peque\u00f1a capacidad, se procede a su despalillado completo; fermentaci\u00f3n alcoh\u00f3lica prolongada (parte en pisaderos, parte en cubas de peque\u00f1a capacidad) con control de temperatura, seguida de fermentaci\u00f3n malo-l\u00e1ctica espont\u00e1nea.<\/p>\n<p class=\"p1\"><strong>Pr\u00e1cticas:<\/strong> 14 meses en barricas de roble franc\u00e9s de 225 litros<\/p>\n<p class=\"p1\"><strong>Filtraci\u00f3n:<\/strong> Cartucho + Membrana<\/p>\n<p class=\"p1\"><strong>An\u00e1lisis f\u00edsicos y qu\u00edmicos:<\/strong> Alcohol - 13,5%; Acidez total - 5,6 g\/dm<span class=\"s1\">3<\/span>; pH - 3.62<\/p>\n<p class=\"p1\"><strong>Notas de cata:<\/strong><\/p>\n<p class=\"p1\"><strong>Examen visual:<\/strong> Claro, color rojo rub\u00ed intenso<\/p>\n<p class=\"p1\"><strong>Examen olfativo:<\/strong> Muy complejo, con notas de fruta roja, mermelada, chocolate y un ligero ahumado.<\/p>\n<p class=\"p1\"><strong>Prueba de sabor:<\/strong> Frescura, buen volumen y taninos intensos con mucha estructura. Final largo e intenso.<\/p>","protected":false},"excerpt":{"rendered":"<p>Denomina\u00e7\u00e3o: DOC \u2013 Douro Castas: Touriga Nacional; Touriga Franca e Sous\u00e3o. Caracter\u00edsticas de Produ\u00e7\u00e3o: Cima Corgo; Solo xistoso; 450m altitude m\u00e9dia; Idade m\u00e9dia da vinha: 25 anos. Vinifica\u00e7\u00e3o: Ap\u00f3s uma cuidada recolha das uvas em caixas de pequena capacidade, as uvas s\u00e3o totalmente desenga\u00e7adas; Fermenta\u00e7\u00e3o Alco\u00f3lica prolongada (parte em lagares com pisa a p\u00e9, parte [&hellip;]<\/p>\n","protected":false},"featured_media":5289,"template":"","meta":[],"product_brand":[],"product_cat":[49,35,45],"product_tag":[50],"class_list":{"0":"post-4049","1":"product","2":"type-product","3":"status-publish","4":"has-post-thumbnail","6":"product_cat-reserva","7":"product_cat-tinto","8":"product_cat-vinho","9":"product_tag-vinho","11":"first","12":"instock","13":"shipping-taxable","14":"purchasable","15":"product-type-simple"},"_links":{"self":[{"href":"https:\/\/quintadomontetravesso.com\/es\/wp-json\/wp\/v2\/product\/4049","targetHints":{"allow":["GET"]}}],"collection":[{"href":"https:\/\/quintadomontetravesso.com\/es\/wp-json\/wp\/v2\/product"}],"about":[{"href":"https:\/\/quintadomontetravesso.com\/es\/wp-json\/wp\/v2\/types\/product"}],"wp:featuredmedia":[{"embeddable":true,"href":"https:\/\/quintadomontetravesso.com\/es\/wp-json\/wp\/v2\/media\/5289"}],"wp:attachment":[{"href":"https:\/\/quintadomontetravesso.com\/es\/wp-json\/wp\/v2\/media?parent=4049"}],"wp:term":[{"taxonomy":"product_brand","embeddable":true,"href":"https:\/\/quintadomontetravesso.com\/es\/wp-json\/wp\/v2\/product_brand?post=4049"},{"taxonomy":"product_cat","embeddable":true,"href":"https:\/\/quintadomontetravesso.com\/es\/wp-json\/wp\/v2\/product_cat?post=4049"},{"taxonomy":"product_tag","embeddable":true,"href":"https:\/\/quintadomontetravesso.com\/es\/wp-json\/wp\/v2\/product_tag?post=4049"}],"curies":[{"name":"wp","href":"https:\/\/api.w.org\/{rel}","templated":true}]}}