{"id":3998,"date":"2022-04-30T15:46:40","date_gmt":"2022-04-30T15:46:40","guid":{"rendered":"https:\/\/quintadomontetravesso.com\/?product=hoodie-with-logo"},"modified":"2025-12-18T12:20:02","modified_gmt":"2025-12-18T12:20:02","slug":"tinto-reserva","status":"publish","type":"product","link":"https:\/\/quintadomontetravesso.com\/es\/loja-online\/tinto-reserva\/","title":{"rendered":"Travesso - Rojo 2023"},"content":{"rendered":"<p class=\"p1\"><strong>Denominaci\u00f3n:<\/strong> DOC - Douro<\/p>\n<p class=\"p1\"><strong>Variedades de uva:<\/strong> Touriga Nacional, Touriga Franca y Tinta Roriz.<\/p>\n<p class=\"p1\"><strong>Caracter\u00edsticas de producci\u00f3n:<\/strong><\/p>\n<ul>\n<li class=\"p1\">Cima Corgo;<\/li>\n<li class=\"p1\">Suelo de esquisto;<\/li>\n<li class=\"p2\">450 m de altitud media;<\/li>\n<li class=\"p2\">Edad media de la vid: 25 a\u00f1os;<\/li>\n<\/ul>\n<p class=\"p1\"><strong>Vinificaci\u00f3n:<\/strong> Tras una cuidadosa recogida de las uvas en peque\u00f1as cajas, se prensan con esmero, a lo que sigue una decantaci\u00f3n de 24 horas y una fermentaci\u00f3n prolongada en dep\u00f3sitos de acero inoxidable a temperatura controlada.<\/p>\n<p class=\"p1\"><strong>Pr\u00e1cticas:<\/strong> En acero inoxidable y luego en botella<\/p>\n<p class=\"p1\"><strong>Filtraci\u00f3n:<\/strong> Cartucho + Membrana<\/p>\n<p class=\"p1\"><strong>An\u00e1lisis f\u00edsicos y qu\u00edmicos: <\/strong>Alcohol - 13,5%; Acidez total - 5,0 g\/dm3; pH - 3,67<\/p>\n<p class=\"p1\"><strong>Notas de cata:<\/strong><\/p>\n<p class=\"p1\"><strong>Examen visual:<\/strong> Transparente, de color rojo rub\u00ed;<\/p>\n<p class=\"p1\"><strong>Examen olfativo:<\/strong> Notas de frutos rojos maduros como la cereza y la fresa;<\/p>\n<p class=\"p1\"><strong>Prueba de sabor:<\/strong> Un vino muy suave, redondo, con una buena persistencia y final que lo convierte en un vino agradable de beber.<\/p>","protected":false},"excerpt":{"rendered":"<p>Denomina\u00e7\u00e3o: DOC \u2013 Douro Castas: Touriga Nacional, Touriga Franca e Tinta Roriz. Caracter\u00edsticas de Produ\u00e7\u00e3o: Cima Corgo; Solo xistoso; 450m altitude m\u00e9dia; Idade m\u00e9dia da vinha: 25 anos.; Vinifica\u00e7\u00e3o: Ap\u00f3s uma cuidada recolha das uvas em caixas de pequena capacidade, as uvas s\u00e3o cuidadosamente prensadas; segue-se uma decanta\u00e7\u00e3o durante 24 horas; fermenta\u00e7\u00e3o prolongada em cuba [&hellip;]<\/p>\n","protected":false},"featured_media":5279,"template":"","meta":[],"product_brand":[],"product_cat":[35,45],"product_tag":[50],"class_list":{"0":"post-3998","1":"product","2":"type-product","3":"status-publish","4":"has-post-thumbnail","6":"product_cat-tinto","7":"product_cat-vinho","8":"product_tag-vinho","10":"first","11":"instock","12":"shipping-taxable","13":"purchasable","14":"product-type-simple"},"_links":{"self":[{"href":"https:\/\/quintadomontetravesso.com\/es\/wp-json\/wp\/v2\/product\/3998","targetHints":{"allow":["GET"]}}],"collection":[{"href":"https:\/\/quintadomontetravesso.com\/es\/wp-json\/wp\/v2\/product"}],"about":[{"href":"https:\/\/quintadomontetravesso.com\/es\/wp-json\/wp\/v2\/types\/product"}],"wp:featuredmedia":[{"embeddable":true,"href":"https:\/\/quintadomontetravesso.com\/es\/wp-json\/wp\/v2\/media\/5279"}],"wp:attachment":[{"href":"https:\/\/quintadomontetravesso.com\/es\/wp-json\/wp\/v2\/media?parent=3998"}],"wp:term":[{"taxonomy":"product_brand","embeddable":true,"href":"https:\/\/quintadomontetravesso.com\/es\/wp-json\/wp\/v2\/product_brand?post=3998"},{"taxonomy":"product_cat","embeddable":true,"href":"https:\/\/quintadomontetravesso.com\/es\/wp-json\/wp\/v2\/product_cat?post=3998"},{"taxonomy":"product_tag","embeddable":true,"href":"https:\/\/quintadomontetravesso.com\/es\/wp-json\/wp\/v2\/product_tag?post=3998"}],"curies":[{"name":"wp","href":"https:\/\/api.w.org\/{rel}","templated":true}]}}