{"id":4128,"date":"2022-05-04T11:56:56","date_gmt":"2022-05-04T11:56:56","guid":{"rendered":"https:\/\/quintadomontetravesso.com\/confirmacao-de-reserva\/falhou-a-transacao\/"},"modified":"2022-05-04T11:56:56","modified_gmt":"2022-05-04T11:56:56","slug":"falhou-a-transacao","status":"publish","type":"page","link":"https:\/\/quintadomontetravesso.com\/es\/confirmacao-de-reserva\/falhou-a-transacao\/","title":{"rendered":"Falhou a Transa\u00e7\u00e3o"},"content":{"rendered":"<p>Infelizmente, a sua transa\u00e7\u00e3o n\u00e3o pode ser conclu\u00edda neste momento. Por favor tente novamente ou entre em contacto connosco.<\/p>","protected":false},"excerpt":{"rendered":"<p>Infelizmente, a sua transa\u00e7\u00e3o n\u00e3o pode ser conclu\u00edda neste momento. Por favor tente novamente ou entre em contacto connosco.<\/p>","protected":false},"author":2,"featured_media":0,"parent":4124,"menu_order":0,"comment_status":"closed","ping_status":"closed","template":"","meta":{"footnotes":""},"class_list":["post-4128","page","type-page","status-publish","hentry"],"_links":{"self":[{"href":"https:\/\/quintadomontetravesso.com\/es\/wp-json\/wp\/v2\/pages\/4128","targetHints":{"allow":["GET"]}}],"collection":[{"href":"https:\/\/quintadomontetravesso.com\/es\/wp-json\/wp\/v2\/pages"}],"about":[{"href":"https:\/\/quintadomontetravesso.com\/es\/wp-json\/wp\/v2\/types\/page"}],"author":[{"embeddable":true,"href":"https:\/\/quintadomontetravesso.com\/es\/wp-json\/wp\/v2\/users\/2"}],"replies":[{"embeddable":true,"href":"https:\/\/quintadomontetravesso.com\/es\/wp-json\/wp\/v2\/comments?post=4128"}],"version-history":[{"count":0,"href":"https:\/\/quintadomontetravesso.com\/es\/wp-json\/wp\/v2\/pages\/4128\/revisions"}],"up":[{"embeddable":true,"href":"https:\/\/quintadomontetravesso.com\/es\/wp-json\/wp\/v2\/pages\/4124"}],"wp:attachment":[{"href":"https:\/\/quintadomontetravesso.com\/es\/wp-json\/wp\/v2\/media?parent=4128"}],"curies":[{"name":"wp","href":"https:\/\/api.w.org\/{rel}","templated":true}]}}