{"id":3184,"date":"2022-03-29T15:12:28","date_gmt":"2022-03-29T15:12:28","guid":{"rendered":"https:\/\/yonwine.com\/?page_id=3184"},"modified":"2026-02-20T11:39:13","modified_gmt":"2026-02-20T11:39:13","slug":"politica-de-privacidade","status":"publish","type":"page","link":"https:\/\/quintadomontetravesso.com\/es\/politica-de-privacidade\/","title":{"rendered":"Pol\u00edtica de privacidad"},"content":{"rendered":"<div data-elementor-type=\"wp-page\" data-elementor-id=\"3184\" class=\"elementor elementor-3184\" data-elementor-post-type=\"page\">\n\t\t\t\t\t\t<section class=\"elementor-section elementor-top-section elementor-element elementor-element-bfd3c59 elementor-section-height-min-height elementor-section-boxed elementor-section-height-default elementor-section-items-middle\" data-id=\"bfd3c59\" data-element_type=\"section\" data-e-type=\"section\" data-settings=\"{&quot;background_background&quot;:&quot;classic&quot;}\">\n\t\t\t\t\t\t\t<div class=\"elementor-background-overlay\"><\/div>\n\t\t\t\t\t\t\t<div class=\"elementor-container elementor-column-gap-default\">\n\t\t\t\t\t<div class=\"elementor-column elementor-col-100 elementor-top-column elementor-element elementor-element-06e3d1d\" data-id=\"06e3d1d\" data-element_type=\"column\" data-e-type=\"column\">\n\t\t\t<div class=\"elementor-widget-wrap elementor-element-populated\">\n\t\t\t\t\t\t<div class=\"elementor-element elementor-element-3ba2df0 elementor-widget elementor-widget-heading\" data-id=\"3ba2df0\" data-element_type=\"widget\" data-e-type=\"widget\" data-widget_type=\"heading.default\">\n\t\t\t\t<div class=\"elementor-widget-container\">\n\t\t\t\t\t<h2 class=\"elementor-heading-title elementor-size-default\">Pol\u00edtica de privacidad<\/h2>\t\t\t\t<\/div>\n\t\t\t\t<\/div>\n\t\t\t\t\t<\/div>\n\t\t<\/div>\n\t\t\t\t\t<\/div>\n\t\t<\/section>\n\t\t\t\t<section class=\"elementor-section elementor-top-section elementor-element elementor-element-8bd24e3 elementor-section-height-min-height elementor-section-boxed elementor-section-height-default elementor-section-items-middle\" data-id=\"8bd24e3\" data-element_type=\"section\" data-e-type=\"section\" data-settings=\"{&quot;background_background&quot;:&quot;classic&quot;}\">\n\t\t\t\t\t\t\t<div class=\"elementor-background-overlay\"><\/div>\n\t\t\t\t\t\t\t<div class=\"elementor-container elementor-column-gap-extended\">\n\t\t\t\t\t<div class=\"elementor-column elementor-col-100 elementor-top-column elementor-element elementor-element-aa3d02a\" data-id=\"aa3d02a\" data-element_type=\"column\" data-e-type=\"column\">\n\t\t\t<div class=\"elementor-widget-wrap elementor-element-populated\">\n\t\t\t\t\t\t<div class=\"elementor-element elementor-element-9f4d9fe elementor-widget elementor-widget-text-editor\" data-id=\"9f4d9fe\" data-element_type=\"widget\" data-e-type=\"widget\" data-widget_type=\"text-editor.default\">\n\t\t\t\t<div class=\"elementor-widget-container\">\n\t\t\t\t\t\t\t\t\t<p>El sitio web <a href=\"https:\/\/quintadomontetravesso.com\/es\/\" target=\"_blank\" rel=\"noopener\" data-saferedirecturl=\"https:\/\/www.google.com\/url?q=http:\/\/www.quintadomontetravesso.com\/&amp;source=gmail&amp;ust=1771672602238000&amp;usg=AOvVaw02EHXEGj4bKIoTQpYG2V1h\">www<wbr \/>.quintadomontetravesso.com<\/a><a href=\"https:\/\/quintadomontetravesso.com\/es\/\">\u00a0<\/a>no recopilar\u00e1 autom\u00e1ticamente ninguna informaci\u00f3n personal de los usuarios finales que no se hayan registrado, permitiendo as\u00ed la navegaci\u00f3n an\u00f3nima por el sitio web.<\/p><p>Le rogamos que lea atentamente la Pol\u00edtica de privacidad, ya que el acceso a nuestro sitio web y el suministro de informaci\u00f3n personal implican el reconocimiento y la aceptaci\u00f3n de los t\u00e9rminos aqu\u00ed previstos. La presente Pol\u00edtica de Privacidad se aplica exclusivamente a la recogida y tratamiento de datos personales efectuados por <strong>Quinta do Monte Travesso, Unipessoal Lda.<\/strong>. Los hiperv\u00ednculos a sitios web externos no estar\u00e1n cubiertos por estas pol\u00edticas de privacidad.<\/p><p>La presente Pol\u00edtica de Privacidad regula la recogida y tratamiento de los datos personales facilitados por el usuario final, con su previo consentimiento, en cualquier parte del sitio web <a href=\"https:\/\/quintadomontetravesso.com\/es\/\" target=\"_blank\" rel=\"noopener\" data-saferedirecturl=\"https:\/\/www.google.com\/url?q=http:\/\/www.quintadomontetravesso.com\/&amp;source=gmail&amp;ust=1771672602238000&amp;usg=AOvVaw02EHXEGj4bKIoTQpYG2V1h\">www<wbr \/>.quintadomontetravesso.com<\/a> as\u00ed como el ejercicio de los derechos establecidos en el Reglamento General de Protecci\u00f3n de Datos (Reglamento 2016\/679 del Consejo y del Parlamento Europeo, de 27 de abril de 2016).<\/p><h4>\u00a0<\/h4><h4>DATOS PERSONALES<\/h4><p>Toda informaci\u00f3n de cualquier naturaleza, independientemente del medio de comunicaci\u00f3n, incluido el sonido y\/o la imagen, relativa a una persona f\u00edsica identificada o identificable.<\/p><p>Una persona se considera identificable si puede ser identificada directa o indirectamente mediante un n\u00famero de identidad y uno o varios elementos espec\u00edficos de sus caracter\u00edsticas f\u00edsicas, fisiol\u00f3gicas, mentales, econ\u00f3micas, culturales o sociales.<\/p><p>Por defecto, no recogemos datos sensibles. Siempre que se facilite alg\u00fan dato sensible, ya sea por obligaci\u00f3n legal o voluntariamente por el usuario, daremos por supuesto el pleno y total consentimiento expl\u00edcito para tratar dicha informaci\u00f3n en el \u00e1mbito de la materia para la que se facilit\u00f3 dicha informaci\u00f3n.<\/p><h4>\u00a0<\/h4><h4>ENTIDAD RESPONSABLE DEL TRATAMIENTO DE DATOS<\/h4><p>La organizaci\u00f3n responsable de la recogida y el tratamiento de los datos personales es <strong>Quinta do Monte Travesso, Unipessoal Lda.<\/strong>, La empresa, que prestar\u00e1 el servicio, decidir\u00e1 qu\u00e9 datos recoger, c\u00f3mo tratarlos y con qu\u00e9 fin se utilizar\u00e1n.<\/p><h4>\u00a0<\/h4><h4>CATEGOR\u00cdA DE DATOS RECOGIDOS<\/h4><p>A <strong>Quinta do Monte Travesso, Unipessoal Lda.<\/strong>, En el marco de su actividad, recoger\u00e1 y tratar\u00e1 todos los datos personales necesarios para la tramitaci\u00f3n y entrega de pedidos, as\u00ed como para la comunicaci\u00f3n con los clientes, consultas, reclamaciones, an\u00e1lisis estad\u00edstico y marketing directo, de los que deber\u00e1 recoger y tratar el nombre, la direcci\u00f3n, el pa\u00eds, el n\u00famero de tel\u00e9fono, el n\u00famero de identificaci\u00f3n fiscal y la direcci\u00f3n de correo electr\u00f3nico.<\/p><p>Los datos personales recabados ser\u00e1n tratados digitalmente y en estricto apego a la normatividad en materia de protecci\u00f3n de datos personales, por lo que ser\u00e1n almacenados en bases de datos espec\u00edficas creadas con el \u00fanico fin de garantizar la seguridad y confidencialidad, respetando los est\u00e1ndares tecnol\u00f3gicos, t\u00e9cnicos e institucionales aceptados como medidas de informaci\u00f3n, de tal forma que se proteja al usuario contra p\u00e9rdida, modificaci\u00f3n, destrucci\u00f3n, mal uso y\/o utilizaci\u00f3n de los datos recabados para cualquier otro fin que no haya sido previamente consentido por el titular de dichos datos.<\/p><p>Si desea suscribirse a nuestro bolet\u00edn o recibir una consulta, se le presentar\u00e1 un formulario de recogida de datos.<\/p><p>Si cumplimenta y env\u00eda cualquiera de los formularios disponibles para los fines mencionados anteriormente, consideraremos que se trata de un consentimiento voluntario pleno y completo para la habilitaci\u00f3n y, por tanto, el uso de dicha informaci\u00f3n.<\/p><h4>\u00a0<\/h4><h4>FINALIDAD DEL TRATAMIENTO DE DATOS PERSONALES<\/h4><p>La finalidad del tratamiento de datos personales es gestionar y tramitar pedidos, comunicarse con los clientes, atender consultas y posibles reclamaciones.<\/p><p>De vez en cuando <strong>Quinta do Monte Travesso, Unipessoal Lda.<\/strong> podr\u00e1 utilizar los datos de contacto facilitados para difundir la informaci\u00f3n que considere pertinente al cliente, quien siempre podr\u00e1 prohibir la recepci\u00f3n de dicha informaci\u00f3n.<\/p><p>Debido a la recogida de datos, podemos proporcionarle informaci\u00f3n m\u00e1s detallada sobre el uso de sus datos personales.<\/p><p>Los datos recogidos tambi\u00e9n son para uso exclusivo de las necesidades de marketing, recopilaci\u00f3n de estad\u00edsticas agregadas, elementos de tendencias generales y medidas para la optimizaci\u00f3n de campa\u00f1as comerciales y otros fines de marketing, promocionales o anal\u00edticos de la empresa. <strong>Quinta do Monte Travesso, Unipessoal Lda.<\/strong>.<\/p><h4>\u00a0<\/h4><h4>TIEMPO DE RETENCI\u00d3N<\/h4><p>El tiempo durante el cual se conservar\u00e1n los datos recogidos variar\u00e1 en funci\u00f3n de la necesidad para la finalidad de la actividad para la que fueron inicialmente facilitados y dentro de los requisitos legales aplicables que puedan obligar a la conservaci\u00f3n de los datos durante un periodo m\u00ednimo de tiempo.<\/p><p>Por ello, y siempre que no exista obligaci\u00f3n legal, los datos ser\u00e1n conservados y almacenados \u00fanicamente durante el tiempo m\u00ednimo imprescindible, de acuerdo con las finalidades que motivaron la recogida y posterior tratamiento de dicha informaci\u00f3n, y ser\u00e1n suprimidos cuando la actividad llegue a su fin.<\/p><p>Le recordamos que en cualquier momento puede solicitar la supresi\u00f3n de todos sus datos personales de nuestras bases de datos. Esta solicitud debe enviarse a la siguiente direcci\u00f3n de correo electr\u00f3nico:\u00a0<a href=\"mailto:privacy@quintadomontetravesso.com\">privacy@quintadomontetravesso.com<\/a>.<\/p><h4>\u00a0<\/h4><h4>ACCESO, ACTUALIZACI\u00d3N, RECTIFICACI\u00d3N, OPOSICI\u00d3N, LIMITACI\u00d3N, SUPRESI\u00d3N Y PORTABILIDAD DE LOS DATOS PERSONALES<\/h4><p>Cualquier solicitud de acceso, actualizaci\u00f3n, rectificaci\u00f3n, oposici\u00f3n, limitaci\u00f3n, supresi\u00f3n, portabilidad o no aceptaci\u00f3n de decisiones individuales automatizadas sobre datos personales que puedan identificarle podr\u00e1 solicitarse dirigi\u00e9ndose al <strong>Quinta do Monte Travesso, Unipessoal Lda.<\/strong>.<\/p><h4>\u00a0<\/h4><h4>OPOSICI\u00d3N A RECIBIR COMUNICACIONES COMERCIALES<\/h4><p>A <strong>Quinta do Monte Travesso, Unipessoal Lda.<\/strong> puede respaldar acciones promocionales con sus clientes, a menos que el Propietario de los datos se oponga a ello durante la recogida de datos.<\/p><p>Si no desea recibir este tipo de comunicaciones, puede oponerse en cualquier momento a la utilizaci\u00f3n de sus datos con fines de marketing e informaci\u00f3n, enviando una solicitud por escrito a la siguiente direcci\u00f3n <strong>Quinta do Monte Travesso, Unipessoal Lda.<\/strong>.<\/p><h4>\u00a0<\/h4><h4>COMUNICACI\u00d3N DE DATOS A OTRAS ENTIDADES (TERCEROS Y EXTERNALIZACI\u00d3N)<\/h4><p>Por defecto, el <strong>Quinta do Monte Travesso, Unipessoal Lda.<\/strong>, no compartir\u00e1 los datos personales de los usuarios con terceros cuando no exista un v\u00ednculo contractual que prevea el tratamiento de dichos datos con la m\u00e1xima confidencialidad, de conformidad con la pol\u00edtica de privacidad de <strong>Quinta do Monte Travesso, Unipessoal Lda.<\/strong>.<\/p><p>A <strong>Quinta do Monte Travesso, Unipessoal Lda.<\/strong> podr\u00e1 comunicar sus datos personales a terceros siempre que el Titular de los datos haya dado su pleno consentimiento o en las condiciones que se establecen a continuaci\u00f3n:<\/p><ol><li>La transmisi\u00f3n se realiza en el marco de una normativa legal o por resoluci\u00f3n de la Comisi\u00f3n Nacional de Protecci\u00f3n de Datos o por orden judicial, o bien<\/li><li>La comunicaci\u00f3n se realizar\u00e1 para proteger los intereses vitales de los interesados o cualquier otro fin conforme a la ley.<\/li><\/ol><p>A <strong>Quinta do Monte Travesso, Unipessoal Lda.<\/strong> adoptar\u00e1 las medidas oportunas para que las entidades que tengan acceso a los datos sean reconocidas y ofrezcan las m\u00e1ximas garant\u00edas al respecto, que quedar\u00e1n debidamente establecidas y salvaguardadas en un contrato que se celebrar\u00e1 entre el <strong>Quinta do Monte Travesso, Unipessoal Lda.<\/strong> y tercero.<\/p><p>As\u00ed, cualquier tercero subcontratado por <strong>Quinta do Monte Travesso, Unipessoal Lda.<\/strong> tratar\u00e1 los datos personales recogidos en nombre y por cuenta de <strong>Quinta do Monte Travesso, Unipessoal Lda.<\/strong> con el deber de adoptar las medidas t\u00e9cnicas e institucionales necesarias para garantizar la protecci\u00f3n de los datos personales contra la destrucci\u00f3n, la p\u00e9rdida accidental o il\u00edcita, la p\u00e9rdida accidental, la modificaci\u00f3n, la difusi\u00f3n o el acceso no autorizado y contra cualquier otra forma de utilizaci\u00f3n il\u00edcita.<\/p><p>En cualquier caso, el <strong>Quinta do Monte Travesso, Unipessoal Lda.<\/strong>, seguir\u00e1 siendo responsable de los datos personales recogidos.<\/p><h3>\u00a0<\/h3><h3><span style=\"color: inherit; font-size: 1.75rem;\">Cookies<\/span><\/h3><p>En el caso de algunos servicios, se pueden utilizar cookies (archivos de texto que se guardan en el dispositivo del usuario con el fin de personalizar las visitas) para registrar el n\u00famero de visitas sin identificar personalmente al usuario. Esta categor\u00eda de cookies no recoge ni almacena ning\u00fan tipo de dato personal sobre el usuario y su instalaci\u00f3n siempre puede ser supervisada a trav\u00e9s del navegador del usuario.<\/p><h4>\u00a0<\/h4><h4>CAMBIOS EN LA POL\u00cdTICA DE PRIVACIDAD<\/h4><p>A <strong>Quinta do Monte Travesso, Unipessoal Lda.<\/strong> se reserva el derecho, en cualquier momento, sin previo aviso y con efecto inmediato, pero sin perjuicio de los derechos legales conferidos a los Titulares de los Datos, de modificar, a\u00f1adir o revocar, total o parcialmente, la presente pol\u00edtica de privacidad.<\/p><p>Cualquier cambio se publicar\u00e1 inmediatamente en esta misma p\u00e1gina web, por lo que le recomendamos que la visite de vez en cuando para estar al d\u00eda de la \u00faltima versi\u00f3n.<\/p><p>Si tiene m\u00e1s preguntas sobre c\u00f3mo <strong>Quinta do Monte Travesso, Unipessoal Lda.<\/strong> tratar\u00e1 sus datos personales, env\u00edenos su consulta por correo electr\u00f3nico a <a href=\"mailto:privacy@quintadomontetravesso.com\" target=\"_blank\" rel=\"noopener\">privacy@<wbr \/>quintadomontetravesso.com<\/a>.<\/p><p>La Pol\u00edtica de Privacidad expuesta anteriormente se regir\u00e1 e interpretar\u00e1 de conformidad con la legislaci\u00f3n portuguesa. El usuario acepta irrevocablemente la jurisdicci\u00f3n de los tribunales portugueses para resolver cualquier disputa derivada y\/o relacionada con la Pol\u00edtica de Privacidad expuesta anteriormente y\/o el uso de este sitio web.<\/p>\t\t\t\t\t\t\t\t<\/div>\n\t\t\t\t<\/div>\n\t\t\t\t\t<\/div>\n\t\t<\/div>\n\t\t\t\t\t<\/div>\n\t\t<\/section>\n\t\t\t\t<\/div>","protected":false},"excerpt":{"rendered":"<p>Pol\u00edtica da Privacidade O website www.quintadomontetravesso.com\u00a0n\u00e3o recolher\u00e1 automaticamente qualquer tipo de informa\u00e7\u00e3o pessoal do utilizador final que n\u00e3o se tenha registado, permitindo assim uma navega\u00e7\u00e3o an\u00f3nima no website. Por favor, leia atentamente a Pol\u00edtica de Privacidade, pois o acesso ao nosso site e a disponibiliza\u00e7\u00e3o de informa\u00e7\u00f5es pessoais implicam no reconhecimento e aceita\u00e7\u00e3o dos termos [&hellip;]<\/p>\n","protected":false},"author":1,"featured_media":0,"parent":0,"menu_order":0,"comment_status":"closed","ping_status":"closed","template":"elementor_header_footer","meta":{"footnotes":""},"class_list":["post-3184","page","type-page","status-publish","hentry"],"_links":{"self":[{"href":"https:\/\/quintadomontetravesso.com\/es\/wp-json\/wp\/v2\/pages\/3184","targetHints":{"allow":["GET"]}}],"collection":[{"href":"https:\/\/quintadomontetravesso.com\/es\/wp-json\/wp\/v2\/pages"}],"about":[{"href":"https:\/\/quintadomontetravesso.com\/es\/wp-json\/wp\/v2\/types\/page"}],"author":[{"embeddable":true,"href":"https:\/\/quintadomontetravesso.com\/es\/wp-json\/wp\/v2\/users\/1"}],"replies":[{"embeddable":true,"href":"https:\/\/quintadomontetravesso.com\/es\/wp-json\/wp\/v2\/comments?post=3184"}],"version-history":[{"count":33,"href":"https:\/\/quintadomontetravesso.com\/es\/wp-json\/wp\/v2\/pages\/3184\/revisions"}],"predecessor-version":[{"id":5467,"href":"https:\/\/quintadomontetravesso.com\/es\/wp-json\/wp\/v2\/pages\/3184\/revisions\/5467"}],"wp:attachment":[{"href":"https:\/\/quintadomontetravesso.com\/es\/wp-json\/wp\/v2\/media?parent=3184"}],"curies":[{"name":"wp","href":"https:\/\/api.w.org\/{rel}","templated":true}]}}