{"id":3159,"date":"2022-03-28T18:20:05","date_gmt":"2022-03-28T18:20:05","guid":{"rendered":"https:\/\/yonwine.com\/?page_id=3159"},"modified":"2026-02-20T11:39:45","modified_gmt":"2026-02-20T11:39:45","slug":"politica-de-cookies","status":"publish","type":"page","link":"https:\/\/quintadomontetravesso.com\/es\/politica-de-cookies\/","title":{"rendered":"Politica de Cookies"},"content":{"rendered":"<div data-elementor-type=\"wp-page\" data-elementor-id=\"3159\" class=\"elementor elementor-3159\" data-elementor-post-type=\"page\">\n\t\t\t\t\t\t<section class=\"elementor-section elementor-top-section elementor-element elementor-element-a665019 elementor-section-height-min-height elementor-section-boxed elementor-section-height-default elementor-section-items-middle\" data-id=\"a665019\" data-element_type=\"section\" data-e-type=\"section\" data-settings=\"{&quot;background_background&quot;:&quot;classic&quot;}\">\n\t\t\t\t\t\t\t<div class=\"elementor-background-overlay\"><\/div>\n\t\t\t\t\t\t\t<div class=\"elementor-container elementor-column-gap-default\">\n\t\t\t\t\t<div class=\"elementor-column elementor-col-100 elementor-top-column elementor-element elementor-element-62cd913\" data-id=\"62cd913\" data-element_type=\"column\" data-e-type=\"column\">\n\t\t\t<div class=\"elementor-widget-wrap elementor-element-populated\">\n\t\t\t\t\t\t<div class=\"elementor-element elementor-element-052f678 elementor-widget elementor-widget-heading\" data-id=\"052f678\" data-element_type=\"widget\" data-e-type=\"widget\" data-widget_type=\"heading.default\">\n\t\t\t\t<div class=\"elementor-widget-container\">\n\t\t\t\t\t<h2 class=\"elementor-heading-title elementor-size-default\">Pol\u00edtica de cookies<\/h2>\t\t\t\t<\/div>\n\t\t\t\t<\/div>\n\t\t\t\t\t<\/div>\n\t\t<\/div>\n\t\t\t\t\t<\/div>\n\t\t<\/section>\n\t\t\t\t<section class=\"elementor-section elementor-top-section elementor-element elementor-element-8bd24e3 elementor-section-height-min-height elementor-section-boxed elementor-section-height-default elementor-section-items-middle\" data-id=\"8bd24e3\" data-element_type=\"section\" data-e-type=\"section\" data-settings=\"{&quot;background_background&quot;:&quot;classic&quot;}\">\n\t\t\t\t\t\t\t<div class=\"elementor-background-overlay\"><\/div>\n\t\t\t\t\t\t\t<div class=\"elementor-container elementor-column-gap-extended\">\n\t\t\t\t\t<div class=\"elementor-column elementor-col-100 elementor-top-column elementor-element elementor-element-aa3d02a\" data-id=\"aa3d02a\" data-element_type=\"column\" data-e-type=\"column\">\n\t\t\t<div class=\"elementor-widget-wrap elementor-element-populated\">\n\t\t\t\t\t\t<div class=\"elementor-element elementor-element-9f4d9fe elementor-widget elementor-widget-text-editor\" data-id=\"9f4d9fe\" data-element_type=\"widget\" data-e-type=\"widget\" data-widget_type=\"text-editor.default\">\n\t\t\t\t<div class=\"elementor-widget-container\">\n\t\t\t\t\t\t\t\t\t<h3><span class=\"goog-text-highlight\">\u00bfQU\u00c9 SON LAS COOKIES?<\/span><\/h3><p>Una cookie es un fichero de informaci\u00f3n que se descarga autom\u00e1ticamente en el disco duro del ordenador del usuario al acceder a determinadas p\u00e1ginas web. La cookie identifica su navegador web en el servidor, permitiendo almacenar la informaci\u00f3n, proporcionando una mejor experiencia de navegaci\u00f3n al usuario web, obteniendo informaci\u00f3n m\u00e1s relevante para la navegaci\u00f3n por nuestro sitio y\/o haciendo un mejor uso del mismo.<\/p><p>La mayor\u00eda de los programas de navegaci\u00f3n permiten la pol\u00edtica de aceptaci\u00f3n de cookies, aunque es posible configurar el navegador para que rechace todas las cookies (v\u00e9ase m\u00e1s abajo), o para que indique cu\u00e1ndo se va a enviar una cookie. Tenga en cuenta que algunas partes de nuestro sitio web pueden no funcionar correctamente si se rechazan las cookies.<\/p><h3>\u00a0<\/h3><h3>\u00bfPOR QU\u00c9 UTILIZAMOS COOKIES?<\/h3><p>Este sitio web utiliza cookies (directamente o a trav\u00e9s de sus socios). Las cookies recopiladas son utilizadas exclusivamente por <strong>Quinta do Monte Travesso<\/strong>Google utiliza sus datos directamente o a trav\u00e9s de sus proveedores de servicios, a excepci\u00f3n de las cookies de Google Analytics utilizadas en el sitio web. Puede obtener informaci\u00f3n adicional sobre las condiciones del servicio en virtud de las cuales Google utiliza sus datos en:\u00a0 <a href=\"https:\/\/developers.google.com\/analytics\/resources\/concepts\/gaConceptsCookies\" target=\"_blank\" rel=\"noopener\">https:\/\/developers.google.com\/analytics\/resources\/concepts\/gaConceptsCookies<\/a>\u00a0.<\/p><p>El uso de cookies tiene como objetivo mejorar el rendimiento de nuestro sitio web y maximizar su experiencia de navegaci\u00f3n, tambi\u00e9n con fines de marketing y optimizaci\u00f3n de las soluciones y servicios que ofrecemos. <strong>Quinta do Monte Travesso<\/strong> pone a disposici\u00f3n de los usuarios de su sitio web.<\/p><h3>\u00a0<\/h3><h3>C\u00d3MO BLOQUEAR\/DESHABILITAR LAS COOKIES<\/h3><p>Todos los navegadores permiten al usuario aceptar, rechazar o eliminar las cookies, en concreto seleccionando la configuraci\u00f3n en su navegador.<\/p><p>Tenga en cuenta, por tanto, que la desactivaci\u00f3n de las cookies puede afectar parcial o totalmente a su experiencia de navegaci\u00f3n en el sitio.<\/p><p>Puede configurar las cookies en el men\u00fa \"opciones\" o \"preferencias\" de su navegador. A continuaci\u00f3n se indican las distintas formas de desactivar las cookies, en funci\u00f3n de su navegador:<\/p><h3>\u00a0<\/h3><h3>EXPLORADOR DE INTERNET<\/h3><ol><li>Haga clic en el men\u00fa \"Herramientas\" y seleccione \"Opciones de Internet\";<\/li><li>Seleccione \"Privacidad\";<\/li><li>Mueva la barra hasta que aparezca la opci\u00f3n \"Bloquear todas las cookies\".<\/li><\/ol><h3><span class=\"\">\u00a0<\/span><\/h3><h3><span class=\"\">FIREFOX<\/span><\/h3><ol><li>Haga clic en el men\u00fa \"Herramientas\";<\/li><li>Seleccione las opciones\";<\/li><li>A continuaci\u00f3n, seleccione \"Privacidad\";<\/li><li>En la secci\u00f3n \"Cookies\", desactive la opci\u00f3n \"Aceptar cookies de sitios web\";<\/li><li>Haga clic en \"Aceptar\" para guardar los cambios y cerrar.<\/li><\/ol><h3>\u00a0<\/h3><h3>CROMO<\/h3><ol><li>Haz clic en \"Personalizar y controlar Google Chrome\";<\/li><li>Seleccione la opci\u00f3n \"Herramientas\".<\/li><li>Haz clic en \"Borrar datos de navegaci\u00f3n\";<\/li><li>En la casilla \"Obliterate the following from:\", seleccione la opci\u00f3n \"start of time\";<\/li><li>Activar o desactivar:<\/li><li>Para habilitar las cookies, seleccione \"Permitir la configuraci\u00f3n de datos locales (recomendado)\".<\/li><li>Para desactivar las cookies, seleccione \"Bloquear la configuraci\u00f3n de cualquier dato por parte de los sitios web\".<\/li><\/ol><h3>\u00a0<\/h3><h3>SAFARI<\/h3><ol><li>Haga clic en \"Editar\";<\/li><li>Seleccione \"Preferencias\";<\/li><li>En el panel superior, seleccione \"Seguridad\";<\/li><li>En la secci\u00f3n \"Aceptar cookies\", seleccione \"Nunca\".<\/li><\/ol><p>A <strong>Quinta do Monte Travesso, Unipessoal Lda<\/strong> se reserva el derecho, en cualquier momento, sin previo aviso y con efecto inmediato, de modificar, a\u00f1adir, actualizar o eliminar, parcial o totalmente, esta informaci\u00f3n sobre cookies.<\/p><p>El usuario debe consultar esta p\u00e1gina peri\u00f3dicamente para confirmar cualquier cambio o actualizaci\u00f3n.<\/p><p>Para saber m\u00e1s sobre las cookies, visite <a href=\"https:\/\/www.allaboutcookies.org\/verify\">www.allaboutcookies.org<\/a>donde encontrar\u00e1 m\u00e1s informaci\u00f3n sobre c\u00f3mo ejecutar su configuraci\u00f3n en distintos navegadores.<\/p>\t\t\t\t\t\t\t\t<\/div>\n\t\t\t\t<\/div>\n\t\t\t\t\t<\/div>\n\t\t<\/div>\n\t\t\t\t\t<\/div>\n\t\t<\/section>\n\t\t\t\t<\/div>","protected":false},"excerpt":{"rendered":"<p>Pol\u00edtica de Cookies O QUE S\u00c3O COOKIES? Um cookie \u00e9 um arquivo de informa\u00e7\u00e3o que \u00e9 colocado automaticamente nos discos r\u00edgidos do computador do utilizador, quando ele acede a determinados sites. O cookie identifica o seu navegador web no servidor, permitindo-lhe armazenar a informa\u00e7\u00e3o, proporcionando uma melhor experi\u00eancia de navega\u00e7\u00e3o ao utilizador web, obtendo informa\u00e7\u00f5es [&hellip;]<\/p>\n","protected":false},"author":1,"featured_media":0,"parent":0,"menu_order":0,"comment_status":"closed","ping_status":"closed","template":"elementor_header_footer","meta":{"footnotes":""},"class_list":["post-3159","page","type-page","status-publish","hentry"],"_links":{"self":[{"href":"https:\/\/quintadomontetravesso.com\/es\/wp-json\/wp\/v2\/pages\/3159","targetHints":{"allow":["GET"]}}],"collection":[{"href":"https:\/\/quintadomontetravesso.com\/es\/wp-json\/wp\/v2\/pages"}],"about":[{"href":"https:\/\/quintadomontetravesso.com\/es\/wp-json\/wp\/v2\/types\/page"}],"author":[{"embeddable":true,"href":"https:\/\/quintadomontetravesso.com\/es\/wp-json\/wp\/v2\/users\/1"}],"replies":[{"embeddable":true,"href":"https:\/\/quintadomontetravesso.com\/es\/wp-json\/wp\/v2\/comments?post=3159"}],"version-history":[{"count":22,"href":"https:\/\/quintadomontetravesso.com\/es\/wp-json\/wp\/v2\/pages\/3159\/revisions"}],"predecessor-version":[{"id":5470,"href":"https:\/\/quintadomontetravesso.com\/es\/wp-json\/wp\/v2\/pages\/3159\/revisions\/5470"}],"wp:attachment":[{"href":"https:\/\/quintadomontetravesso.com\/es\/wp-json\/wp\/v2\/media?parent=3159"}],"curies":[{"name":"wp","href":"https:\/\/api.w.org\/{rel}","templated":true}]}}