{"id":5305,"date":"2025-12-15T16:57:15","date_gmt":"2025-12-15T16:57:15","guid":{"rendered":"https:\/\/quintadomontetravesso.com\/?post_type=product&#038;p=5305"},"modified":"2025-12-18T12:29:43","modified_gmt":"2025-12-18T12:29:43","slug":"quinta-do-monte-travesso-judith","status":"publish","type":"product","link":"https:\/\/quintadomontetravesso.com\/en\/loja-online\/quinta-do-monte-travesso-judith\/","title":{"rendered":"Quinta do Monte Travesso - Judith 2022"},"content":{"rendered":"<p class=\"p1\"><strong>Name:<\/strong> DOC - Douro<\/p>\n<p class=\"p1\"><strong>Grape varieties:<\/strong> Old vines, with a strong predominance of Touriga Nacional.<\/p>\n<p class=\"p1\"><strong>Production characteristics:<\/strong><\/p>\n<ul>\n<li class=\"p1\">Cima Corgo;<\/li>\n<li class=\"p1\">Schist soil;<\/li>\n<li class=\"p1\">0.5 ha;<\/li>\n<li class=\"p1\">400 m altitude;<\/li>\n<li class=\"p2\">Exhibition - South<\/li>\n<li class=\"p3\">Plot production: 3.5 ton\/ha<\/li>\n<\/ul>\n<p class=\"p1\"><strong>Vinification:<\/strong> After careful collection of the grapes in small capacity boxes, the grapes are completely destemmed; prolonged alcoholic fermentation in temperature-controlled treading mills, followed by spontaneous malo-lactic fermentation.<\/p>\n<p class=\"p1\"><strong>Internship:<\/strong> 16 months in 3 new 225-liter French oak barrels (Seguin Moreau and Fran\u00e7ois Fr\u00e8res).<\/p>\n<p class=\"p1\"><strong>Filtration:<\/strong> Cartridge + Membrane.<\/p>\n<p class=\"p1\"><strong>Physical and chemical analysis:<\/strong> Alcohol - 13%; Total Acidity - 6.40 g\/dm<span class=\"s1\">3<\/span>; pH - 3.68<\/p>\n<p class=\"p1\"><strong>Tasting Notes:<\/strong><\/p>\n<p class=\"p1\"><strong>Visual examination:<\/strong> Clear with a deep ruby red color.<\/p>\n<p class=\"p1\"><strong>Olfactory examination:<\/strong> Great aromatic complexity, with notes of black fruit that evolve into jammy fruit and dark chocolate, adding a well-defined smokiness.<\/p>\n<p class=\"p1\"><strong>Taste test:<\/strong> Freshness, good volume and firm tannins with plenty of structure. Long, intense finish.<\/p>","protected":false},"excerpt":{"rendered":"<p>Denomina\u00e7\u00e3o: DOC \u2013 Douro Castas: Vinhas Velhas, com forte predomin\u00e2ncia de Touriga Nacional. Caracter\u00edsticas de Produ\u00e7\u00e3o: Cima Corgo; Solo xistoso; 0,5 ha; 400 m altitude; Exposi\u00e7\u00e3o &#8211; Sul Produ\u00e7\u00e3o da parcela : 3,5 ton\/ha Vinifica\u00e7\u00e3o: Ap\u00f3s uma cuidada recolha das uvas em caixas de pequena capacidade, as uvas s\u00e3o totalmente desenga\u00e7adas; Fermenta\u00e7\u00e3o Alco\u00f3lica prolongada em [&hellip;]<\/p>\n","protected":false},"featured_media":5291,"template":"","meta":[],"product_brand":[],"product_cat":[35,45],"product_tag":[50],"class_list":{"0":"post-5305","1":"product","2":"type-product","3":"status-publish","4":"has-post-thumbnail","6":"product_cat-tinto","7":"product_cat-vinho","8":"product_tag-vinho","10":"first","11":"instock","12":"shipping-taxable","13":"purchasable","14":"product-type-simple"},"_links":{"self":[{"href":"https:\/\/quintadomontetravesso.com\/en\/wp-json\/wp\/v2\/product\/5305","targetHints":{"allow":["GET"]}}],"collection":[{"href":"https:\/\/quintadomontetravesso.com\/en\/wp-json\/wp\/v2\/product"}],"about":[{"href":"https:\/\/quintadomontetravesso.com\/en\/wp-json\/wp\/v2\/types\/product"}],"wp:featuredmedia":[{"embeddable":true,"href":"https:\/\/quintadomontetravesso.com\/en\/wp-json\/wp\/v2\/media\/5291"}],"wp:attachment":[{"href":"https:\/\/quintadomontetravesso.com\/en\/wp-json\/wp\/v2\/media?parent=5305"}],"wp:term":[{"taxonomy":"product_brand","embeddable":true,"href":"https:\/\/quintadomontetravesso.com\/en\/wp-json\/wp\/v2\/product_brand?post=5305"},{"taxonomy":"product_cat","embeddable":true,"href":"https:\/\/quintadomontetravesso.com\/en\/wp-json\/wp\/v2\/product_cat?post=5305"},{"taxonomy":"product_tag","embeddable":true,"href":"https:\/\/quintadomontetravesso.com\/en\/wp-json\/wp\/v2\/product_tag?post=5305"}],"curies":[{"name":"wp","href":"https:\/\/api.w.org\/{rel}","templated":true}]}}