{"id":5303,"date":"2025-12-15T16:55:26","date_gmt":"2025-12-15T16:55:26","guid":{"rendered":"https:\/\/quintadomontetravesso.com\/?post_type=product&#038;p=5303"},"modified":"2026-03-03T15:11:27","modified_gmt":"2026-03-03T15:11:27","slug":"capela","status":"publish","type":"product","link":"https:\/\/quintadomontetravesso.com\/en\/loja-online\/capela\/","title":{"rendered":"Capela - Touriga Nacional 2023"},"content":{"rendered":"<p class=\"p1\"><strong>Name:<\/strong> DOC - Douro<\/p>\n<p class=\"p1\"><strong>Grape varieties:<\/strong> 100% TOURIGA NACIONAL.<\/p>\n<p class=\"p1\"><strong>Production characteristics:<\/strong><\/p>\n<ul>\n<li class=\"p1\">Cima Corgo;<\/li>\n<li class=\"p1\">Schist soil;<\/li>\n<li class=\"p1\">450m average altitude;<\/li>\n<li class=\"p1\">Average age of vines: 50 years.<\/li>\n<\/ul>\n<p class=\"p1\"><strong>Vinification:<\/strong> After careful collection of the grapes in small capacity boxes, the grapes are completely destemmed; alcoholic fermentation in temperature-controlled treading mills, followed by spontaneous malo-lactic fermentation.<\/p>\n<p class=\"p1\"><strong>Internship:<\/strong> 12 months in new 225-liter Fran\u00e7ois Fr\u00e9res, Taransaud and Seguin Moreau barrels.<\/p>\n<p class=\"p1\"><strong>Filtration:<\/strong> Cartridge + Membrane<\/p>\n<p class=\"p1\"><strong>Physical and chemical analysis: <\/strong>Alcohol - 14.5%; Total Acidity - 5.8 g\/dm<span class=\"s1\">3<\/span>; pH - 3.74<\/p>\n<p class=\"p1\"><strong>Tasting Notes:<\/strong><\/p>\n<p class=\"p1\"><strong>Visual examination:<\/strong> Clear, deep ruby red color<\/p>\n<p class=\"p1\"><strong>Olfactory examination:<\/strong> Very complex, with notes of black fruit, menthol, chocolate and a slight smokiness.<\/p>\n<p class=\"p1\"><strong>Taste test:<\/strong> Elegant, fresh, good volume and firm tannins with plenty of structure. Long, intense finish.<\/p>","protected":false},"excerpt":{"rendered":"<p>Denomina\u00e7\u00e3o: DOC \u2013 Douro Castas: 100% TOURIGA NACIONAL. Caracter\u00edsticas de Produ\u00e7\u00e3o: Cima Corgo; Solo xistoso; 450m altitude m\u00e9dia; Idade m\u00e9dia da vinha: 50 anos. Vinifica\u00e7\u00e3o: Ap\u00f3s uma cuidada recolha das uvas em caixas de pequena capacidade, as uvas s\u00e3o totalmente desenga\u00e7adas; Fermenta\u00e7\u00e3o Alco\u00f3lica em lagares com pisa a p\u00e9 com controlo de temperatura, seguida de [&hellip;]<\/p>\n","protected":false},"featured_media":5286,"template":"","meta":[],"product_brand":[],"product_cat":[35,45],"product_tag":[50],"class_list":{"0":"post-5303","1":"product","2":"type-product","3":"status-publish","4":"has-post-thumbnail","6":"product_cat-tinto","7":"product_cat-vinho","8":"product_tag-vinho","10":"first","11":"instock","12":"shipping-taxable","13":"purchasable","14":"product-type-simple"},"_links":{"self":[{"href":"https:\/\/quintadomontetravesso.com\/en\/wp-json\/wp\/v2\/product\/5303","targetHints":{"allow":["GET"]}}],"collection":[{"href":"https:\/\/quintadomontetravesso.com\/en\/wp-json\/wp\/v2\/product"}],"about":[{"href":"https:\/\/quintadomontetravesso.com\/en\/wp-json\/wp\/v2\/types\/product"}],"wp:featuredmedia":[{"embeddable":true,"href":"https:\/\/quintadomontetravesso.com\/en\/wp-json\/wp\/v2\/media\/5286"}],"wp:attachment":[{"href":"https:\/\/quintadomontetravesso.com\/en\/wp-json\/wp\/v2\/media?parent=5303"}],"wp:term":[{"taxonomy":"product_brand","embeddable":true,"href":"https:\/\/quintadomontetravesso.com\/en\/wp-json\/wp\/v2\/product_brand?post=5303"},{"taxonomy":"product_cat","embeddable":true,"href":"https:\/\/quintadomontetravesso.com\/en\/wp-json\/wp\/v2\/product_cat?post=5303"},{"taxonomy":"product_tag","embeddable":true,"href":"https:\/\/quintadomontetravesso.com\/en\/wp-json\/wp\/v2\/product_tag?post=5303"}],"curies":[{"name":"wp","href":"https:\/\/api.w.org\/{rel}","templated":true}]}}