{"id":5301,"date":"2025-12-15T16:49:48","date_gmt":"2025-12-15T16:49:48","guid":{"rendered":"https:\/\/quintadomontetravesso.com\/?post_type=product&#038;p=5301"},"modified":"2025-12-18T12:28:15","modified_gmt":"2025-12-18T12:28:15","slug":"quinta-do-monte-travesso-tinto-cao-2024","status":"publish","type":"product","link":"https:\/\/quintadomontetravesso.com\/en\/loja-online\/quinta-do-monte-travesso-tinto-cao-2024\/","title":{"rendered":"Quinta do Monte Travesso - Tinto C\u00e3o 2024"},"content":{"rendered":"<p class=\"p1\"><strong>Name:<\/strong> DOC - Douro<\/p>\n<p class=\"p1\"><strong>Grape varieties:<\/strong> 100% RED DOG.<\/p>\n<p class=\"p1\"><strong>Production characteristics:<\/strong><\/p>\n<ul>\n<li class=\"p1\">Cima Corgo;<\/li>\n<li class=\"p1\">Schist soil;<\/li>\n<li class=\"p2\">500m altitude;<\/li>\n<li class=\"p3\">Average vine age: 25 years;<\/li>\n<\/ul>\n<p class=\"p1\"><strong>Vinification:<\/strong> After careful collection of the grapes in small capacity boxes, they are carefully pressed in a pneumatic press; this is followed by decanting for 48 hours at a low temperature; prolonged fermentation in stainless steel vats with temperature control in order to preserve the varietal aromas of the grapes.<\/p>\n<p class=\"p1\"><strong>Filtration:<\/strong> Cartridge + Membrane<\/p>\n<p class=\"p1\"><strong>Physical and chemical analysis: <\/strong>Alcohol - 13%; Total Acidity - 6.5 g\/dm3; pH - 3.40<\/p>\n<p class=\"p1\"><strong>Tasting Notes:<\/strong><\/p>\n<p class=\"p1\"><strong>Visual examination:<\/strong> Clear with a light salmon color;<\/p>\n<p class=\"p1\"><strong>Olfactory examination:<\/strong> Red fruits like cherries, with fresh, floral notes like violets;<\/p>\n<p class=\"p1\"><strong>Taste test:<\/strong> Pleasant, persistent freshness and remarkable elegance with the grape variety's own notes.<\/p>","protected":false},"excerpt":{"rendered":"<p>Denomina\u00e7\u00e3o: DOC \u2013 Douro Castas: 100% TINTO C\u00c3O. Caracter\u00edsticas de Produ\u00e7\u00e3o: Cima Corgo; Solo xistoso; 500m altitude; Idade m\u00e9dia da vinha: 25 anos; Vinifica\u00e7\u00e3o: Ap\u00f3s uma cuidada recolha das uvas em caixas de pequena capacidade, as uvas s\u00e3o cuidadosamente prensadas em prensa pneum\u00e1tica; segue-se a decanta\u00e7\u00e3o durante 48 horas a baixa temperatura; fermenta\u00e7\u00e3o prolongada em [&hellip;]<\/p>\n","protected":false},"featured_media":5284,"template":"","meta":[],"product_brand":[],"product_cat":[38,45],"product_tag":[50],"class_list":{"0":"post-5301","1":"product","2":"type-product","3":"status-publish","4":"has-post-thumbnail","6":"product_cat-rose","7":"product_cat-vinho","8":"product_tag-vinho","10":"first","11":"instock","12":"shipping-taxable","13":"purchasable","14":"product-type-simple"},"_links":{"self":[{"href":"https:\/\/quintadomontetravesso.com\/en\/wp-json\/wp\/v2\/product\/5301","targetHints":{"allow":["GET"]}}],"collection":[{"href":"https:\/\/quintadomontetravesso.com\/en\/wp-json\/wp\/v2\/product"}],"about":[{"href":"https:\/\/quintadomontetravesso.com\/en\/wp-json\/wp\/v2\/types\/product"}],"wp:featuredmedia":[{"embeddable":true,"href":"https:\/\/quintadomontetravesso.com\/en\/wp-json\/wp\/v2\/media\/5284"}],"wp:attachment":[{"href":"https:\/\/quintadomontetravesso.com\/en\/wp-json\/wp\/v2\/media?parent=5301"}],"wp:term":[{"taxonomy":"product_brand","embeddable":true,"href":"https:\/\/quintadomontetravesso.com\/en\/wp-json\/wp\/v2\/product_brand?post=5301"},{"taxonomy":"product_cat","embeddable":true,"href":"https:\/\/quintadomontetravesso.com\/en\/wp-json\/wp\/v2\/product_cat?post=5301"},{"taxonomy":"product_tag","embeddable":true,"href":"https:\/\/quintadomontetravesso.com\/en\/wp-json\/wp\/v2\/product_tag?post=5301"}],"curies":[{"name":"wp","href":"https:\/\/api.w.org\/{rel}","templated":true}]}}