{"id":5275,"date":"2025-12-15T15:30:59","date_gmt":"2025-12-15T15:30:59","guid":{"rendered":"https:\/\/quintadomontetravesso.com\/?post_type=product&#038;p=5275"},"modified":"2025-12-18T12:15:00","modified_gmt":"2025-12-18T12:15:00","slug":"travesso-branco","status":"publish","type":"product","link":"https:\/\/quintadomontetravesso.com\/en\/loja-online\/travesso-branco\/","title":{"rendered":"Travesso - White 2024"},"content":{"rendered":"<p class=\"p2\"><strong>Name:<\/strong> DOC - Douro<\/p>\n<p class=\"p2\"><strong>Grape varieties:<\/strong> Gouveio, Rabigato, Viosinho and C\u00f3dega do Larinho.<\/p>\n<p class=\"p2\"><strong>Production characteristics:<\/strong><\/p>\n<ul>\n<li class=\"p2\">Cima Corgo;<\/li>\n<li class=\"p2\">Schist soil;<\/li>\n<li class=\"p3\">450m average altitude;<\/li>\n<li class=\"p4\">Average vine age: 15 years;<\/li>\n<\/ul>\n<p class=\"p2\"><strong>Vinification:<\/strong> After careful collection of the grapes in small boxes, the grapes are completely destemmed; fermentation follows in temperature-controlled stainless steel vats.<\/p>\n<p class=\"p2\"><strong>Internship:<\/strong> In stainless steel and then in a bottle<\/p>\n<p class=\"p2\"><strong>Filtration:<\/strong> Cartridge + Membrane<\/p>\n<p class=\"p2\"><strong>Physical and chemical analysis: <\/strong>Alcohol - 13%; Total Acidity - 7.0 g\/dm3; pH - 3.16<\/p>\n<p class=\"p2\"><strong>Tasting Notes:<\/strong><\/p>\n<p class=\"p2\"><strong>Visual examination:<\/strong> Clear, greenish citrus color;<\/p>\n<p class=\"p2\"><strong>Olfactory examination:<\/strong> Notes of ripe white and stone fruit such as peaches and apples;<\/p>\n<p class=\"p2\"><strong>Taste test:<\/strong> A round wine, with a good persistence combined with prolonged freshness, which makes it a pleasant wine to drink.<\/p>","protected":false},"excerpt":{"rendered":"<p>Denomina\u00e7\u00e3o: DOC \u2013 Douro Castas: Gouveio, Rabigato, Viosinho e C\u00f3dega do Larinho. Caracter\u00edsticas de Produ\u00e7\u00e3o: Cima Corgo; Solo xistoso; 450m altitude m\u00e9dia; Idade m\u00e9dia da vinha: 15 anos.; Vinifica\u00e7\u00e3o: Ap\u00f3s uma cuidada recolha das uvas em caixas de pequena capacidade, as uvas s\u00e3o totalmente desenga\u00e7adas; segue-se a fermenta\u00e7\u00e3o em cuba de inox com controlo de [&hellip;]<\/p>\n","protected":false},"featured_media":5277,"template":"","meta":[],"product_brand":[],"product_cat":[39,45],"product_tag":[50],"class_list":{"0":"post-5275","1":"product","2":"type-product","3":"status-publish","4":"has-post-thumbnail","6":"product_cat-branco","7":"product_cat-vinho","8":"product_tag-vinho","10":"first","11":"instock","12":"shipping-taxable","13":"purchasable","14":"product-type-simple"},"_links":{"self":[{"href":"https:\/\/quintadomontetravesso.com\/en\/wp-json\/wp\/v2\/product\/5275","targetHints":{"allow":["GET"]}}],"collection":[{"href":"https:\/\/quintadomontetravesso.com\/en\/wp-json\/wp\/v2\/product"}],"about":[{"href":"https:\/\/quintadomontetravesso.com\/en\/wp-json\/wp\/v2\/types\/product"}],"wp:featuredmedia":[{"embeddable":true,"href":"https:\/\/quintadomontetravesso.com\/en\/wp-json\/wp\/v2\/media\/5277"}],"wp:attachment":[{"href":"https:\/\/quintadomontetravesso.com\/en\/wp-json\/wp\/v2\/media?parent=5275"}],"wp:term":[{"taxonomy":"product_brand","embeddable":true,"href":"https:\/\/quintadomontetravesso.com\/en\/wp-json\/wp\/v2\/product_brand?post=5275"},{"taxonomy":"product_cat","embeddable":true,"href":"https:\/\/quintadomontetravesso.com\/en\/wp-json\/wp\/v2\/product_cat?post=5275"},{"taxonomy":"product_tag","embeddable":true,"href":"https:\/\/quintadomontetravesso.com\/en\/wp-json\/wp\/v2\/product_tag?post=5275"}],"curies":[{"name":"wp","href":"https:\/\/api.w.org\/{rel}","templated":true}]}}