{"id":4053,"date":"2022-05-03T19:41:57","date_gmt":"2022-05-03T19:41:57","guid":{"rendered":"https:\/\/quintadomontetravesso.com\/?post_type=product&#038;p=4053"},"modified":"2025-12-18T12:24:58","modified_gmt":"2025-12-18T12:24:58","slug":"quinta-do-monte-travesso-tinto","status":"publish","type":"product","link":"https:\/\/quintadomontetravesso.com\/en\/loja-online\/quinta-do-monte-travesso-tinto\/","title":{"rendered":"Quinta do Monte Travesso - Red 2024"},"content":{"rendered":"<p class=\"p1\"><strong>Name:<\/strong> DOC - Douro<\/p>\n<p class=\"p1\"><strong>Grape varieties:<\/strong> Touriga Nacional, Touriga Franca and Tinto C\u00e3o.<\/p>\n<p class=\"p1\"><strong>Production characteristics:<\/strong><\/p>\n<ul>\n<li class=\"p1\">Cima Corgo;<\/li>\n<li class=\"p1\">Shale soil<\/li>\n<li class=\"p2\">450m average altitude;<\/li>\n<li class=\"p2\">Average vine age: 25 years<\/li>\n<\/ul>\n<p class=\"p1\"><strong>Vinification:<\/strong> After careful collection of the grapes in small capacity boxes, the grapes are completely destemmed; this is followed by prolonged alcoholic fermentation (part in lagares with foot treading and part in fermentation vats) with temperature control, followed by spontaneous malo-lactic fermentation.<\/p>\n<p class=\"p1\"><strong>Internship:<\/strong> 9 months in 500 liter used French oak barrels.Filtration: Cartux + Membrane<\/p>\n<p class=\"p1\"><strong>Physical and chemical analysis: <\/strong>Alcohol - 13.5%; Total Acidity - 5.5 g\/dm3; pH - 3.64<\/p>\n<p class=\"p1\"><strong>Tasting Notes:<\/strong><\/p>\n<p class=\"p1\"><strong>Visual examination:<\/strong> Clear, ruby color;<\/p>\n<p class=\"p1\"><strong>Olfactory examination:<\/strong> Complexity and elegance; notes of red fruit, wet earth and a slight smokiness;<\/p>\n<p class=\"p1\"><strong>Taste test:<\/strong> Good structure, with a good attack and a pleasant, persistent finish.<\/p>","protected":false},"excerpt":{"rendered":"<p>Denomina\u00e7\u00e3o: DOC \u2013 Douro Castas: Touriga Nacional, Touriga Franca e Tinto C\u00e3o. Caracter\u00edsticas de Produ\u00e7\u00e3o: Cima Corgo; Solo xistoso 450m altitude m\u00e9dia; Idade m\u00e9dia da vinha: 25 anos Vinifica\u00e7\u00e3o: Ap\u00f3s uma cuidada recolha das uvas em caixas de pequena capacidade, as uvas s\u00e3o totalmente desenga\u00e7adas; segue-se a Fermenta\u00e7\u00e3o Alco\u00f3lica prolongada (parte em lagares com pisa [&hellip;]<\/p>\n","protected":false},"featured_media":5281,"template":"","meta":[],"product_brand":[],"product_cat":[35,45],"product_tag":[50],"class_list":{"0":"post-4053","1":"product","2":"type-product","3":"status-publish","4":"has-post-thumbnail","6":"product_cat-tinto","7":"product_cat-vinho","8":"product_tag-vinho","10":"first","11":"instock","12":"shipping-taxable","13":"purchasable","14":"product-type-simple"},"_links":{"self":[{"href":"https:\/\/quintadomontetravesso.com\/en\/wp-json\/wp\/v2\/product\/4053","targetHints":{"allow":["GET"]}}],"collection":[{"href":"https:\/\/quintadomontetravesso.com\/en\/wp-json\/wp\/v2\/product"}],"about":[{"href":"https:\/\/quintadomontetravesso.com\/en\/wp-json\/wp\/v2\/types\/product"}],"wp:featuredmedia":[{"embeddable":true,"href":"https:\/\/quintadomontetravesso.com\/en\/wp-json\/wp\/v2\/media\/5281"}],"wp:attachment":[{"href":"https:\/\/quintadomontetravesso.com\/en\/wp-json\/wp\/v2\/media?parent=4053"}],"wp:term":[{"taxonomy":"product_brand","embeddable":true,"href":"https:\/\/quintadomontetravesso.com\/en\/wp-json\/wp\/v2\/product_brand?post=4053"},{"taxonomy":"product_cat","embeddable":true,"href":"https:\/\/quintadomontetravesso.com\/en\/wp-json\/wp\/v2\/product_cat?post=4053"},{"taxonomy":"product_tag","embeddable":true,"href":"https:\/\/quintadomontetravesso.com\/en\/wp-json\/wp\/v2\/product_tag?post=4053"}],"curies":[{"name":"wp","href":"https:\/\/api.w.org\/{rel}","templated":true}]}}