{"id":4049,"date":"2022-05-03T19:24:14","date_gmt":"2022-05-03T19:24:14","guid":{"rendered":"https:\/\/quintadomontetravesso.com\/?post_type=product&#038;p=4049"},"modified":"2025-12-18T12:32:33","modified_gmt":"2025-12-18T12:32:33","slug":"quinta-do-monte-travesso-reserva-tinto","status":"publish","type":"product","link":"https:\/\/quintadomontetravesso.com\/en\/loja-online\/quinta-do-monte-travesso-reserva-tinto\/","title":{"rendered":"Quinta do Monte Travesso - Reserve Red 2023"},"content":{"rendered":"<p class=\"p1\"><strong>Name:<\/strong> DOC - Douro<\/p>\n<p class=\"p1\"><strong>Grape varieties:<\/strong> Touriga Nacional; Touriga Franca and Sous\u00e3o.<\/p>\n<p class=\"p1\"><strong>Production characteristics:<\/strong><\/p>\n<ul>\n<li class=\"p1\">Cima Corgo;<\/li>\n<li class=\"p1\">Schist soil;<\/li>\n<li class=\"p1\">450m average altitude;<\/li>\n<li class=\"p1\">Average vine age: 25 years.<\/li>\n<\/ul>\n<p class=\"p1\"><strong>Vinification:<\/strong> After careful collection of the grapes in small capacity crates, they are completely destemmed; prolonged alcoholic fermentation (part in foot treading mills, part in small capacity vats) with temperature control, followed by spontaneous malo-lactic fermentation.<\/p>\n<p class=\"p1\"><strong>Internship:<\/strong> 14 months in 225 liter French oak barrels<\/p>\n<p class=\"p1\"><strong>Filtration:<\/strong> Cartridge + Membrane<\/p>\n<p class=\"p1\"><strong>Physical and chemical analysis:<\/strong> Alcohol - 13.5%; Total Acidity - 5.6 g\/dm<span class=\"s1\">3<\/span>; pH - 3.62<\/p>\n<p class=\"p1\"><strong>Tasting Notes:<\/strong><\/p>\n<p class=\"p1\"><strong>Visual examination:<\/strong> Clear, deep ruby red color<\/p>\n<p class=\"p1\"><strong>Olfactory examination:<\/strong> Very complex, with notes of red fruit, jam, chocolate and a slight smokiness.<\/p>\n<p class=\"p1\"><strong>Taste test:<\/strong> Freshness, good volume and intense tannins with plenty of structure. Long, intense finish.<\/p>","protected":false},"excerpt":{"rendered":"<p>Denomina\u00e7\u00e3o: DOC \u2013 Douro Castas: Touriga Nacional; Touriga Franca e Sous\u00e3o. Caracter\u00edsticas de Produ\u00e7\u00e3o: Cima Corgo; Solo xistoso; 450m altitude m\u00e9dia; Idade m\u00e9dia da vinha: 25 anos. Vinifica\u00e7\u00e3o: Ap\u00f3s uma cuidada recolha das uvas em caixas de pequena capacidade, as uvas s\u00e3o totalmente desenga\u00e7adas; Fermenta\u00e7\u00e3o Alco\u00f3lica prolongada (parte em lagares com pisa a p\u00e9, parte [&hellip;]<\/p>\n","protected":false},"featured_media":5289,"template":"","meta":[],"product_brand":[],"product_cat":[49,35,45],"product_tag":[50],"class_list":{"0":"post-4049","1":"product","2":"type-product","3":"status-publish","4":"has-post-thumbnail","6":"product_cat-reserva","7":"product_cat-tinto","8":"product_cat-vinho","9":"product_tag-vinho","11":"first","12":"instock","13":"shipping-taxable","14":"purchasable","15":"product-type-simple"},"_links":{"self":[{"href":"https:\/\/quintadomontetravesso.com\/en\/wp-json\/wp\/v2\/product\/4049","targetHints":{"allow":["GET"]}}],"collection":[{"href":"https:\/\/quintadomontetravesso.com\/en\/wp-json\/wp\/v2\/product"}],"about":[{"href":"https:\/\/quintadomontetravesso.com\/en\/wp-json\/wp\/v2\/types\/product"}],"wp:featuredmedia":[{"embeddable":true,"href":"https:\/\/quintadomontetravesso.com\/en\/wp-json\/wp\/v2\/media\/5289"}],"wp:attachment":[{"href":"https:\/\/quintadomontetravesso.com\/en\/wp-json\/wp\/v2\/media?parent=4049"}],"wp:term":[{"taxonomy":"product_brand","embeddable":true,"href":"https:\/\/quintadomontetravesso.com\/en\/wp-json\/wp\/v2\/product_brand?post=4049"},{"taxonomy":"product_cat","embeddable":true,"href":"https:\/\/quintadomontetravesso.com\/en\/wp-json\/wp\/v2\/product_cat?post=4049"},{"taxonomy":"product_tag","embeddable":true,"href":"https:\/\/quintadomontetravesso.com\/en\/wp-json\/wp\/v2\/product_tag?post=4049"}],"curies":[{"name":"wp","href":"https:\/\/api.w.org\/{rel}","templated":true}]}}