{"id":4042,"date":"2022-05-03T19:12:48","date_gmt":"2022-05-03T19:12:48","guid":{"rendered":"https:\/\/quintadomontetravesso.com\/?post_type=product&#038;p=4042"},"modified":"2025-12-18T12:38:07","modified_gmt":"2025-12-18T12:38:07","slug":"quinta-do-monte-travesso-branco-reserva","status":"publish","type":"product","link":"https:\/\/quintadomontetravesso.com\/en\/loja-online\/quinta-do-monte-travesso-branco-reserva\/","title":{"rendered":"Quinta do Monte Travesso - Reserve White Old Vines 2022"},"content":{"rendered":"<p class=\"p1\"><strong>Name:<\/strong> DOC - Douro<\/p>\n<p class=\"p1\"><strong>Grape varieties:<\/strong> VINHAS VELHAS with 24 grape varieties identified with OIV descriptors (Gouveio, Viosinho and Rabigato predominate).<\/p>\n<p class=\"p1\"><strong>Production characteristics:<\/strong><\/p>\n<ul>\n<li class=\"p1\">Cima Corgo;<\/li>\n<li class=\"p1\">Schist soil;<\/li>\n<li class=\"p2\">480m altitude;<\/li>\n<li class=\"p1\">90 years.<\/li>\n<\/ul>\n<p class=\"p1\"><strong>Vinification:<\/strong> After careful collection of the grapes in small capacity boxes, they are carefully pressed in a pneumatic press; followed by decanting for 24 hours; fermentation begins in stainless steel vats followed by passage to temperature-controlled 500-liter barrels, where all the fermentation is gently carried out; periodic batonnage and continued aging in barrels until the end of April.<\/p>\n<p class=\"p1\"><strong>Filtration:<\/strong> Cartridge + Membrane<\/p>\n<p class=\"p1\"><strong>Physical and chemical analysis:<\/strong> Alcohol - 13.5%; Total Acidity - 5.8 g\/dm3; pH - 3.26<\/p>\n<p class=\"p1\"><strong>Tasting Notes:<\/strong><\/p>\n<p class=\"p1\"><strong>Visual examination:<\/strong> Clear citrus color<\/p>\n<p class=\"p1\"><strong>Olfactory examination:<\/strong> Citrusy, with well-integrated smokiness and spices.<\/p>\n<p class=\"p1\"><strong>Taste test:<\/strong> A wine with excellent structure and a very distinctive minerality that gives it freshness and persistence.<\/p>","protected":false},"excerpt":{"rendered":"<p>Denomina\u00e7\u00e3o: DOC \u2013 Douro Castas: VINHAS VELHAS com 24 castas identificadas com descritores da OIV (predominam Gouveio, Viosinho e Rabigato). Caracter\u00edsticas de Produ\u00e7\u00e3o: Cima Corgo; Solo xistoso; 480m altitude; 90 anos. Vinifica\u00e7\u00e3o: Ap\u00f3s uma cuidada recolha das uvas em caixas de pequena capacidade, as uvas s\u00e3o cuidadosamente prensadas em prensa pneum\u00e1tica; segue-se a decanta\u00e7\u00e3o durante [&hellip;]<\/p>\n","protected":false},"featured_media":5288,"template":"","meta":[],"product_brand":[],"product_cat":[39,49,45],"product_tag":[50],"class_list":{"0":"post-4042","1":"product","2":"type-product","3":"status-publish","4":"has-post-thumbnail","6":"product_cat-branco","7":"product_cat-reserva","8":"product_cat-vinho","9":"product_tag-vinho","11":"first","12":"instock","13":"shipping-taxable","14":"purchasable","15":"product-type-simple"},"_links":{"self":[{"href":"https:\/\/quintadomontetravesso.com\/en\/wp-json\/wp\/v2\/product\/4042","targetHints":{"allow":["GET"]}}],"collection":[{"href":"https:\/\/quintadomontetravesso.com\/en\/wp-json\/wp\/v2\/product"}],"about":[{"href":"https:\/\/quintadomontetravesso.com\/en\/wp-json\/wp\/v2\/types\/product"}],"wp:featuredmedia":[{"embeddable":true,"href":"https:\/\/quintadomontetravesso.com\/en\/wp-json\/wp\/v2\/media\/5288"}],"wp:attachment":[{"href":"https:\/\/quintadomontetravesso.com\/en\/wp-json\/wp\/v2\/media?parent=4042"}],"wp:term":[{"taxonomy":"product_brand","embeddable":true,"href":"https:\/\/quintadomontetravesso.com\/en\/wp-json\/wp\/v2\/product_brand?post=4042"},{"taxonomy":"product_cat","embeddable":true,"href":"https:\/\/quintadomontetravesso.com\/en\/wp-json\/wp\/v2\/product_cat?post=4042"},{"taxonomy":"product_tag","embeddable":true,"href":"https:\/\/quintadomontetravesso.com\/en\/wp-json\/wp\/v2\/product_tag?post=4042"}],"curies":[{"name":"wp","href":"https:\/\/api.w.org\/{rel}","templated":true}]}}