{"id":3998,"date":"2022-04-30T15:46:40","date_gmt":"2022-04-30T15:46:40","guid":{"rendered":"https:\/\/quintadomontetravesso.com\/?product=hoodie-with-logo"},"modified":"2025-12-18T12:20:02","modified_gmt":"2025-12-18T12:20:02","slug":"tinto-reserva","status":"publish","type":"product","link":"https:\/\/quintadomontetravesso.com\/en\/loja-online\/tinto-reserva\/","title":{"rendered":"Travesso - Red 2023"},"content":{"rendered":"<p class=\"p1\"><strong>Name:<\/strong> DOC - Douro<\/p>\n<p class=\"p1\"><strong>Grape varieties:<\/strong> Touriga Nacional, Touriga Franca and Tinta Roriz.<\/p>\n<p class=\"p1\"><strong>Production characteristics:<\/strong><\/p>\n<ul>\n<li class=\"p1\">Cima Corgo;<\/li>\n<li class=\"p1\">Schist soil;<\/li>\n<li class=\"p2\">450m average altitude;<\/li>\n<li class=\"p2\">Average vine age: 25 years;<\/li>\n<\/ul>\n<p class=\"p1\"><strong>Vinification:<\/strong> After careful collection of the grapes in small boxes, they are carefully pressed, followed by decanting for 24 hours and prolonged fermentation in temperature-controlled stainless steel vats.<\/p>\n<p class=\"p1\"><strong>Internship:<\/strong> In stainless steel and then in a bottle<\/p>\n<p class=\"p1\"><strong>Filtration:<\/strong> Cartridge + Membrane<\/p>\n<p class=\"p1\"><strong>Physical and chemical analysis: <\/strong>Alcohol - 13.5%; Total Acidity - 5.0 g\/dm3; pH - 3.67<\/p>\n<p class=\"p1\"><strong>Tasting Notes:<\/strong><\/p>\n<p class=\"p1\"><strong>Visual examination:<\/strong> Clear, ruby red color;<\/p>\n<p class=\"p1\"><strong>Olfactory examination:<\/strong> Notes of ripe red fruit such as cherry and strawberry;<\/p>\n<p class=\"p1\"><strong>Taste test:<\/strong> A very soft, \u201cround\u201d wine, with a good persistence and finish that makes it a pleasant wine to drink.<\/p>","protected":false},"excerpt":{"rendered":"<p>Denomina\u00e7\u00e3o: DOC \u2013 Douro Castas: Touriga Nacional, Touriga Franca e Tinta Roriz. Caracter\u00edsticas de Produ\u00e7\u00e3o: Cima Corgo; Solo xistoso; 450m altitude m\u00e9dia; Idade m\u00e9dia da vinha: 25 anos.; Vinifica\u00e7\u00e3o: Ap\u00f3s uma cuidada recolha das uvas em caixas de pequena capacidade, as uvas s\u00e3o cuidadosamente prensadas; segue-se uma decanta\u00e7\u00e3o durante 24 horas; fermenta\u00e7\u00e3o prolongada em cuba [&hellip;]<\/p>\n","protected":false},"featured_media":5279,"template":"","meta":[],"product_brand":[],"product_cat":[35,45],"product_tag":[50],"class_list":{"0":"post-3998","1":"product","2":"type-product","3":"status-publish","4":"has-post-thumbnail","6":"product_cat-tinto","7":"product_cat-vinho","8":"product_tag-vinho","10":"first","11":"instock","12":"shipping-taxable","13":"purchasable","14":"product-type-simple"},"_links":{"self":[{"href":"https:\/\/quintadomontetravesso.com\/en\/wp-json\/wp\/v2\/product\/3998","targetHints":{"allow":["GET"]}}],"collection":[{"href":"https:\/\/quintadomontetravesso.com\/en\/wp-json\/wp\/v2\/product"}],"about":[{"href":"https:\/\/quintadomontetravesso.com\/en\/wp-json\/wp\/v2\/types\/product"}],"wp:featuredmedia":[{"embeddable":true,"href":"https:\/\/quintadomontetravesso.com\/en\/wp-json\/wp\/v2\/media\/5279"}],"wp:attachment":[{"href":"https:\/\/quintadomontetravesso.com\/en\/wp-json\/wp\/v2\/media?parent=3998"}],"wp:term":[{"taxonomy":"product_brand","embeddable":true,"href":"https:\/\/quintadomontetravesso.com\/en\/wp-json\/wp\/v2\/product_brand?post=3998"},{"taxonomy":"product_cat","embeddable":true,"href":"https:\/\/quintadomontetravesso.com\/en\/wp-json\/wp\/v2\/product_cat?post=3998"},{"taxonomy":"product_tag","embeddable":true,"href":"https:\/\/quintadomontetravesso.com\/en\/wp-json\/wp\/v2\/product_tag?post=3998"}],"curies":[{"name":"wp","href":"https:\/\/api.w.org\/{rel}","templated":true}]}}