{"id":3196,"date":"2022-03-29T15:23:55","date_gmt":"2022-03-29T15:23:55","guid":{"rendered":"https:\/\/yonwine.com\/?page_id=3196"},"modified":"2026-02-20T11:48:20","modified_gmt":"2026-02-20T11:48:20","slug":"termos-e-condicoes","status":"publish","type":"page","link":"https:\/\/quintadomontetravesso.com\/en\/termos-e-condicoes\/","title":{"rendered":"Terms and conditions"},"content":{"rendered":"<div data-elementor-type=\"wp-page\" data-elementor-id=\"3196\" class=\"elementor elementor-3196\" data-elementor-post-type=\"page\">\n\t\t\t\t\t\t<section class=\"elementor-section elementor-top-section elementor-element elementor-element-d0b232f elementor-section-height-min-height elementor-section-boxed elementor-section-height-default elementor-section-items-middle\" data-id=\"d0b232f\" data-element_type=\"section\" data-e-type=\"section\" data-settings=\"{&quot;background_background&quot;:&quot;classic&quot;}\">\n\t\t\t\t\t\t\t<div class=\"elementor-background-overlay\"><\/div>\n\t\t\t\t\t\t\t<div class=\"elementor-container elementor-column-gap-default\">\n\t\t\t\t\t<div class=\"elementor-column elementor-col-100 elementor-top-column elementor-element elementor-element-111cdc0\" data-id=\"111cdc0\" data-element_type=\"column\" data-e-type=\"column\">\n\t\t\t<div class=\"elementor-widget-wrap elementor-element-populated\">\n\t\t\t\t\t\t<div class=\"elementor-element elementor-element-8130b48 elementor-widget elementor-widget-heading\" data-id=\"8130b48\" data-element_type=\"widget\" data-e-type=\"widget\" data-widget_type=\"heading.default\">\n\t\t\t\t<div class=\"elementor-widget-container\">\n\t\t\t\t\t<h2 class=\"elementor-heading-title elementor-size-default\">Terms and conditions<\/h2>\t\t\t\t<\/div>\n\t\t\t\t<\/div>\n\t\t\t\t\t<\/div>\n\t\t<\/div>\n\t\t\t\t\t<\/div>\n\t\t<\/section>\n\t\t\t\t<section class=\"elementor-section elementor-top-section elementor-element elementor-element-afac3f0 elementor-section-height-min-height elementor-section-boxed elementor-section-height-default elementor-section-items-middle\" data-id=\"afac3f0\" data-element_type=\"section\" data-e-type=\"section\" data-settings=\"{&quot;background_background&quot;:&quot;classic&quot;}\">\n\t\t\t\t\t\t\t<div class=\"elementor-background-overlay\"><\/div>\n\t\t\t\t\t\t\t<div class=\"elementor-container elementor-column-gap-extended\">\n\t\t\t\t\t<div class=\"elementor-column elementor-col-100 elementor-top-column elementor-element elementor-element-288574d\" data-id=\"288574d\" data-element_type=\"column\" data-e-type=\"column\">\n\t\t\t<div class=\"elementor-widget-wrap elementor-element-populated\">\n\t\t\t\t\t\t<div class=\"elementor-element elementor-element-9f4d9fe elementor-widget elementor-widget-text-editor\" data-id=\"9f4d9fe\" data-element_type=\"widget\" data-e-type=\"widget\" data-widget_type=\"text-editor.default\">\n\t\t\t\t<div class=\"elementor-widget-container\">\n\t\t\t\t\t\t\t\t\t<h2>GENERAL TERMS AND CONDITIONS<\/h2><p>These Terms and Conditions govern your use of the website <a href=\"https:\/\/quintadomontetravesso.com\/en\/\" target=\"_blank\" rel=\"noopener\" data-saferedirecturl=\"https:\/\/www.google.com\/url?q=http:\/\/www.quintadomontetravesso.com\/&amp;source=gmail&amp;ust=1771672602238000&amp;usg=AOvVaw02EHXEGj4bKIoTQpYG2V1h\">www<wbr \/>.quintadomontetravesso.com<\/a>\u00a0and its relationship with <strong>Quinta do Monte Travesso, Unipessoal Lda.<\/strong> (the \"Company\", \"we\" or \"us\"). Please read them carefully as they affect your rights and responsibilities under the law. If you do not agree to these Terms and Conditions, please do not use the site <a href=\"https:\/\/quintadomontetravesso.com\/en\/\" target=\"_blank\" rel=\"noopener\" data-saferedirecturl=\"https:\/\/www.google.com\/url?q=http:\/\/www.quintadomontetravesso.com\/&amp;source=gmail&amp;ust=1771672602238000&amp;usg=AOvVaw02EHXEGj4bKIoTQpYG2V1h\">www<wbr \/>.quintadomontetravesso.com<\/a>. If you have any questions about the Terms and Conditions, please send an email to <a href=\"mailto:privacy@quintadomontetravesso.com\" target=\"_blank\" rel=\"noopener\">privacy@<wbr \/>quintadomontetravesso.com<\/a>.<\/p><h3>\u00a0<\/h3><h3>USE OF THE SITE<\/h3><p>When using the site <a href=\"https:\/\/quintadomontetravesso.com\/en\/\" target=\"_blank\" rel=\"noopener\" data-saferedirecturl=\"https:\/\/www.google.com\/url?q=http:\/\/www.quintadomontetravesso.com\/&amp;source=gmail&amp;ust=1771672602238000&amp;usg=AOvVaw02EHXEGj4bKIoTQpYG2V1h\">www<wbr \/>.quintadomontetravesso.com<\/a>You agree to be bound by these Terms and Conditions. References to these Terms and Conditions include the consumer's terms of sale.<\/p><p>The purchase of any product at <a href=\"https:\/\/quintadomontetravesso.com\/en\/\" target=\"_blank\" rel=\"noopener\" data-saferedirecturl=\"https:\/\/www.google.com\/url?q=http:\/\/www.quintadomontetravesso.com\/&amp;source=gmail&amp;ust=1771672602238000&amp;usg=AOvVaw02EHXEGj4bKIoTQpYG2V1h\">www<wbr \/>.quintadomontetravesso.com<\/a>implies acceptance of these Terms and Conditions.<\/p><p>Any and all alcoholic beverages available for sale on our website may only be purchased by a person of legal age in their respective country.<\/p><h3>\u00a0<\/h3><h3>REGISTRATION AND RESTRICTIONS<\/h3><p>To register on the website <a href=\"https:\/\/quintadomontetravesso.com\/en\/\" target=\"_blank\" rel=\"noopener\" data-saferedirecturl=\"https:\/\/www.google.com\/url?q=http:\/\/www.quintadomontetravesso.com\/&amp;source=gmail&amp;ust=1771672602238000&amp;usg=AOvVaw02EHXEGj4bKIoTQpYG2V1h\">www<wbr \/>.quintadomontetravesso.com<\/a>The recipient must be of legal drinking age in their country. If our couriers are in any doubt about the age of the recipient of an order, they will ask for some form of identification. If this is not met, they are not allowed to leave the package.<\/p><p>You must ensure that the details you provide when registering or at any time are accurate and complete. You must inform us immediately of any changes to the information you provided when registering, updating your personal details so that we can communicate with you effectively.<\/p><p>The Company is not responsible for any problems caused by inaccurate information provided at the time of registration or purchase.<\/p><h3>\u00a0<\/h3><h3>SECURITY AND PRIVACY<\/h3><p>When you register to use the website, you will be asked to create a password. To prevent fraud, you must keep this password confidential and must not divulge or share it with anyone. If you know or suspect that someone else knows your password, you should notify us by contacting <a href=\"mailto:privacy@quintadomontetravesso.com\" target=\"_blank\" rel=\"noopener\">privacy@<wbr \/>quintadomontetravesso.com<\/a> immediately. If the Company has reason to believe that there may be a breach of security or misuse of the website, we may require you to change your password or suspend your account.<\/p><p>For the purposes of preventing or detecting infringements and\/or apprehending or prosecuting infringers, we may share any information we collect with the Police, other public or private sector bodies or representative bodies in accordance with applicable legislation. Information shared in this way will be under the terms and conditions of the <a href=\"https:\/\/quintadomontetravesso.com\/en\/politica-de-privacidade\/\">Privacy Policy<\/a>.<\/p><p>The terms and conditions of data protection and privacy are available on our website. <a href=\"https:\/\/quintadomontetravesso.com\/en\/politica-de-privacidade\/\">Privacy Policy<\/a>.<\/p><h3>\u00a0<\/h3><h3>INTELLECTUAL PROPERTY<\/h3><p>The content of the website <a href=\"https:\/\/quintadomontetravesso.com\/en\/\" target=\"_blank\" rel=\"noopener\" data-saferedirecturl=\"https:\/\/www.google.com\/url?q=http:\/\/www.quintadomontetravesso.com\/&amp;source=gmail&amp;ust=1771672602238000&amp;usg=AOvVaw02EHXEGj4bKIoTQpYG2V1h\">www<wbr \/>.quintadomontetravesso.com<\/a> is protected by copyright, trademarks and other intellectual property rights. You may retrieve and display the content of the website on a computer screen, store such content in electronic format on disk or print a copy of such content for your personal, non-commercial use, provided that you keep intact any and all copyright and proprietary notices. You may not reproduce, modify, copy, distribute or use for commercial purposes any material or content from the website <a href=\"https:\/\/quintadomontetravesso.com\/en\/\" target=\"_blank\" rel=\"noopener\" data-saferedirecturl=\"https:\/\/www.google.com\/url?q=http:\/\/www.quintadomontetravesso.com\/&amp;source=gmail&amp;ust=1771672602238000&amp;usg=AOvVaw02EHXEGj4bKIoTQpYG2V1h\">www<wbr \/>.quintadomontetravesso.com<\/a>\u00a0without written permission from the Company.<\/p><h3>\u00a0<\/h3><h3>AVAILABILITY OF THE \"QUINTA DO MONTE TRAVESSO\" WEBSITE<\/h3><p>Although we aim to offer the best possible service, we do not promise that the website's services will <a href=\"https:\/\/quintadomontetravesso.com\/en\/\" target=\"_blank\" rel=\"noopener\" data-saferedirecturl=\"https:\/\/www.google.com\/url?q=http:\/\/www.quintadomontetravesso.com\/&amp;source=gmail&amp;ust=1771672602238000&amp;usg=AOvVaw02EHXEGj4bKIoTQpYG2V1h\">www<wbr \/>.quintadomontetravesso.com<\/a> will always meet your needs. We cannot guarantee that the services will be fault-free. If a fault occurs on the Company's website, you should report it to <a href=\"mailto:privacy@quintadomontetravesso.com\" target=\"_blank\" rel=\"noopener\">privacy@<wbr \/>quintadomontetravesso.com<\/a> and we will try to correct the fault as soon as possible. Your access to the website <a href=\"https:\/\/quintadomontetravesso.com\/en\/\" target=\"_blank\" rel=\"noopener\" data-saferedirecturl=\"https:\/\/www.google.com\/url?q=http:\/\/www.quintadomontetravesso.com\/&amp;source=gmail&amp;ust=1771672602238000&amp;usg=AOvVaw02EHXEGj4bKIoTQpYG2V1h\">www<wbr \/>.quintadomontetravesso.com<\/a>\u00a0may occasionally be restricted to allow for repairs, maintenance or the introduction of new facilities or services. We will try to restore the service as soon as reasonably possible.<\/p><h3>\u00a0<\/h3><h3>THE COMPANY'S RIGHT TO SUSPEND OR CANCEL YOUR REGISTRATION<\/h3><p>We may suspend or cancel your registration immediately at our reasonable discretion or if you breach any of your obligations under these Terms and Conditions. You may cancel your registration at any time by informing us in writing to <a href=\"mailto:privacy@quintadomontetravesso.com\" target=\"_blank\" rel=\"noopener\">privacy@<wbr \/>quintadomontetravesso.com<\/a>. Suspension or termination of your registration and your right to use the website <a href=\"https:\/\/quintadomontetravesso.com\/en\/\" target=\"_blank\" rel=\"noopener\" data-saferedirecturl=\"https:\/\/www.google.com\/url?q=http:\/\/www.quintadomontetravesso.com\/&amp;source=gmail&amp;ust=1771672602238000&amp;usg=AOvVaw02EHXEGj4bKIoTQpYG2V1h\">www<wbr \/>.quintadomontetravesso.com<\/a>\u00a0shall not affect the legal rights or responsibilities of either party.<\/p><h3>\u00a0<\/h3><h3>COMPANY RESPONSIBILITY<\/h3><p>The website <a href=\"https:\/\/quintadomontetravesso.com\/en\/\" target=\"_blank\" rel=\"noopener\" data-saferedirecturl=\"https:\/\/www.google.com\/url?q=http:\/\/www.quintadomontetravesso.com\/&amp;source=gmail&amp;ust=1771672602238000&amp;usg=AOvVaw02EHXEGj4bKIoTQpYG2V1h\">www<wbr \/>.quintadomontetravesso.com<\/a>\u00a0may provide content from other websites or Internet resources. Although the Company tries to ensure that the material included on the website is correct, reputable and of high quality, it makes no warranty in relation to such content. If the Company is informed of any inaccuracies in the material on the website, we will try to correct the inaccuracies as soon as we can. If we breach these Terms and Conditions, we will only be liable for any losses you suffer as a result to the extent that they are a foreseeable consequence to both of us at the time you use our website. Our liability shall in no event include commercial losses such as loss of data, loss of profits or business interruption. The Company shall have no liability for any damage or loss resulting from viruses, worms, Trojan horses or other malicious code, corruption, loss of data or any damage to software or hardware. This clause shall not limit or affect our liability arising from any products sold through our website.<\/p><p>As a convenience for customers, the website <a href=\"https:\/\/quintadomontetravesso.com\/en\/\" target=\"_blank\" rel=\"noopener\" data-saferedirecturl=\"https:\/\/www.google.com\/url?q=http:\/\/www.quintadomontetravesso.com\/&amp;source=gmail&amp;ust=1771672602238000&amp;usg=AOvVaw02EHXEGj4bKIoTQpYG2V1h\">www<wbr \/>.quintadomontetravesso.com<\/a>\u00a0includes links to other sites or materials that are beyond our control.<\/p><h3>\u00a0<\/h3><h3>ADVERTISING AND SPONSORSHIP<\/h3><p>Part of our website may contain advertising and sponsorship. Advertisers and sponsors are responsible for ensuring that material submitted for inclusion on our website complies with relevant laws and codes. We will not be liable to you for any error or inaccuracy in advertising and sponsorship material.<\/p><h3>\u00a0<\/h3><h3>TERMS OF SALE TO THE CONSUMER<\/h3><p>These terms refer to items supplied to the user via the website <a href=\"https:\/\/quintadomontetravesso.com\/en\/\" target=\"_blank\" rel=\"noopener\" data-saferedirecturl=\"https:\/\/www.google.com\/url?q=http:\/\/www.quintadomontetravesso.com\/&amp;source=gmail&amp;ust=1771672602238000&amp;usg=AOvVaw02EHXEGj4bKIoTQpYG2V1h\">www<wbr \/>.quintadomontetravesso.com<\/a> and form part of the General Terms and Conditions.<\/p><h4>\u00a0<\/h4><h4>Contract formation<\/h4><p>These conditions of sale apply to all goods supplied by the website <a href=\"https:\/\/quintadomontetravesso.com\/en\/\" target=\"_blank\" rel=\"noopener\" data-saferedirecturl=\"https:\/\/www.google.com\/url?q=http:\/\/www.quintadomontetravesso.com\/&amp;source=gmail&amp;ust=1771672602238000&amp;usg=AOvVaw02EHXEGj4bKIoTQpYG2V1h\">www<wbr \/>.quintadomontetravesso.com<\/a>of Quinta do Monte Travesso, the commercial name of <strong>Quinta do Monte Travesso, Unipessoal Lda.<\/strong>, a company registered in Portugal under the number <strong>515799998<\/strong>headquartered in <strong>Quinta Monte do Travesso 5120-082 Barcos, Viseu, PORTUGAL<\/strong>. No contract exists between you and the Company for the sale of any goods until the Company has received your order together with payment and the Company has accepted your order. Once your payment has been received, the Company will confirm that your order has been accepted by sending an e-mail to the e-mail address provided on the order form. Acceptance of your order by the Company creates a legally binding contract between you and the Company. The Company may change these terms of sale without prior notice in relation to future sales.<\/p><h4>\u00a0<\/h4><h4>Product information, prices and content<\/h4><p>A <strong>Quinta do Monte Travesso, Unipessoal Lda. <\/strong>reserves the right to modify, without prior notice and at any time, the information and commercial offer on: products, prices, promotions, commercial conditions and services.<\/p><p>The images that illustrate each product on the website <a href=\"https:\/\/quintadomontetravesso.com\/en\/\" target=\"_blank\" rel=\"noopener\" data-saferedirecturl=\"https:\/\/www.google.com\/url?q=http:\/\/www.quintadomontetravesso.com\/&amp;source=gmail&amp;ust=1771672602238000&amp;usg=AOvVaw02EHXEGj4bKIoTQpYG2V1h\">www<wbr \/>.quintadomontetravesso.com<\/a>\u00a0may be different from the product delivered; these same products may also be out of stock. If, on receipt of your order, the products you have ordered are not available from stock, the Company will inform you as soon as possible and will refund or credit any amount that has been paid by you or debited from your credit card for the products.<\/p><p>Every effort is made to ensure that the prices shown on the website <a href=\"https:\/\/quintadomontetravesso.com\/en\/\" target=\"_blank\" rel=\"noopener\" data-saferedirecturl=\"https:\/\/www.google.com\/url?q=http:\/\/www.quintadomontetravesso.com\/&amp;source=gmail&amp;ust=1771672602238000&amp;usg=AOvVaw02EHXEGj4bKIoTQpYG2V1h\">www<wbr \/>.quintadomontetravesso.com<\/a>\u00a0are accurate at the time you place your order. If an error is found, the Company will inform you by email to the address provided on your order form as soon as possible and offer you the option of reconfirming your order at the correct price or canceling your order. If you cancel, the Company will refund or credit any amount that has been paid by you or debited from your credit card for the products.<\/p><p>In addition to the price, you may be required to pay a delivery charge for the goods, as shown during the website checkout process. If you do not agree with the delivery price indicated during checkout, you do not have to proceed with your order. The price of the goods and the delivery charges include VAT where indicated. Your credit\/debit card details will only be requested after the order has been confirmed and on the website of our payment partners. We do not have access to the payment information you publish on our payment partner's website. All credit and debit card holders are subject to validation and authorization checks by their card issuer. If your payment card issuer refuses to authorize payment to us, we will not be liable for any delay or non-delivery. In addition, in the interest of preventing fraudulent use of credit and debit cards, the Company may validate the names and addresses provided during the order process against commercially available records. We may need to contact you by phone or email to verify details before we can dispatch your order.<\/p><p>In accordance with Portuguese law, all prices shown include VAT at the legal rate in force, unless otherwise stated.<\/p><h4>\u00a0<\/h4><h4>Payment<\/h4><p>Payment for goods and delivery costs can be made by ATM reference, MBWAY, Visa and Master Card. In all cases, the Company does not have access to or record any of your debit\/credit card or bank account information.<\/p><h4>\u00a0<\/h4><h4>Collection<\/h4><p>If you have any questions about invoicing, please contact us by email: <a href=\"mailto:geral@quintadomontetravesso.com\">geral@<wbr \/>quintadomontetravesso.com<\/a>.<\/p><p>You can update your payment methods by going to the page <a href=\"https:\/\/quintadomontetravesso.com\/en\/minha-conta\/\">My Account<\/a>.<\/p><h4>\u00a0<\/h4><h4>Delivery<\/h4><p>When you place your order, you will be informed of the delivery cost to your address\/country during the checkout process. If you don't see your country in the drop-down menu during the registration process, it's because we don't deliver to your country. If this is the case, you can contact us by email: <a href=\"mailto:geral@quintadomontetravesso.com\">geral@<wbr \/>quintadomontetravesso.com<\/a>\u00a0and we can try to help you find a solution to send your order to your country.<\/p><p>For corporate orders, please contact us at <a href=\"mailto:geral@quintadomontetravesso.com\">geral@<wbr \/>quintadomontetravesso.com<\/a>\u00a0to request a quote and we will provide you with our best price for the order and the lowest possible shipping costs. The goods you order will be delivered to the address you provided when you placed your order.<\/p><p>All orders must be signed for on delivery by a person of legal drinking age.<\/p><p>Every effort will be made to deliver the goods within 5 working days; however, in rare cases, it may take up to 10 working days. A working day is any day other than weekends and bank or other holidays (whether in your country or in Portugal). The Company will not be liable for any loss or damage suffered by you as a result of any delay in delivery. You will become the owner of the goods you have ordered and will be responsible for the risk of loss or damage to them once they have been delivered.<\/p><h4>\u00a0<\/h4><h4>Breaks<\/h4><p>If there are breakages, we will refund the cost of the broken bottles to your credit card, or send replacement bottles. We will refund any item received broken. Each shipment of goods must be carefully checked at the time of delivery to ensure that it is intact and complete, otherwise you may reject the delivery or formalize the claim with the courier if the goods are only partially damaged.<\/p><p>Claims for breakages will only be accepted if we are notified within 24 hours of delivery and the damaged products and their packaging are kept for inspection. The courier must be informed of breakages or shortages at the time of delivery. We will not accept any claims for breakages or shortages unless they are indicated in the courier's documentation.<\/p><h4>\u00a0<\/h4><h4>Returns<\/h4><p>If any of the products you have purchased are broken, damaged or out of condition, please contact us at <a href=\"mailto:geral@quintadomontetravesso.com\">geral@<wbr \/>quintadomontetravesso.com<\/a> to solve the problem.<\/p><h4>\u00a0<\/h4><h4>Right to cancel<\/h4><p>The customer has the right to cancel the contract at any time up to the end of 14 days after the purchase of the goods. To exercise your right to cancel, you must notify the Company in writing by e-mail to <a href=\"mailto:geral@quintadomontetravesso.com\">geral@<wbr \/>quintadomontetravesso.com <\/a>and include details of the goods ordered and their delivery. If you exercise your right to cancel after the goods have been delivered, unless the item is faulty or we have delivered the item by mistake, you should contact us at <a href=\"mailto:geral@quintadomontetravesso.com\">geral@<wbr \/>quintadomontetravesso.com<\/a><a href=\"mailto:geral@quintadomontetravesso.com\">\u00a0<\/a>to arrange collection by our authorized distributor at your expense. You must take reasonable care to ensure that the goods are not damaged in the meantime or in transit. Once you have notified the Company that you are canceling the contract, the Company will refund or credit you within 30 days for any amount that has been paid by you or debited from your credit card for the goods from the date of cancellation or receipt of the returned goods, if applicable. If you do not make the goods available to our authorized distributor as required, the Company may charge you an amount not exceeding the direct costs of recovering the goods.<\/p><h3>\u00a0<\/h3><h3>MISCELLANEOUS<\/h3><p>You may not transfer any of your rights under these Terms and Conditions to any other person. We may transfer our rights under these Terms and Conditions to another company where we reasonably believe that your rights will not be affected. If you breach these Terms and Conditions and the Company chooses to ignore it, the Company will still be entitled to use its rights and remedies at a later date or in any other situation where you breach the Terms and Conditions. The Company shall not be liable for any breach of these Terms and Conditions caused by circumstances beyond its reasonable control. If you have any questions, please contact us at <a href=\"mailto:privacy@quintadomontetravesso.com\" target=\"_blank\" rel=\"noopener\">privacy@<wbr \/>quintadomontetravesso.com<\/a>.<\/p><h3>\u00a0<\/h3><h3>APPLICABLE LAW<\/h3><p>The Terms of Use set out above shall be governed by and construed in accordance with Portuguese law. The user irrevocably accepts the jurisdiction of the Portuguese courts to settle any dispute arising from and\/or related to the Terms and Conditions set out above and\/or the use of this site.<\/p><h3>\u00a0<\/h3><h3>Compliments, complaints or general questions<\/h3><p>If you would like to contact us with questions or comments, please send an email to <a href=\"mailto:geral@quintadomontetravesso.com\">geral@<wbr \/>quintadomontetravesso.com<\/a>\u00a0or write to <strong>Quinta Monte do Travesso 5120-082 Barcos, Viseu, PORTUGAL<\/strong>.<\/p><h3>\u00a0<\/h3><h3>AMENDMENTS<\/h3><p>We may update these Terms and Conditions from time to time for legal or regulatory reasons or to enable the website to function properly <a href=\"https:\/\/quintadomontetravesso.com\/en\/\" target=\"_blank\" rel=\"noopener\" data-saferedirecturl=\"https:\/\/www.google.com\/url?q=http:\/\/www.quintadomontetravesso.com\/&amp;source=gmail&amp;ust=1771672602238000&amp;usg=AOvVaw02EHXEGj4bKIoTQpYG2V1h\">www<wbr \/>.quintadomontetravesso.com<\/a>. Any changes will be notified by means of the e-mail address provided by you or by means of an appropriate announcement on our website. The changes will apply to your use of the website following the notice. If you do not wish to accept the new Terms and Conditions, you should not continue to use our website. Your use after the date on which the change takes effect indicates that you agree to be bound by the new Terms and Conditions.<\/p>\t\t\t\t\t\t\t\t<\/div>\n\t\t\t\t<\/div>\n\t\t\t\t\t<\/div>\n\t\t<\/div>\n\t\t\t\t\t<\/div>\n\t\t<\/section>\n\t\t\t\t<\/div>","protected":false},"excerpt":{"rendered":"<p>Termos e Condi\u00e7\u00f5es TERMOS E CONDI\u00c7\u00d5ES GERAIS Estes Termos e Condi\u00e7\u00f5es regem a sua utiliza\u00e7\u00e3o do website www.quintadomontetravesso.com\u00a0e a sua rela\u00e7\u00e3o com a Quinta do Monte Travesso, Unipessoal Lda. (a \u201cEmpresa\u201d, \u201cn\u00f3s\u201d ou \u201cnos\u201d). Por favor, leia-os com aten\u00e7\u00e3o, pois eles afetam os seus direitos e responsabilidades sob a lei. Se n\u00e3o concordar com estes [&hellip;]<\/p>\n","protected":false},"author":1,"featured_media":0,"parent":0,"menu_order":0,"comment_status":"closed","ping_status":"closed","template":"elementor_header_footer","meta":{"footnotes":""},"class_list":["post-3196","page","type-page","status-publish","hentry"],"_links":{"self":[{"href":"https:\/\/quintadomontetravesso.com\/en\/wp-json\/wp\/v2\/pages\/3196","targetHints":{"allow":["GET"]}}],"collection":[{"href":"https:\/\/quintadomontetravesso.com\/en\/wp-json\/wp\/v2\/pages"}],"about":[{"href":"https:\/\/quintadomontetravesso.com\/en\/wp-json\/wp\/v2\/types\/page"}],"author":[{"embeddable":true,"href":"https:\/\/quintadomontetravesso.com\/en\/wp-json\/wp\/v2\/users\/1"}],"replies":[{"embeddable":true,"href":"https:\/\/quintadomontetravesso.com\/en\/wp-json\/wp\/v2\/comments?post=3196"}],"version-history":[{"count":28,"href":"https:\/\/quintadomontetravesso.com\/en\/wp-json\/wp\/v2\/pages\/3196\/revisions"}],"predecessor-version":[{"id":5476,"href":"https:\/\/quintadomontetravesso.com\/en\/wp-json\/wp\/v2\/pages\/3196\/revisions\/5476"}],"wp:attachment":[{"href":"https:\/\/quintadomontetravesso.com\/en\/wp-json\/wp\/v2\/media?parent=3196"}],"curies":[{"name":"wp","href":"https:\/\/api.w.org\/{rel}","templated":true}]}}