{"id":3159,"date":"2022-03-28T18:20:05","date_gmt":"2022-03-28T18:20:05","guid":{"rendered":"https:\/\/yonwine.com\/?page_id=3159"},"modified":"2026-02-20T11:39:45","modified_gmt":"2026-02-20T11:39:45","slug":"politica-de-cookies","status":"publish","type":"page","link":"https:\/\/quintadomontetravesso.com\/en\/politica-de-cookies\/","title":{"rendered":"Politica de Cookies"},"content":{"rendered":"<div data-elementor-type=\"wp-page\" data-elementor-id=\"3159\" class=\"elementor elementor-3159\" data-elementor-post-type=\"page\">\n\t\t\t\t\t\t<section class=\"elementor-section elementor-top-section elementor-element elementor-element-a665019 elementor-section-height-min-height elementor-section-boxed elementor-section-height-default elementor-section-items-middle\" data-id=\"a665019\" data-element_type=\"section\" data-e-type=\"section\" data-settings=\"{&quot;background_background&quot;:&quot;classic&quot;}\">\n\t\t\t\t\t\t\t<div class=\"elementor-background-overlay\"><\/div>\n\t\t\t\t\t\t\t<div class=\"elementor-container elementor-column-gap-default\">\n\t\t\t\t\t<div class=\"elementor-column elementor-col-100 elementor-top-column elementor-element elementor-element-62cd913\" data-id=\"62cd913\" data-element_type=\"column\" data-e-type=\"column\">\n\t\t\t<div class=\"elementor-widget-wrap elementor-element-populated\">\n\t\t\t\t\t\t<div class=\"elementor-element elementor-element-052f678 elementor-widget elementor-widget-heading\" data-id=\"052f678\" data-element_type=\"widget\" data-e-type=\"widget\" data-widget_type=\"heading.default\">\n\t\t\t\t<div class=\"elementor-widget-container\">\n\t\t\t\t\t<h2 class=\"elementor-heading-title elementor-size-default\">Cookie Policy<\/h2>\t\t\t\t<\/div>\n\t\t\t\t<\/div>\n\t\t\t\t\t<\/div>\n\t\t<\/div>\n\t\t\t\t\t<\/div>\n\t\t<\/section>\n\t\t\t\t<section class=\"elementor-section elementor-top-section elementor-element elementor-element-8bd24e3 elementor-section-height-min-height elementor-section-boxed elementor-section-height-default elementor-section-items-middle\" data-id=\"8bd24e3\" data-element_type=\"section\" data-e-type=\"section\" data-settings=\"{&quot;background_background&quot;:&quot;classic&quot;}\">\n\t\t\t\t\t\t\t<div class=\"elementor-background-overlay\"><\/div>\n\t\t\t\t\t\t\t<div class=\"elementor-container elementor-column-gap-extended\">\n\t\t\t\t\t<div class=\"elementor-column elementor-col-100 elementor-top-column elementor-element elementor-element-aa3d02a\" data-id=\"aa3d02a\" data-element_type=\"column\" data-e-type=\"column\">\n\t\t\t<div class=\"elementor-widget-wrap elementor-element-populated\">\n\t\t\t\t\t\t<div class=\"elementor-element elementor-element-9f4d9fe elementor-widget elementor-widget-text-editor\" data-id=\"9f4d9fe\" data-element_type=\"widget\" data-e-type=\"widget\" data-widget_type=\"text-editor.default\">\n\t\t\t\t<div class=\"elementor-widget-container\">\n\t\t\t\t\t\t\t\t\t<h3><span class=\"goog-text-highlight\">WHAT ARE COOKIES?<\/span><\/h3><p>A cookie is an information file that is automatically placed on the user's computer hard drive when they access certain websites. The cookie identifies your web browser on the server, allowing it to store the information, providing a better browsing experience for the web user, obtaining more relevant information for browsing our site and\/or better use of it.<\/p><p>Most browser programs allow the policy of accepting cookies, although it is possible to configure the browser to refuse all cookies (see below), or to indicate when a cookie is about to be sent. Please note that some parts of our website may not function properly if cookies are refused.<\/p><h3>\u00a0<\/h3><h3>WHY DO WE USE COOKIES?<\/h3><p>This website uses cookies (directly or through its partners). The cookies collected are used exclusively by <strong>Quinta do Monte Travesso<\/strong>Google uses your data directly or through its service providers, with the exception of Google Analytics cookies used on the website. You can obtain additional information on the terms of service under which Google uses your data at:\u00a0 <a href=\"https:\/\/developers.google.com\/analytics\/resources\/concepts\/gaConceptsCookies\" target=\"_blank\" rel=\"noopener\">https:\/\/developers.google.com\/analytics\/resources\/concepts\/gaConceptsCookies<\/a>\u00a0.<\/p><p>The use of cookies is intended to improve the performance of our website and maximize your browsing experience, also for marketing purposes and to optimize the solutions and services that we provide. <strong>Quinta do Monte Travesso<\/strong> makes available to users of your website.<\/p><h3>\u00a0<\/h3><h3>HOW TO BLOCK\/DISABLE COOKIES<\/h3><p>All browsers allow the user to accept, refuse or delete cookies, namely by selecting settings in their browser.<\/p><p>Bear in mind, therefore, that disabling cookies may partially or totally affect your browsing experience on the site.<\/p><p>You can configure cookies in the \"options\" or \"preferences\" menu of your browser. Below are the different ways of disabling cookies, depending on your browser:<\/p><h3>\u00a0<\/h3><h3>INTERNET EXPLORER<\/h3><ol><li>Click on the \"Tools\" menu and choose \"Internet Options\";<\/li><li>Select \"Privacy\";<\/li><li>Move the bar until the \"Block all cookies\" option appears.<\/li><\/ol><h3><span class=\"\">\u00a0<\/span><\/h3><h3><span class=\"\">FIREFOX<\/span><\/h3><ol><li>Click on the \"Tools\" menu;<\/li><li>Select the options\";<\/li><li>Then select \"Privacy\";<\/li><li>In the \"Cookies\" section, deactivate the \"Accept cookies from websites\" option;<\/li><li>Click \"OK\" to save the changes and close.<\/li><\/ol><h3>\u00a0<\/h3><h3>CHROME<\/h3><ol><li>Click on \"Customize and control Google Chrome\";<\/li><li>Select the \"Tools\" option.<\/li><li>Click on \"Clear browsing data\";<\/li><li>In the \"Obliterate the following from:\" checkbox, select the \"the beginning of time\" option;<\/li><li>Activate or deactivate:<\/li><li>To enable cookies, select \"Allow setting of local data (recommended)\".<\/li><li>To disable cookies, select \"Block settings of any data by websites\"<\/li><\/ol><h3>\u00a0<\/h3><h3>SAFARI<\/h3><ol><li>Click on \"Edit\";<\/li><li>Select \"Preferences\";<\/li><li>In the top panel, select \"Security\";<\/li><li>In the \"Accept Cookies\" section, select \"Never\".<\/li><\/ol><p>A <strong>Quinta do Monte Travesso, Unipessoal Lda<\/strong> reserves the right, at any time, without prior notice and with immediate effect, to change, add, update or delete, partially or totally, this information on cookies.<\/p><p>The user should check this page periodically to confirm any changes or updates.<\/p><p>To find out more about cookies, visit: <a href=\"https:\/\/www.allaboutcookies.org\/verify\">www.allaboutcookies.org<\/a>where you can find more information on how to run your settings in different browsers.<\/p>\t\t\t\t\t\t\t\t<\/div>\n\t\t\t\t<\/div>\n\t\t\t\t\t<\/div>\n\t\t<\/div>\n\t\t\t\t\t<\/div>\n\t\t<\/section>\n\t\t\t\t<\/div>","protected":false},"excerpt":{"rendered":"<p>Pol\u00edtica de Cookies O QUE S\u00c3O COOKIES? Um cookie \u00e9 um arquivo de informa\u00e7\u00e3o que \u00e9 colocado automaticamente nos discos r\u00edgidos do computador do utilizador, quando ele acede a determinados sites. O cookie identifica o seu navegador web no servidor, permitindo-lhe armazenar a informa\u00e7\u00e3o, proporcionando uma melhor experi\u00eancia de navega\u00e7\u00e3o ao utilizador web, obtendo informa\u00e7\u00f5es [&hellip;]<\/p>\n","protected":false},"author":1,"featured_media":0,"parent":0,"menu_order":0,"comment_status":"closed","ping_status":"closed","template":"elementor_header_footer","meta":{"footnotes":""},"class_list":["post-3159","page","type-page","status-publish","hentry"],"_links":{"self":[{"href":"https:\/\/quintadomontetravesso.com\/en\/wp-json\/wp\/v2\/pages\/3159","targetHints":{"allow":["GET"]}}],"collection":[{"href":"https:\/\/quintadomontetravesso.com\/en\/wp-json\/wp\/v2\/pages"}],"about":[{"href":"https:\/\/quintadomontetravesso.com\/en\/wp-json\/wp\/v2\/types\/page"}],"author":[{"embeddable":true,"href":"https:\/\/quintadomontetravesso.com\/en\/wp-json\/wp\/v2\/users\/1"}],"replies":[{"embeddable":true,"href":"https:\/\/quintadomontetravesso.com\/en\/wp-json\/wp\/v2\/comments?post=3159"}],"version-history":[{"count":22,"href":"https:\/\/quintadomontetravesso.com\/en\/wp-json\/wp\/v2\/pages\/3159\/revisions"}],"predecessor-version":[{"id":5470,"href":"https:\/\/quintadomontetravesso.com\/en\/wp-json\/wp\/v2\/pages\/3159\/revisions\/5470"}],"wp:attachment":[{"href":"https:\/\/quintadomontetravesso.com\/en\/wp-json\/wp\/v2\/media?parent=3159"}],"curies":[{"name":"wp","href":"https:\/\/api.w.org\/{rel}","templated":true}]}}