{"id":5306,"date":"2025-12-15T16:58:02","date_gmt":"2025-12-15T16:58:02","guid":{"rendered":"https:\/\/quintadomontetravesso.com\/?post_type=product&#038;p=5306"},"modified":"2026-02-19T17:44:12","modified_gmt":"2026-02-19T17:44:12","slug":"quinta-do-monte-travesso-artur","status":"publish","type":"product","link":"https:\/\/quintadomontetravesso.com\/de\/loja-online\/quinta-do-monte-travesso-artur\/","title":{"rendered":"Quinta do Monte Travesso &#8211; Artur 2022"},"content":{"rendered":"<p class=\"p1\"><strong>Denominierung:<\/strong> DOC - Douro<\/p>\n<p class=\"p1\"><strong>Rebsorten:<\/strong> Touriga Nacional.<\/p>\n<p class=\"p1\"><strong>Produktionsmerkmale:<\/strong><\/p>\n<ul>\n<li class=\"p2\">Cima Corgo;<\/li>\n<li class=\"p2\">Schieferboden;<\/li>\n<li class=\"p2\">Auslese von weniger w\u00fcchsigen Reben auf einer Gesamtfl\u00e4che von 2 ha;<\/li>\n<li class=\"p2\">450 Meter \u00fcber dem Meeresspiegel;<\/li>\n<li class=\"p2\">Ausstellung - Nord<\/li>\n<\/ul>\n<p class=\"p1\"><strong>Weinbereitung:<\/strong> Nach dem sorgf\u00e4ltigen Sammeln der Trauben in Kisten mit geringem Fassungsverm\u00f6gen werden die Trauben vollst\u00e4ndig entrappt; es folgt eine verl\u00e4ngerte alkoholische G\u00e4rung in temperaturkontrollierten Tretm\u00fchlen, gefolgt von einer spontanen malolaktischen G\u00e4rung.<\/p>\n<p class=\"p1\"><strong>Praktikum:<\/strong> 16 Monate in 3 neuen 300-Liter-F\u00e4ssern aus franz\u00f6sischer Eiche (Seguin Moreau und Taransaud).<\/p>\n<p class=\"p1\"><strong>Filtrierung:<\/strong> Patrone + Membrane.<\/p>\n<p class=\"p1\"><strong>Physikalische und chemische Analyse: <\/strong>Alkohol - 13,5%; Gesamts\u00e4uregehalt - 6,2 g\/dm<span class=\"s1\">3<\/span>; pH-Wert - 3,66<\/p>\n<p class=\"p1\"><strong>Verkostungsnotizen:<\/strong><\/p>\n<p class=\"p1\"><strong>Visuelle Pr\u00fcfung:<\/strong> Klar mit einer tief rubinroten Farbe.<\/p>\n<p class=\"p1\"><strong>Untersuchung des Geruchsinns:<\/strong> Reichhaltig, tiefgr\u00fcndig und komplex. Noten von schwarzen Fr\u00fcchten, leichtem Toast und Gew\u00fcrzen stechen hervor.<\/p>\n<p class=\"p1\"><strong>Geschmackstest:<\/strong> Streng im Mund, komplexe Struktur, Tannine pr\u00e4sent, aber rund. Langer und anhaltender Abgang.<\/p>","protected":false},"excerpt":{"rendered":"<p>Denomina\u00e7\u00e3o: DOC \u2013 Douro Castas: Touriga Nacional. Caracter\u00edsticas de Produ\u00e7\u00e3o: Cima Corgo; Solo xistoso; Sele\u00e7\u00e3o de videiras menos vigorosas numa \u00e1rea total de 2 ha; 450 m altitude; Exposi\u00e7\u00e3o &#8211; Norte Vinifica\u00e7\u00e3o: Ap\u00f3s uma cuidada recolha das uvas em caixas de pequena capacidade, as uvas s\u00e3o totalmente desenga\u00e7adas; Fermenta\u00e7\u00e3o Alco\u00f3lica prolongada em lagares com pisa [&hellip;]<\/p>\n","protected":false},"featured_media":5290,"template":"","meta":[],"product_brand":[],"product_cat":[35,45],"product_tag":[50],"class_list":{"0":"post-5306","1":"product","2":"type-product","3":"status-publish","4":"has-post-thumbnail","6":"product_cat-tinto","7":"product_cat-vinho","8":"product_tag-vinho","10":"first","11":"instock","12":"shipping-taxable","13":"purchasable","14":"product-type-simple"},"_links":{"self":[{"href":"https:\/\/quintadomontetravesso.com\/de\/wp-json\/wp\/v2\/product\/5306","targetHints":{"allow":["GET"]}}],"collection":[{"href":"https:\/\/quintadomontetravesso.com\/de\/wp-json\/wp\/v2\/product"}],"about":[{"href":"https:\/\/quintadomontetravesso.com\/de\/wp-json\/wp\/v2\/types\/product"}],"wp:featuredmedia":[{"embeddable":true,"href":"https:\/\/quintadomontetravesso.com\/de\/wp-json\/wp\/v2\/media\/5290"}],"wp:attachment":[{"href":"https:\/\/quintadomontetravesso.com\/de\/wp-json\/wp\/v2\/media?parent=5306"}],"wp:term":[{"taxonomy":"product_brand","embeddable":true,"href":"https:\/\/quintadomontetravesso.com\/de\/wp-json\/wp\/v2\/product_brand?post=5306"},{"taxonomy":"product_cat","embeddable":true,"href":"https:\/\/quintadomontetravesso.com\/de\/wp-json\/wp\/v2\/product_cat?post=5306"},{"taxonomy":"product_tag","embeddable":true,"href":"https:\/\/quintadomontetravesso.com\/de\/wp-json\/wp\/v2\/product_tag?post=5306"}],"curies":[{"name":"wp","href":"https:\/\/api.w.org\/{rel}","templated":true}]}}