{"id":5305,"date":"2025-12-15T16:57:15","date_gmt":"2025-12-15T16:57:15","guid":{"rendered":"https:\/\/quintadomontetravesso.com\/?post_type=product&#038;p=5305"},"modified":"2025-12-18T12:29:43","modified_gmt":"2025-12-18T12:29:43","slug":"quinta-do-monte-travesso-judith","status":"publish","type":"product","link":"https:\/\/quintadomontetravesso.com\/de\/loja-online\/quinta-do-monte-travesso-judith\/","title":{"rendered":"Quinta do Monte Travesso - Judith 2022"},"content":{"rendered":"<p class=\"p1\"><strong>Denominierung:<\/strong> DOC - Douro<\/p>\n<p class=\"p1\"><strong>Rebsorten:<\/strong> Alte Rebst\u00f6cke, mit einer starken Dominanz von Touriga Nacional.<\/p>\n<p class=\"p1\"><strong>Produktionsmerkmale:<\/strong><\/p>\n<ul>\n<li class=\"p1\">Cima Corgo;<\/li>\n<li class=\"p1\">Schieferboden;<\/li>\n<li class=\"p1\">0,5 ha;<\/li>\n<li class=\"p1\">400 Meter \u00fcber dem Meeresspiegel;<\/li>\n<li class=\"p2\">Ausstellung - S\u00fcd<\/li>\n<li class=\"p3\">Parzellenproduktion: 3,5 Tonnen\/ha<\/li>\n<\/ul>\n<p class=\"p1\"><strong>Weinbereitung:<\/strong> Nach dem sorgf\u00e4ltigen Sammeln der Trauben in Kisten mit geringem Fassungsverm\u00f6gen werden die Trauben vollst\u00e4ndig entrappt; es folgt eine verl\u00e4ngerte alkoholische G\u00e4rung in temperaturkontrollierten Tretm\u00fchlen, gefolgt von einer spontanen malolaktischen G\u00e4rung.<\/p>\n<p class=\"p1\"><strong>Praktikum:<\/strong> 16 Monate in 3 neuen 225-Liter-F\u00e4ssern aus franz\u00f6sischer Eiche (Seguin Moreau und Fran\u00e7ois Fr\u00e8res).<\/p>\n<p class=\"p1\"><strong>Filtrierung:<\/strong> Patrone + Membrane.<\/p>\n<p class=\"p1\"><strong>Physikalische und chemische Analyse:<\/strong> Alkohol - 13%; Gesamts\u00e4uregehalt - 6,40 g\/dm<span class=\"s1\">3<\/span>; pH-Wert - 3,68<\/p>\n<p class=\"p1\"><strong>Verkostungsnotizen:<\/strong><\/p>\n<p class=\"p1\"><strong>Visuelle Pr\u00fcfung:<\/strong> Klar mit einer tief rubinroten Farbe.<\/p>\n<p class=\"p1\"><strong>Untersuchung des Geruchsinns:<\/strong> Gro\u00dfe aromatische Komplexit\u00e4t, mit Noten von schwarzen Fr\u00fcchten, die sich zu marmeladigen Fr\u00fcchten und dunkler Schokolade entwickeln, die eine gut definierte Rauchnote hinzuf\u00fcgen.<\/p>\n<p class=\"p1\"><strong>Geschmackstest:<\/strong> Frische, gutes Volumen und feste Tannine mit viel Struktur. Langer, intensiver Abgang.<\/p>","protected":false},"excerpt":{"rendered":"<p>Denomina\u00e7\u00e3o: DOC \u2013 Douro Castas: Vinhas Velhas, com forte predomin\u00e2ncia de Touriga Nacional. Caracter\u00edsticas de Produ\u00e7\u00e3o: Cima Corgo; Solo xistoso; 0,5 ha; 400 m altitude; Exposi\u00e7\u00e3o &#8211; Sul Produ\u00e7\u00e3o da parcela : 3,5 ton\/ha Vinifica\u00e7\u00e3o: Ap\u00f3s uma cuidada recolha das uvas em caixas de pequena capacidade, as uvas s\u00e3o totalmente desenga\u00e7adas; Fermenta\u00e7\u00e3o Alco\u00f3lica prolongada em [&hellip;]<\/p>\n","protected":false},"featured_media":5291,"template":"","meta":[],"product_brand":[],"product_cat":[35,45],"product_tag":[50],"class_list":{"0":"post-5305","1":"product","2":"type-product","3":"status-publish","4":"has-post-thumbnail","6":"product_cat-tinto","7":"product_cat-vinho","8":"product_tag-vinho","10":"first","11":"instock","12":"shipping-taxable","13":"purchasable","14":"product-type-simple"},"_links":{"self":[{"href":"https:\/\/quintadomontetravesso.com\/de\/wp-json\/wp\/v2\/product\/5305","targetHints":{"allow":["GET"]}}],"collection":[{"href":"https:\/\/quintadomontetravesso.com\/de\/wp-json\/wp\/v2\/product"}],"about":[{"href":"https:\/\/quintadomontetravesso.com\/de\/wp-json\/wp\/v2\/types\/product"}],"wp:featuredmedia":[{"embeddable":true,"href":"https:\/\/quintadomontetravesso.com\/de\/wp-json\/wp\/v2\/media\/5291"}],"wp:attachment":[{"href":"https:\/\/quintadomontetravesso.com\/de\/wp-json\/wp\/v2\/media?parent=5305"}],"wp:term":[{"taxonomy":"product_brand","embeddable":true,"href":"https:\/\/quintadomontetravesso.com\/de\/wp-json\/wp\/v2\/product_brand?post=5305"},{"taxonomy":"product_cat","embeddable":true,"href":"https:\/\/quintadomontetravesso.com\/de\/wp-json\/wp\/v2\/product_cat?post=5305"},{"taxonomy":"product_tag","embeddable":true,"href":"https:\/\/quintadomontetravesso.com\/de\/wp-json\/wp\/v2\/product_tag?post=5305"}],"curies":[{"name":"wp","href":"https:\/\/api.w.org\/{rel}","templated":true}]}}