{"id":5304,"date":"2025-12-15T16:56:27","date_gmt":"2025-12-15T16:56:27","guid":{"rendered":"https:\/\/quintadomontetravesso.com\/?post_type=product&#038;p=5304"},"modified":"2026-03-03T15:11:18","modified_gmt":"2026-03-03T15:11:18","slug":"margarida-2023","status":"publish","type":"product","link":"https:\/\/quintadomontetravesso.com\/de\/loja-online\/margarida-2023\/","title":{"rendered":"Margarida - Touriga Franca 2023"},"content":{"rendered":"<p class=\"p1\"><strong>Denominierung:<\/strong> DOC - Douro<\/p>\n<p class=\"p1\"><strong>Rebsorten:<\/strong> 100% TOURIGA FRANCA.<\/p>\n<p class=\"p1\"><strong>Produktionsmerkmale:<\/strong><\/p>\n<ul>\n<li class=\"p1\">Cima Corgo;<\/li>\n<li class=\"p1\">Schieferboden;<\/li>\n<li class=\"p1\">450 m durchschnittliche H\u00f6he;<\/li>\n<li class=\"p1\">Durchschnittliches Alter der Reben: 35 Jahre.<\/li>\n<\/ul>\n<p class=\"p1\"><strong>Weinbereitung:<\/strong> Nach dem sorgf\u00e4ltigen Sammeln der Trauben in Kisten mit geringem Fassungsverm\u00f6gen werden die Trauben vollst\u00e4ndig entrappt; die alkoholische G\u00e4rung erfolgt in temperaturkontrollierten Tretm\u00fchlen, gefolgt von einer spontanen malolaktischen G\u00e4rung teils in F\u00e4ssern aus ungarischer Eiche und teils in Edelstahl.<\/p>\n<p class=\"p1\"><strong>Praktikum:<\/strong> 12 Monate in franz\u00f6sischen und ungarischen Eichenf\u00e4ssern von 225 und 500 Litern.<\/p>\n<p class=\"p1\"><strong>Filtrierung:<\/strong> Patrone + Membrane<\/p>\n<p class=\"p1\"><strong>Physikalische und chemische Analyse:<\/strong> Alkohol - 13%; Gesamts\u00e4uregehalt - 5,5 g\/dm<span class=\"s1\">3<\/span>; pH-Wert - 3,65<\/p>\n<p class=\"p1\"><strong>Verkostungsnotizen:<\/strong><\/p>\n<p class=\"p1\"><strong>Visuelle Pr\u00fcfung:<\/strong> Klare, rubinrote Farbe.<\/p>\n<p class=\"p1\"><strong>Untersuchung des Geruchsinns:<\/strong> Komplex, mit Noten von Himbeeren, Sultaninen und leichtem Toast.<\/p>\n<p class=\"p1\"><strong>Geschmackstest:<\/strong> Elegant, frisch, mit gutem Volumen und festen Tanninen. Langer, intensiver Abgang.<\/p>","protected":false},"excerpt":{"rendered":"<p>Denomina\u00e7\u00e3o: DOC \u2013 Douro Castas: 100% TOURIGA FRANCA. Caracter\u00edsticas de Produ\u00e7\u00e3o: Cima Corgo; Solo xistoso; 450m altitude m\u00e9dia; Idade m\u00e9dia da vinha: 35 anos. Vinifica\u00e7\u00e3o: Ap\u00f3s uma cuidada recolha das uvas em caixas de pequena capacidade, as uvas s\u00e3o totalmente desenga\u00e7adas; Fermenta\u00e7\u00e3o Alco\u00f3lica em lagares com pisa a p\u00e9 com controlo de temperatura, seguida de [&hellip;]<\/p>\n","protected":false},"featured_media":5287,"template":"","meta":[],"product_brand":[],"product_cat":[35,45],"product_tag":[50],"class_list":{"0":"post-5304","1":"product","2":"type-product","3":"status-publish","4":"has-post-thumbnail","6":"product_cat-tinto","7":"product_cat-vinho","8":"product_tag-vinho","10":"first","11":"instock","12":"shipping-taxable","13":"purchasable","14":"product-type-simple"},"_links":{"self":[{"href":"https:\/\/quintadomontetravesso.com\/de\/wp-json\/wp\/v2\/product\/5304","targetHints":{"allow":["GET"]}}],"collection":[{"href":"https:\/\/quintadomontetravesso.com\/de\/wp-json\/wp\/v2\/product"}],"about":[{"href":"https:\/\/quintadomontetravesso.com\/de\/wp-json\/wp\/v2\/types\/product"}],"wp:featuredmedia":[{"embeddable":true,"href":"https:\/\/quintadomontetravesso.com\/de\/wp-json\/wp\/v2\/media\/5287"}],"wp:attachment":[{"href":"https:\/\/quintadomontetravesso.com\/de\/wp-json\/wp\/v2\/media?parent=5304"}],"wp:term":[{"taxonomy":"product_brand","embeddable":true,"href":"https:\/\/quintadomontetravesso.com\/de\/wp-json\/wp\/v2\/product_brand?post=5304"},{"taxonomy":"product_cat","embeddable":true,"href":"https:\/\/quintadomontetravesso.com\/de\/wp-json\/wp\/v2\/product_cat?post=5304"},{"taxonomy":"product_tag","embeddable":true,"href":"https:\/\/quintadomontetravesso.com\/de\/wp-json\/wp\/v2\/product_tag?post=5304"}],"curies":[{"name":"wp","href":"https:\/\/api.w.org\/{rel}","templated":true}]}}