{"id":5300,"date":"2025-12-15T16:49:10","date_gmt":"2025-12-15T16:49:10","guid":{"rendered":"https:\/\/quintadomontetravesso.com\/?post_type=product&#038;p=5300"},"modified":"2025-12-18T12:26:53","modified_gmt":"2025-12-18T12:26:53","slug":"quinta-do-monte-travesso-gouveio-2024","status":"publish","type":"product","link":"https:\/\/quintadomontetravesso.com\/de\/loja-online\/quinta-do-monte-travesso-gouveio-2024\/","title":{"rendered":"Quinta do Monte Travesso - Gouveio 2024"},"content":{"rendered":"<p class=\"p1\"><strong>Denominierung:<\/strong> DOC - Douro<\/p>\n<p class=\"p1\"><strong>Rebsorten:<\/strong> 100% GOUVEIO.<\/p>\n<p class=\"p1\"><strong>Produktionsmerkmale:<\/strong><\/p>\n<ul>\n<li class=\"p1\">Cima Corgo;<\/li>\n<li class=\"p1\">Schieferboden;<\/li>\n<li class=\"p2\">450 Meter \u00fcber dem Meeresspiegel;<\/li>\n<li class=\"p3\">Durchschnittliches Alter der Reben: 25 Jahre;<\/li>\n<\/ul>\n<p class=\"p1\"><strong>Weinbereitung:<\/strong> Nach dem sorgf\u00e4ltigen Einsammeln der Trauben in Kisten mit geringem Fassungsverm\u00f6gen werden sie in einer pneumatischen Presse vorsichtig gepresst; es folgt eine 24-st\u00fcndige Dekantierung bei niedriger Temperatur und eine verl\u00e4ngerte G\u00e4rung in Edelstahlbeh\u00e4ltern mit Temperaturkontrolle, um die sortentypischen Aromen der Trauben zu erhalten.<\/p>\n<p class=\"p1\"><strong>Filtrierung:<\/strong> Patrone + Membrane<\/p>\n<p class=\"p1\"><strong>Physikalische und chemische Analyse: <\/strong>Alkohol - 13%; Gesamts\u00e4uregehalt - 7 g\/dm3; pH - 3.10<\/p>\n<p class=\"p1\"><strong>Verkostungsnotizen:<\/strong><\/p>\n<p class=\"p1\"><strong>Visuelle Pr\u00fcfung:<\/strong> Klare Zitrusfarbe.<\/p>\n<p class=\"p1\"><strong>Untersuchung des Geruchsinns:<\/strong> Frisch und mineralisch mit Noten von tropischen Fr\u00fcchten und Zitrusfr\u00fcchten<\/p>\n<p class=\"p1\"><strong>Geschmackstest:<\/strong> Ausgewogen, was ihn zu einem eleganten Wein mit einer f\u00fcr die Rebsorte typischen Frische macht, die ihm einen exklusiven Charakter verleiht.<\/p>","protected":false},"excerpt":{"rendered":"<p>Denomina\u00e7\u00e3o: DOC \u2013 Douro Castas: 100% GOUVEIO. Caracter\u00edsticas de Produ\u00e7\u00e3o: Cima Corgo; Solo xistoso; 450m altitude; Idade m\u00e9dia da vinha: 25 anos; Vinifica\u00e7\u00e3o: Ap\u00f3s uma cuidada recolha das uvas em caixas de pequena capacidade, as uvas s\u00e3o cuidadosamente prensadas em prensa pneum\u00e1tica; segue-se a decanta\u00e7\u00e3o durante 24 horas a baixa temperatura; fermenta\u00e7\u00e3o prolongada em cuba [&hellip;]<\/p>\n","protected":false},"featured_media":5283,"template":"","meta":[],"product_brand":[],"product_cat":[39,45],"product_tag":[50],"class_list":{"0":"post-5300","1":"product","2":"type-product","3":"status-publish","4":"has-post-thumbnail","6":"product_cat-branco","7":"product_cat-vinho","8":"product_tag-vinho","10":"first","11":"instock","12":"shipping-taxable","13":"purchasable","14":"product-type-simple"},"_links":{"self":[{"href":"https:\/\/quintadomontetravesso.com\/de\/wp-json\/wp\/v2\/product\/5300","targetHints":{"allow":["GET"]}}],"collection":[{"href":"https:\/\/quintadomontetravesso.com\/de\/wp-json\/wp\/v2\/product"}],"about":[{"href":"https:\/\/quintadomontetravesso.com\/de\/wp-json\/wp\/v2\/types\/product"}],"wp:featuredmedia":[{"embeddable":true,"href":"https:\/\/quintadomontetravesso.com\/de\/wp-json\/wp\/v2\/media\/5283"}],"wp:attachment":[{"href":"https:\/\/quintadomontetravesso.com\/de\/wp-json\/wp\/v2\/media?parent=5300"}],"wp:term":[{"taxonomy":"product_brand","embeddable":true,"href":"https:\/\/quintadomontetravesso.com\/de\/wp-json\/wp\/v2\/product_brand?post=5300"},{"taxonomy":"product_cat","embeddable":true,"href":"https:\/\/quintadomontetravesso.com\/de\/wp-json\/wp\/v2\/product_cat?post=5300"},{"taxonomy":"product_tag","embeddable":true,"href":"https:\/\/quintadomontetravesso.com\/de\/wp-json\/wp\/v2\/product_tag?post=5300"}],"curies":[{"name":"wp","href":"https:\/\/api.w.org\/{rel}","templated":true}]}}