{"id":5299,"date":"2025-12-15T16:45:01","date_gmt":"2025-12-15T16:45:01","guid":{"rendered":"https:\/\/quintadomontetravesso.com\/?post_type=product&#038;p=5299"},"modified":"2025-12-18T12:35:01","modified_gmt":"2025-12-18T12:35:01","slug":"travesso-clarete","status":"publish","type":"product","link":"https:\/\/quintadomontetravesso.com\/de\/loja-online\/travesso-clarete\/","title":{"rendered":"Travesso - Clarete 2022"},"content":{"rendered":"<p class=\"p1\"><strong>Denominierung:<\/strong> DOC - Douro<\/p>\n<p class=\"p1\"><strong>Rebsorten:<\/strong> Touriga Nacional, Touriga Francesa und Tinta Roriz.<\/p>\n<p class=\"p1\"><strong>Produktionsmerkmale:<\/strong><\/p>\n<ul>\n<li class=\"p1\">Cima Corgo;<\/li>\n<li class=\"p1\">Schieferboden;<\/li>\n<li class=\"p2\">450 m durchschnittliche H\u00f6he;<\/li>\n<li class=\"p3\">Durchschnittliches Alter der Reben: 15 Jahre;<\/li>\n<\/ul>\n<p class=\"p1\"><strong>Weinbereitung:<\/strong> Nach einer sorgf\u00e4ltigen Ernte werden die Trauben entrappt und gequetscht und dann in unsere Pressen gebracht. Die durch die Saign\u00e9e-Methode gewonnene Fl\u00fcssigkeit dient als Grundlage f\u00fcr diesen Wein. Danach erfolgt die G\u00e4rung ohne Hautkontakt in temperaturkontrollierten Edelstahlbeh\u00e4ltern.<\/p>\n<p class=\"p1\"><strong>Praktikum:<\/strong> In rostfreiem Stahl und dann in einer Flasche<\/p>\n<p class=\"p1\"><strong>Filtrierung:<\/strong> Patrone + Membrane<\/p>\n<p class=\"p1\"><strong>Physikalische und chemische Analyse: <\/strong>Alkohol - 13%; Gesamts\u00e4uregehalt - 6,6 g\/dm3; pH - 3,20<\/p>\n<p class=\"p1\"><strong>Verkostungsnotizen:<\/strong><\/p>\n<p class=\"p1\"><strong>Visuelle Pr\u00fcfung:<\/strong> Klare, fast undurchsichtige Petrolfarbe;<\/p>\n<p class=\"p1\"><strong>Untersuchung des Geruchsinns:<\/strong> Frisch, mit einem Aroma von Erdbeeren und gr\u00fcnen Pflaumen.<\/p>\n<p class=\"p1\"><strong>Geschmackstest:<\/strong> Angenehm, frisch und mit gutem Nachklang.<\/p>","protected":false},"excerpt":{"rendered":"<p>Denomina\u00e7\u00e3o: DOC \u2013 Douro Castas: Touriga Nacional, Touriga Francesa e Tinta Roriz. Caracter\u00edsticas de Produ\u00e7\u00e3o: Cima Corgo; Solo xistoso; 450m altitude m\u00e9dia; Idade m\u00e9dia da vinha: 15 anos.; Vinifica\u00e7\u00e3o: Ap\u00f3s uma cuidada vindima as uvas s\u00e3o desenga\u00e7adas e esmagadas e seguem para os nossos lagares. O l\u00edquido resultante do m\u00e9todo saign\u00e9e serve de base a [&hellip;]<\/p>\n","protected":false},"featured_media":5278,"template":"","meta":[],"product_brand":[],"product_cat":[56,45],"product_tag":[50],"class_list":{"0":"post-5299","1":"product","2":"type-product","3":"status-publish","4":"has-post-thumbnail","6":"product_cat-clarete","7":"product_cat-vinho","8":"product_tag-vinho","10":"first","11":"instock","12":"shipping-taxable","13":"purchasable","14":"product-type-simple"},"_links":{"self":[{"href":"https:\/\/quintadomontetravesso.com\/de\/wp-json\/wp\/v2\/product\/5299","targetHints":{"allow":["GET"]}}],"collection":[{"href":"https:\/\/quintadomontetravesso.com\/de\/wp-json\/wp\/v2\/product"}],"about":[{"href":"https:\/\/quintadomontetravesso.com\/de\/wp-json\/wp\/v2\/types\/product"}],"wp:featuredmedia":[{"embeddable":true,"href":"https:\/\/quintadomontetravesso.com\/de\/wp-json\/wp\/v2\/media\/5278"}],"wp:attachment":[{"href":"https:\/\/quintadomontetravesso.com\/de\/wp-json\/wp\/v2\/media?parent=5299"}],"wp:term":[{"taxonomy":"product_brand","embeddable":true,"href":"https:\/\/quintadomontetravesso.com\/de\/wp-json\/wp\/v2\/product_brand?post=5299"},{"taxonomy":"product_cat","embeddable":true,"href":"https:\/\/quintadomontetravesso.com\/de\/wp-json\/wp\/v2\/product_cat?post=5299"},{"taxonomy":"product_tag","embeddable":true,"href":"https:\/\/quintadomontetravesso.com\/de\/wp-json\/wp\/v2\/product_tag?post=5299"}],"curies":[{"name":"wp","href":"https:\/\/api.w.org\/{rel}","templated":true}]}}