{"id":5275,"date":"2025-12-15T15:30:59","date_gmt":"2025-12-15T15:30:59","guid":{"rendered":"https:\/\/quintadomontetravesso.com\/?post_type=product&#038;p=5275"},"modified":"2025-12-18T12:15:00","modified_gmt":"2025-12-18T12:15:00","slug":"travesso-branco","status":"publish","type":"product","link":"https:\/\/quintadomontetravesso.com\/de\/loja-online\/travesso-branco\/","title":{"rendered":"Travesso - Wei\u00df 2024"},"content":{"rendered":"<p class=\"p2\"><strong>Denominierung:<\/strong> DOC - Douro<\/p>\n<p class=\"p2\"><strong>Rebsorten:<\/strong> Gouveio, Rabigato, Viosinho und C\u00f3dega do Larinho.<\/p>\n<p class=\"p2\"><strong>Produktionsmerkmale:<\/strong><\/p>\n<ul>\n<li class=\"p2\">Cima Corgo;<\/li>\n<li class=\"p2\">Schieferboden;<\/li>\n<li class=\"p3\">450 m durchschnittliche H\u00f6he;<\/li>\n<li class=\"p4\">Durchschnittliches Alter der Reben: 15 Jahre;<\/li>\n<\/ul>\n<p class=\"p2\"><strong>Weinbereitung:<\/strong> Nach dem sorgf\u00e4ltigen Sammeln der Trauben in kleinen Kisten werden die Trauben vollst\u00e4ndig entrappt; die G\u00e4rung erfolgt in temperaturkontrollierten Edelstahlbeh\u00e4ltern.<\/p>\n<p class=\"p2\"><strong>Praktikum:<\/strong> In rostfreiem Stahl und dann in einer Flasche<\/p>\n<p class=\"p2\"><strong>Filtrierung:<\/strong> Patrone + Membrane<\/p>\n<p class=\"p2\"><strong>Physikalische und chemische Analyse: <\/strong>Alkohol - 13%; Gesamts\u00e4uregehalt - 7,0 g\/dm3; pH - 3,16<\/p>\n<p class=\"p2\"><strong>Verkostungsnotizen:<\/strong><\/p>\n<p class=\"p2\"><strong>Visuelle Pr\u00fcfung:<\/strong> Klare, gr\u00fcnliche Zitrusfarbe;<\/p>\n<p class=\"p2\"><strong>Untersuchung des Geruchsinns:<\/strong> Noten von reifem wei\u00dfem und Steinobst wie Pfirsichen und \u00c4pfeln;<\/p>\n<p class=\"p2\"><strong>Geschmackstest:<\/strong> Ein runder Wein mit guter Persistenz und lang anhaltender Frische, was ihn angenehm zu trinken macht.<\/p>","protected":false},"excerpt":{"rendered":"<p>Denomina\u00e7\u00e3o: DOC \u2013 Douro Castas: Gouveio, Rabigato, Viosinho e C\u00f3dega do Larinho. Caracter\u00edsticas de Produ\u00e7\u00e3o: Cima Corgo; Solo xistoso; 450m altitude m\u00e9dia; Idade m\u00e9dia da vinha: 15 anos.; Vinifica\u00e7\u00e3o: Ap\u00f3s uma cuidada recolha das uvas em caixas de pequena capacidade, as uvas s\u00e3o totalmente desenga\u00e7adas; segue-se a fermenta\u00e7\u00e3o em cuba de inox com controlo de [&hellip;]<\/p>\n","protected":false},"featured_media":5277,"template":"","meta":[],"product_brand":[],"product_cat":[39,45],"product_tag":[50],"class_list":{"0":"post-5275","1":"product","2":"type-product","3":"status-publish","4":"has-post-thumbnail","6":"product_cat-branco","7":"product_cat-vinho","8":"product_tag-vinho","10":"first","11":"instock","12":"shipping-taxable","13":"purchasable","14":"product-type-simple"},"_links":{"self":[{"href":"https:\/\/quintadomontetravesso.com\/de\/wp-json\/wp\/v2\/product\/5275","targetHints":{"allow":["GET"]}}],"collection":[{"href":"https:\/\/quintadomontetravesso.com\/de\/wp-json\/wp\/v2\/product"}],"about":[{"href":"https:\/\/quintadomontetravesso.com\/de\/wp-json\/wp\/v2\/types\/product"}],"wp:featuredmedia":[{"embeddable":true,"href":"https:\/\/quintadomontetravesso.com\/de\/wp-json\/wp\/v2\/media\/5277"}],"wp:attachment":[{"href":"https:\/\/quintadomontetravesso.com\/de\/wp-json\/wp\/v2\/media?parent=5275"}],"wp:term":[{"taxonomy":"product_brand","embeddable":true,"href":"https:\/\/quintadomontetravesso.com\/de\/wp-json\/wp\/v2\/product_brand?post=5275"},{"taxonomy":"product_cat","embeddable":true,"href":"https:\/\/quintadomontetravesso.com\/de\/wp-json\/wp\/v2\/product_cat?post=5275"},{"taxonomy":"product_tag","embeddable":true,"href":"https:\/\/quintadomontetravesso.com\/de\/wp-json\/wp\/v2\/product_tag?post=5275"}],"curies":[{"name":"wp","href":"https:\/\/api.w.org\/{rel}","templated":true}]}}