{"id":4053,"date":"2022-05-03T19:41:57","date_gmt":"2022-05-03T19:41:57","guid":{"rendered":"https:\/\/quintadomontetravesso.com\/?post_type=product&#038;p=4053"},"modified":"2025-12-18T12:24:58","modified_gmt":"2025-12-18T12:24:58","slug":"quinta-do-monte-travesso-tinto","status":"publish","type":"product","link":"https:\/\/quintadomontetravesso.com\/de\/loja-online\/quinta-do-monte-travesso-tinto\/","title":{"rendered":"Quinta do Monte Travesso - Rot 2024"},"content":{"rendered":"<p class=\"p1\"><strong>Denominierung:<\/strong> DOC - Douro<\/p>\n<p class=\"p1\"><strong>Rebsorten:<\/strong> Touriga Nacional, Touriga Franca und Tinto C\u00e3o.<\/p>\n<p class=\"p1\"><strong>Produktionsmerkmale:<\/strong><\/p>\n<ul>\n<li class=\"p1\">Cima Corgo;<\/li>\n<li class=\"p1\">Schieferboden<\/li>\n<li class=\"p2\">450 m durchschnittliche H\u00f6he;<\/li>\n<li class=\"p2\">Durchschnittliches Alter der Reben: 25 Jahre<\/li>\n<\/ul>\n<p class=\"p1\"><strong>Weinbereitung:<\/strong> Nach dem sorgf\u00e4ltigen Sammeln der Trauben in Kisten mit geringem Fassungsverm\u00f6gen werden die Trauben vollst\u00e4ndig entrappt; es folgt eine verl\u00e4ngerte alkoholische G\u00e4rung (teilweise in Lagarren mit Fu\u00dftritt und teilweise in G\u00e4rbottichen) mit Temperaturkontrolle, gefolgt von einer spontanen malolaktischen G\u00e4rung.<\/p>\n<p class=\"p1\"><strong>Praktikum:<\/strong> 9 Monate in gebrauchten 500-Liter-F\u00e4ssern aus franz\u00f6sischer Eiche Filtration: Karthause + Membran<\/p>\n<p class=\"p1\"><strong>Physikalische und chemische Analyse: <\/strong>Alkohol - 13,5%; Gesamts\u00e4uregehalt - 5,5 g\/dm3; pH - 3,64<\/p>\n<p class=\"p1\"><strong>Verkostungsnotizen:<\/strong><\/p>\n<p class=\"p1\"><strong>Visuelle Pr\u00fcfung:<\/strong> Klare, rubinrote Farbe;<\/p>\n<p class=\"p1\"><strong>Untersuchung des Geruchsinns:<\/strong> Komplexit\u00e4t und Eleganz; Noten von roten Fr\u00fcchten, feuchter Erde und einer leichten Rauchnote;<\/p>\n<p class=\"p1\"><strong>Geschmackstest:<\/strong> Gute Struktur, mit gutem Auftakt und angenehmem, anhaltendem Abgang.<\/p>","protected":false},"excerpt":{"rendered":"<p>Denomina\u00e7\u00e3o: DOC \u2013 Douro Castas: Touriga Nacional, Touriga Franca e Tinto C\u00e3o. Caracter\u00edsticas de Produ\u00e7\u00e3o: Cima Corgo; Solo xistoso 450m altitude m\u00e9dia; Idade m\u00e9dia da vinha: 25 anos Vinifica\u00e7\u00e3o: Ap\u00f3s uma cuidada recolha das uvas em caixas de pequena capacidade, as uvas s\u00e3o totalmente desenga\u00e7adas; segue-se a Fermenta\u00e7\u00e3o Alco\u00f3lica prolongada (parte em lagares com pisa [&hellip;]<\/p>\n","protected":false},"featured_media":5281,"template":"","meta":[],"product_brand":[],"product_cat":[35,45],"product_tag":[50],"class_list":{"0":"post-4053","1":"product","2":"type-product","3":"status-publish","4":"has-post-thumbnail","6":"product_cat-tinto","7":"product_cat-vinho","8":"product_tag-vinho","10":"first","11":"instock","12":"shipping-taxable","13":"purchasable","14":"product-type-simple"},"_links":{"self":[{"href":"https:\/\/quintadomontetravesso.com\/de\/wp-json\/wp\/v2\/product\/4053","targetHints":{"allow":["GET"]}}],"collection":[{"href":"https:\/\/quintadomontetravesso.com\/de\/wp-json\/wp\/v2\/product"}],"about":[{"href":"https:\/\/quintadomontetravesso.com\/de\/wp-json\/wp\/v2\/types\/product"}],"wp:featuredmedia":[{"embeddable":true,"href":"https:\/\/quintadomontetravesso.com\/de\/wp-json\/wp\/v2\/media\/5281"}],"wp:attachment":[{"href":"https:\/\/quintadomontetravesso.com\/de\/wp-json\/wp\/v2\/media?parent=4053"}],"wp:term":[{"taxonomy":"product_brand","embeddable":true,"href":"https:\/\/quintadomontetravesso.com\/de\/wp-json\/wp\/v2\/product_brand?post=4053"},{"taxonomy":"product_cat","embeddable":true,"href":"https:\/\/quintadomontetravesso.com\/de\/wp-json\/wp\/v2\/product_cat?post=4053"},{"taxonomy":"product_tag","embeddable":true,"href":"https:\/\/quintadomontetravesso.com\/de\/wp-json\/wp\/v2\/product_tag?post=4053"}],"curies":[{"name":"wp","href":"https:\/\/api.w.org\/{rel}","templated":true}]}}