{"id":4040,"date":"2022-05-03T19:09:59","date_gmt":"2022-05-03T19:09:59","guid":{"rendered":"https:\/\/quintadomontetravesso.com\/?post_type=product&#038;p=4040"},"modified":"2025-12-18T12:20:59","modified_gmt":"2025-12-18T12:20:59","slug":"quinta-do-monte-travesso-branco","status":"publish","type":"product","link":"https:\/\/quintadomontetravesso.com\/de\/loja-online\/quinta-do-monte-travesso-branco\/","title":{"rendered":"Quinta do Monte Travesso - Wei\u00df 2024"},"content":{"rendered":"<p class=\"p1\"><strong>Denominierung:<\/strong> DOC - Douro<\/p>\n<p class=\"p1\"><strong>Rebsorten:<\/strong> Gouveio; Viosinho; Rabigato mit einem Anteil von Vinhas Velhas.<\/p>\n<p class=\"p1\"><strong>Produktionsmerkmale:<\/strong><\/p>\n<ul>\n<li class=\"p2\">Cima Corgo;<\/li>\n<li class=\"p2\">Schieferboden;<\/li>\n<li class=\"p2\">450 Meter \u00fcber dem Meeresspiegel;<\/li>\n<li class=\"p2\">90-j\u00e4hrige alte Reben + 2014 gepflanzte Reben<\/li>\n<\/ul>\n<p class=\"p1\"><strong>Weinbereitung:<\/strong> Nach dem sorgf\u00e4ltigen Einsammeln der Trauben in kleinen Kisten werden sie sorgf\u00e4ltig gepresst, dann 24 Stunden lang dekantiert und anschlie\u00dfend in temperaturkontrollierten Edelstahlbeh\u00e4ltern vergoren.<\/p>\n<p class=\"p1\"><strong>Filtrierung:<\/strong> Patrone + Membrane<\/p>\n<p class=\"p1\"><strong>Physikalische und chemische Analyse: <\/strong>Alkohol - 13%; Gesamts\u00e4uregehalt - 6,3 g\/dm3; pH - 3,20<\/p>\n<p class=\"p1\"><strong>Verkostungsnotizen:<\/strong><\/p>\n<p class=\"p1\"><strong>Visuelle Pr\u00fcfung:<\/strong> Klare, gr\u00fcnliche Zitrusfarbe.<\/p>\n<p class=\"p1\"><strong>Untersuchung des Geruchsinns:<\/strong> Frisch und zitrusartig. Noten von tropischen Fr\u00fcchten wie Passionsfrucht und Ananas.<\/p>\n<p class=\"p1\"><strong>Geschmackstest:<\/strong> Frisch und elegant. Die komplexere Seite der Integration alter Reben in die endg\u00fcltige Mischung. Gute Ausdauer und Frische.<\/p>","protected":false},"excerpt":{"rendered":"<p>Denomina\u00e7\u00e3o: DOC \u2013 Douro Castas: Gouveio; Viosinho; Rabigato com componente de Vinhas Velhas. Caracter\u00edsticas de Produ\u00e7\u00e3o: Cima Corgo; Solo xistoso; 450m altitude; Vinha velha com 90 anos + Vinhas plantadas em 2014 Vinifica\u00e7\u00e3o: Ap\u00f3s uma cuidada recolha das uvas em caixas de pequena capacidade, as uvas s\u00e3o cuidadosamente prensadas; segue-se uma decanta\u00e7\u00e3o durante 24 horas; [&hellip;]<\/p>\n","protected":false},"featured_media":5282,"template":"","meta":[],"product_brand":[],"product_cat":[39,45],"product_tag":[50],"class_list":{"0":"post-4040","1":"product","2":"type-product","3":"status-publish","4":"has-post-thumbnail","6":"product_cat-branco","7":"product_cat-vinho","8":"product_tag-vinho","10":"first","11":"instock","12":"shipping-taxable","13":"purchasable","14":"product-type-simple"},"_links":{"self":[{"href":"https:\/\/quintadomontetravesso.com\/de\/wp-json\/wp\/v2\/product\/4040","targetHints":{"allow":["GET"]}}],"collection":[{"href":"https:\/\/quintadomontetravesso.com\/de\/wp-json\/wp\/v2\/product"}],"about":[{"href":"https:\/\/quintadomontetravesso.com\/de\/wp-json\/wp\/v2\/types\/product"}],"wp:featuredmedia":[{"embeddable":true,"href":"https:\/\/quintadomontetravesso.com\/de\/wp-json\/wp\/v2\/media\/5282"}],"wp:attachment":[{"href":"https:\/\/quintadomontetravesso.com\/de\/wp-json\/wp\/v2\/media?parent=4040"}],"wp:term":[{"taxonomy":"product_brand","embeddable":true,"href":"https:\/\/quintadomontetravesso.com\/de\/wp-json\/wp\/v2\/product_brand?post=4040"},{"taxonomy":"product_cat","embeddable":true,"href":"https:\/\/quintadomontetravesso.com\/de\/wp-json\/wp\/v2\/product_cat?post=4040"},{"taxonomy":"product_tag","embeddable":true,"href":"https:\/\/quintadomontetravesso.com\/de\/wp-json\/wp\/v2\/product_tag?post=4040"}],"curies":[{"name":"wp","href":"https:\/\/api.w.org\/{rel}","templated":true}]}}