{"id":4485,"date":"2022-05-05T11:20:52","date_gmt":"2022-05-05T11:20:52","guid":{"rendered":"https:\/\/quintadomontetravesso.com\/?post_type=product&#038;p=4485"},"modified":"2026-03-03T15:11:43","modified_gmt":"2026-03-03T15:11:43","slug":"quinta-do-monte-travesso-azeite-virgem-extra","status":"publish","type":"product","link":"http:\/\/quintadomontetravesso.com\/fr\/loja-online\/quinta-do-monte-travesso-azeite-virgem-extra\/","title":{"rendered":"Quinta do Monte Travesso - Huile d'olive vierge extra"},"content":{"rendered":"<p>La Quinta do Monte Travesso est un domaine du Douro situ\u00e9 \u00e0 Tabua\u00e7o, dans la sous-r\u00e9gion Cima-Corgo. Les vignobles s'\u00e9tendent sur une vall\u00e9e de 16 hectares. Les sols sont pauvres et schisteux, et les c\u00e9pages rouges les plus nobles tels que Tinta Amarela, Tinta Barroca, Tinta Roriz, Tinto C\u00e3o, Touriga Nacional, Touriga Franca et Sous\u00e3o pr\u00e9dominent. Dans les blancs, on trouve le Cerceal, le Fern\u00e3o Pires, le Malvasia Fina, le Gouveio et le Rabigato. Afin de pr\u00e9server les vignes les plus anciennes, certaines parcelles ont \u00e9t\u00e9 conserv\u00e9es avec des plantations compactes et serr\u00e9es, o\u00f9 tout le travail est effectu\u00e9 \u00e0 la main. En revanche, dans les nouvelles plantations sur les terrasses et les vignobles en altitude, on a utilis\u00e9 de larges \u00e9triers qui permettent la m\u00e9canisation. Dans les nouveaux vignobles, outre un choix judicieux du mat\u00e9riel, une attention particuli\u00e8re a \u00e9t\u00e9 accord\u00e9e \u00e0 la gestion des vignes et \u00e0 leur mise en balles.<\/p>","protected":false},"excerpt":{"rendered":"<p>A Quinta do Monte Travesso \u00e9 uma propriedade do Douro, localizada em Tabua\u00e7o, na sub-regi\u00e3o do Cima-Corgo. As vinhas estendem-se por um vale ao longo de 16 hectares. Os solos s\u00e3o pobres e xistosos, neles predominam as castas tintas mais nobres como a Tinta Amarela, Tinta Barroca, Tinta Roriz, Tinto C\u00e3o, Touriga Nacional, Touriga Franca [&hellip;]<\/p>\n","protected":false},"featured_media":4486,"template":"","meta":[],"product_brand":[],"product_cat":[44,47],"product_tag":[51],"class_list":{"0":"post-4485","1":"product","2":"type-product","3":"status-publish","4":"has-post-thumbnail","6":"product_cat-azeite","7":"product_cat-virgem-extra","8":"product_tag-azeite","10":"first","11":"instock","12":"shipping-taxable","13":"purchasable","14":"product-type-simple"},"_links":{"self":[{"href":"http:\/\/quintadomontetravesso.com\/fr\/wp-json\/wp\/v2\/product\/4485","targetHints":{"allow":["GET"]}}],"collection":[{"href":"http:\/\/quintadomontetravesso.com\/fr\/wp-json\/wp\/v2\/product"}],"about":[{"href":"http:\/\/quintadomontetravesso.com\/fr\/wp-json\/wp\/v2\/types\/product"}],"wp:featuredmedia":[{"embeddable":true,"href":"http:\/\/quintadomontetravesso.com\/fr\/wp-json\/wp\/v2\/media\/4486"}],"wp:attachment":[{"href":"http:\/\/quintadomontetravesso.com\/fr\/wp-json\/wp\/v2\/media?parent=4485"}],"wp:term":[{"taxonomy":"product_brand","embeddable":true,"href":"http:\/\/quintadomontetravesso.com\/fr\/wp-json\/wp\/v2\/product_brand?post=4485"},{"taxonomy":"product_cat","embeddable":true,"href":"http:\/\/quintadomontetravesso.com\/fr\/wp-json\/wp\/v2\/product_cat?post=4485"},{"taxonomy":"product_tag","embeddable":true,"href":"http:\/\/quintadomontetravesso.com\/fr\/wp-json\/wp\/v2\/product_tag?post=4485"}],"curies":[{"name":"wp","href":"https:\/\/api.w.org\/{rel}","templated":true}]}}