{"id":4485,"date":"2022-05-05T11:20:52","date_gmt":"2022-05-05T11:20:52","guid":{"rendered":"https:\/\/quintadomontetravesso.com\/?post_type=product&#038;p=4485"},"modified":"2026-03-03T15:11:43","modified_gmt":"2026-03-03T15:11:43","slug":"quinta-do-monte-travesso-azeite-virgem-extra","status":"publish","type":"product","link":"http:\/\/quintadomontetravesso.com\/es\/loja-online\/quinta-do-monte-travesso-azeite-virgem-extra\/","title":{"rendered":"Quinta do Monte Travesso - Aceite de Oliva Virgen Extra"},"content":{"rendered":"<p>Quinta do Monte Travesso es una finca del Duero situada en Tabua\u00e7o, en la subregi\u00f3n de Cima-Corgo. Los vi\u00f1edos se extienden por un valle de 16 hect\u00e1reas. Los suelos son pobres y esquistosos, y predominan las variedades tintas m\u00e1s nobles, como Tinta Amarela, Tinta Barroca, Tinta Roriz, Tinto C\u00e3o, Touriga Nacional, Touriga Franca y Sous\u00e3o. En los blancos encontramos Cerceal, Fern\u00e3o Pires, Malvasia Fina, Gouveio y Rabigato. Para preservar las vi\u00f1as m\u00e1s viejas, se han mantenido algunas parcelas con plantaciones apretadas y compactas, en las que todo el trabajo se realiza a mano. En cambio, en las nuevas plantaciones en terrazas y en los vi\u00f1edos de la parte alta se han utilizado pinzas anchas que permiten la mecanizaci\u00f3n. En los nuevos vi\u00f1edos, adem\u00e1s de una cuidadosa elecci\u00f3n del material, se ha prestado especial atenci\u00f3n al manejo de las cepas y a su empacado.<\/p>","protected":false},"excerpt":{"rendered":"<p>A Quinta do Monte Travesso \u00e9 uma propriedade do Douro, localizada em Tabua\u00e7o, na sub-regi\u00e3o do Cima-Corgo. As vinhas estendem-se por um vale ao longo de 16 hectares. Os solos s\u00e3o pobres e xistosos, neles predominam as castas tintas mais nobres como a Tinta Amarela, Tinta Barroca, Tinta Roriz, Tinto C\u00e3o, Touriga Nacional, Touriga Franca [&hellip;]<\/p>\n","protected":false},"featured_media":4486,"template":"","meta":[],"product_brand":[],"product_cat":[44,47],"product_tag":[51],"class_list":{"0":"post-4485","1":"product","2":"type-product","3":"status-publish","4":"has-post-thumbnail","6":"product_cat-azeite","7":"product_cat-virgem-extra","8":"product_tag-azeite","10":"first","11":"instock","12":"shipping-taxable","13":"purchasable","14":"product-type-simple"},"_links":{"self":[{"href":"http:\/\/quintadomontetravesso.com\/es\/wp-json\/wp\/v2\/product\/4485","targetHints":{"allow":["GET"]}}],"collection":[{"href":"http:\/\/quintadomontetravesso.com\/es\/wp-json\/wp\/v2\/product"}],"about":[{"href":"http:\/\/quintadomontetravesso.com\/es\/wp-json\/wp\/v2\/types\/product"}],"wp:featuredmedia":[{"embeddable":true,"href":"http:\/\/quintadomontetravesso.com\/es\/wp-json\/wp\/v2\/media\/4486"}],"wp:attachment":[{"href":"http:\/\/quintadomontetravesso.com\/es\/wp-json\/wp\/v2\/media?parent=4485"}],"wp:term":[{"taxonomy":"product_brand","embeddable":true,"href":"http:\/\/quintadomontetravesso.com\/es\/wp-json\/wp\/v2\/product_brand?post=4485"},{"taxonomy":"product_cat","embeddable":true,"href":"http:\/\/quintadomontetravesso.com\/es\/wp-json\/wp\/v2\/product_cat?post=4485"},{"taxonomy":"product_tag","embeddable":true,"href":"http:\/\/quintadomontetravesso.com\/es\/wp-json\/wp\/v2\/product_tag?post=4485"}],"curies":[{"name":"wp","href":"https:\/\/api.w.org\/{rel}","templated":true}]}}