{"id":4485,"date":"2022-05-05T11:20:52","date_gmt":"2022-05-05T11:20:52","guid":{"rendered":"https:\/\/quintadomontetravesso.com\/?post_type=product&#038;p=4485"},"modified":"2026-03-03T15:11:43","modified_gmt":"2026-03-03T15:11:43","slug":"quinta-do-monte-travesso-azeite-virgem-extra","status":"publish","type":"product","link":"http:\/\/quintadomontetravesso.com\/en\/loja-online\/quinta-do-monte-travesso-azeite-virgem-extra\/","title":{"rendered":"Quinta do Monte Travesso - Extra Virgin Olive Oil"},"content":{"rendered":"<p>Quinta do Monte Travesso is a Douro estate located in Tabua\u00e7o, in the Cima-Corgo sub-region. The vineyards stretch across a valley over 16 hectares. The soils are poor and schistose, and the noblest red grape varieties such as Tinta Amarela, Tinta Barroca, Tinta Roriz, Tinto C\u00e3o, Touriga Nacional, Touriga Franca and Sous\u00e3o predominate. In the whites we find Cerceal, Fern\u00e3o Pires, Malvasia Fina, Gouveio and Rabigato. In order to preserve the oldest vines, some plots have been kept with tight-compact plantings, where all the work is done by hand. On the other hand, in the new plantings on terraces and vineyards at the top, wide calipers have been used that allow for mechanization. In the new vineyards, in addition to a careful choice of material, special attention has been paid to the management of the vines and their baling.<\/p>","protected":false},"excerpt":{"rendered":"<p>A Quinta do Monte Travesso \u00e9 uma propriedade do Douro, localizada em Tabua\u00e7o, na sub-regi\u00e3o do Cima-Corgo. As vinhas estendem-se por um vale ao longo de 16 hectares. Os solos s\u00e3o pobres e xistosos, neles predominam as castas tintas mais nobres como a Tinta Amarela, Tinta Barroca, Tinta Roriz, Tinto C\u00e3o, Touriga Nacional, Touriga Franca [&hellip;]<\/p>\n","protected":false},"featured_media":4486,"template":"","meta":[],"product_brand":[],"product_cat":[44,47],"product_tag":[51],"class_list":{"0":"post-4485","1":"product","2":"type-product","3":"status-publish","4":"has-post-thumbnail","6":"product_cat-azeite","7":"product_cat-virgem-extra","8":"product_tag-azeite","10":"first","11":"instock","12":"shipping-taxable","13":"purchasable","14":"product-type-simple"},"_links":{"self":[{"href":"http:\/\/quintadomontetravesso.com\/en\/wp-json\/wp\/v2\/product\/4485","targetHints":{"allow":["GET"]}}],"collection":[{"href":"http:\/\/quintadomontetravesso.com\/en\/wp-json\/wp\/v2\/product"}],"about":[{"href":"http:\/\/quintadomontetravesso.com\/en\/wp-json\/wp\/v2\/types\/product"}],"wp:featuredmedia":[{"embeddable":true,"href":"http:\/\/quintadomontetravesso.com\/en\/wp-json\/wp\/v2\/media\/4486"}],"wp:attachment":[{"href":"http:\/\/quintadomontetravesso.com\/en\/wp-json\/wp\/v2\/media?parent=4485"}],"wp:term":[{"taxonomy":"product_brand","embeddable":true,"href":"http:\/\/quintadomontetravesso.com\/en\/wp-json\/wp\/v2\/product_brand?post=4485"},{"taxonomy":"product_cat","embeddable":true,"href":"http:\/\/quintadomontetravesso.com\/en\/wp-json\/wp\/v2\/product_cat?post=4485"},{"taxonomy":"product_tag","embeddable":true,"href":"http:\/\/quintadomontetravesso.com\/en\/wp-json\/wp\/v2\/product_tag?post=4485"}],"curies":[{"name":"wp","href":"https:\/\/api.w.org\/{rel}","templated":true}]}}