{"id":4485,"date":"2022-05-05T11:20:52","date_gmt":"2022-05-05T11:20:52","guid":{"rendered":"https:\/\/quintadomontetravesso.com\/?post_type=product&#038;p=4485"},"modified":"2026-03-03T15:11:43","modified_gmt":"2026-03-03T15:11:43","slug":"quinta-do-monte-travesso-azeite-virgem-extra","status":"publish","type":"product","link":"http:\/\/quintadomontetravesso.com\/de\/loja-online\/quinta-do-monte-travesso-azeite-virgem-extra\/","title":{"rendered":"Quinta do Monte Travesso - Natives Oliven\u00f6l Extra"},"content":{"rendered":"<p>Die Quinta do Monte Travesso ist ein Weingut am Douro in Tabua\u00e7o, in der Unterregion Cima-Corgo. Die Weinberge erstrecken sich in einem Tal \u00fcber 16 Hektar. Die B\u00f6den sind karg und schieferhaltig, und es dominieren die edelsten roten Rebsorten wie Tinta Amarela, Tinta Barroca, Tinta Roriz, Tinto C\u00e3o, Touriga Nacional, Touriga Franca und Sous\u00e3o. Bei den Wei\u00dfweinen finden wir Cerceal, Fern\u00e3o Pires, Malvasia Fina, Gouveio und Rabigato. Um die \u00e4ltesten Rebst\u00f6cke zu erhalten, wurden einige Parzellen mit kompakten Anpflanzungen beibehalten, in denen alle Arbeiten von Hand ausgef\u00fchrt werden. In den Neupflanzungen auf den Terrassen und in den Weinbergen in den oberen Lagen wurden dagegen breite Zangen verwendet, die eine Mechanisierung erm\u00f6glichen. In den neuen Weinbergen wurde neben einer sorgf\u00e4ltigen Auswahl des Materials besonderes Augenmerk auf die Pflege der Rebst\u00f6cke und deren Ballenbildung gelegt.<\/p>","protected":false},"excerpt":{"rendered":"<p>A Quinta do Monte Travesso \u00e9 uma propriedade do Douro, localizada em Tabua\u00e7o, na sub-regi\u00e3o do Cima-Corgo. As vinhas estendem-se por um vale ao longo de 16 hectares. Os solos s\u00e3o pobres e xistosos, neles predominam as castas tintas mais nobres como a Tinta Amarela, Tinta Barroca, Tinta Roriz, Tinto C\u00e3o, Touriga Nacional, Touriga Franca [&hellip;]<\/p>\n","protected":false},"featured_media":4486,"template":"","meta":[],"product_brand":[],"product_cat":[44,47],"product_tag":[51],"class_list":{"0":"post-4485","1":"product","2":"type-product","3":"status-publish","4":"has-post-thumbnail","6":"product_cat-azeite","7":"product_cat-virgem-extra","8":"product_tag-azeite","10":"first","11":"instock","12":"shipping-taxable","13":"purchasable","14":"product-type-simple"},"_links":{"self":[{"href":"http:\/\/quintadomontetravesso.com\/de\/wp-json\/wp\/v2\/product\/4485","targetHints":{"allow":["GET"]}}],"collection":[{"href":"http:\/\/quintadomontetravesso.com\/de\/wp-json\/wp\/v2\/product"}],"about":[{"href":"http:\/\/quintadomontetravesso.com\/de\/wp-json\/wp\/v2\/types\/product"}],"wp:featuredmedia":[{"embeddable":true,"href":"http:\/\/quintadomontetravesso.com\/de\/wp-json\/wp\/v2\/media\/4486"}],"wp:attachment":[{"href":"http:\/\/quintadomontetravesso.com\/de\/wp-json\/wp\/v2\/media?parent=4485"}],"wp:term":[{"taxonomy":"product_brand","embeddable":true,"href":"http:\/\/quintadomontetravesso.com\/de\/wp-json\/wp\/v2\/product_brand?post=4485"},{"taxonomy":"product_cat","embeddable":true,"href":"http:\/\/quintadomontetravesso.com\/de\/wp-json\/wp\/v2\/product_cat?post=4485"},{"taxonomy":"product_tag","embeddable":true,"href":"http:\/\/quintadomontetravesso.com\/de\/wp-json\/wp\/v2\/product_tag?post=4485"}],"curies":[{"name":"wp","href":"https:\/\/api.w.org\/{rel}","templated":true}]}}