{"id":5265,"date":"2025-12-12T18:29:04","date_gmt":"2025-12-12T18:29:04","guid":{"rendered":"https:\/\/quintadomontetravesso.com\/?page_id=5265"},"modified":"2026-02-20T11:50:42","modified_gmt":"2026-02-20T11:50:42","slug":"adega","status":"publish","type":"page","link":"http:\/\/quintadomontetravesso.com\/de\/adega\/","title":{"rendered":"Weinkeller"},"content":{"rendered":"<div data-elementor-type=\"wp-page\" data-elementor-id=\"5265\" class=\"elementor elementor-5265\" data-elementor-post-type=\"page\">\n\t\t\t\t\t\t<section class=\"elementor-section elementor-top-section elementor-element elementor-element-15ae7fc elementor-section-height-min-height elementor-section-boxed elementor-section-height-default elementor-section-items-middle\" data-id=\"15ae7fc\" data-element_type=\"section\" data-e-type=\"section\" data-settings=\"{&quot;background_background&quot;:&quot;classic&quot;}\">\n\t\t\t\t\t\t<div class=\"elementor-container elementor-column-gap-default\">\n\t\t\t\t\t<div class=\"elementor-column elementor-col-100 elementor-top-column elementor-element elementor-element-80ce52a\" data-id=\"80ce52a\" data-element_type=\"column\" data-e-type=\"column\">\n\t\t\t<div class=\"elementor-widget-wrap\">\n\t\t\t\t\t\t\t<\/div>\n\t\t<\/div>\n\t\t\t\t\t<\/div>\n\t\t<\/section>\n\t\t\t\t<section class=\"elementor-section elementor-top-section elementor-element elementor-element-516cd9a elementor-section-full_width elementor-section-height-min-height elementor-section-height-default elementor-section-items-middle\" data-id=\"516cd9a\" data-element_type=\"section\" data-e-type=\"section\" id=\"quemsomos\" data-settings=\"{&quot;background_background&quot;:&quot;classic&quot;}\">\n\t\t\t\t\t\t<div class=\"elementor-container elementor-column-gap-wider\">\n\t\t\t\t\t<div class=\"elementor-column elementor-col-50 elementor-top-column elementor-element elementor-element-b9e261f\" data-id=\"b9e261f\" data-element_type=\"column\" data-e-type=\"column\">\n\t\t\t<div class=\"elementor-widget-wrap elementor-element-populated\">\n\t\t\t\t\t\t<div class=\"elementor-element elementor-element-933e7c5 elementor-widget elementor-widget-heading\" data-id=\"933e7c5\" data-element_type=\"widget\" data-e-type=\"widget\" data-widget_type=\"heading.default\">\n\t\t\t\t<div class=\"elementor-widget-container\">\n\t\t\t\t\t<h2 class=\"elementor-heading-title elementor-size-default\">Vielfalt mit traditioneller Note<\/h2>\t\t\t\t<\/div>\n\t\t\t\t<\/div>\n\t\t\t\t<div class=\"elementor-element elementor-element-3693c97 elementor-widget__width-initial elementor-widget elementor-widget-text-editor\" data-id=\"3693c97\" data-element_type=\"widget\" data-e-type=\"widget\" data-widget_type=\"text-editor.default\">\n\t\t\t\t<div class=\"elementor-widget-container\">\n\t\t\t\t\t\t\t\t\t<div class=\"page\" title=\"Seite 1\"><div class=\"layoutArea\"><div class=\"column\"><div class=\"page\" title=\"Seite 2\"><div class=\"layoutArea\"><div class=\"column\"><p>Na nossa adega, o vinho come\u00e7a muito antes de chegar aos lagares e \u00e0s cubas. Nasce na vinha, no som das folhas a agitar-se, na luz quente que amadurece os cachos e no aroma da terra fresca apo\u0301s a vindima. As uvas sa\u0303o cortadas a\u0300 ma\u0303o, mantendo ainda o perfume da paisagem que lhes deu origem. Ao entrarmos na adega, sentimos a frescura das paredes, o cheiro intenso da uva madura e a calma pro\u0301pria de um espac\u0327o onde o tempo parece abrandar. Cada bago e\u0301 cuidadosamente seleccionado, num gesto que preserva a esse\u0302ncia do que queremos criar.<br \/>Entre a tradic\u0327a\u0303o que nos orienta e a te\u0301cnica que nos aperfeic\u0327oa, damos forma a vinhos que refletem o cara\u0301cter da nossa terra. A fruta, a textura, a mineralidade e a estrutura moldada pelo tempo revelam-se em cada perfil \u2014 sejam vinhos mais leves e elegantes ou mais intensos e complexos.<br \/>Abrimos as portas da adega a quem queira sentir este ambiente de perto. Aqui, pode acompanhar o percurso das uvas, provar os nossos vinhos e, se desejar, ficar nas nossas casas, onde o sile\u0302ncio da vinha e a luz do fim de tarde completam a experie\u0302ncia.<br \/>Ein Ort, an dem der Wein mit den Sinnen entdeckt wird, bevor er ins Glas und in die Seele gelangt.<br \/><br \/><\/p><p style=\"text-align: left;\"><strong>Fotografia:<\/strong> Bernardo N\u00e1poles com o en\u00f3logo residente Daniel Souto \u2013 danielsouto@quintadomontetravesso.com<\/p><\/div><\/div><\/div><\/div><\/div><\/div>\t\t\t\t\t\t\t\t<\/div>\n\t\t\t\t<\/div>\n\t\t\t\t\t<\/div>\n\t\t<\/div>\n\t\t\t\t<div class=\"elementor-column elementor-col-50 elementor-top-column elementor-element elementor-element-6bf4005\" data-id=\"6bf4005\" data-element_type=\"column\" data-e-type=\"column\" data-settings=\"{&quot;background_background&quot;:&quot;classic&quot;}\">\n\t\t\t<div class=\"elementor-widget-wrap elementor-element-populated\">\n\t\t\t\t\t\t<div class=\"elementor-element elementor-element-513afbb elementor-hidden-tablet elementor-hidden-mobile elementor-widget elementor-widget-spacer\" data-id=\"513afbb\" data-element_type=\"widget\" data-e-type=\"widget\" data-widget_type=\"spacer.default\">\n\t\t\t\t<div class=\"elementor-widget-container\">\n\t\t\t\t\t\t\t<div class=\"elementor-spacer\">\n\t\t\t<div class=\"elementor-spacer-inner\"><\/div>\n\t\t<\/div>\n\t\t\t\t\t\t<\/div>\n\t\t\t\t<\/div>\n\t\t\t\t<div class=\"elementor-element elementor-element-acb7c64 elementor-widget elementor-widget-spacer\" data-id=\"acb7c64\" data-element_type=\"widget\" data-e-type=\"widget\" data-widget_type=\"spacer.default\">\n\t\t\t\t<div class=\"elementor-widget-container\">\n\t\t\t\t\t\t\t<div class=\"elementor-spacer\">\n\t\t\t<div class=\"elementor-spacer-inner\"><\/div>\n\t\t<\/div>\n\t\t\t\t\t\t<\/div>\n\t\t\t\t<\/div>\n\t\t\t\t\t<\/div>\n\t\t<\/div>\n\t\t\t\t\t<\/div>\n\t\t<\/section>\n\t\t\t\t<section class=\"elementor-section elementor-top-section elementor-element elementor-element-600860d elementor-section-height-min-height elementor-section-boxed elementor-section-height-default elementor-section-items-middle\" data-id=\"600860d\" data-element_type=\"section\" data-e-type=\"section\" data-settings=\"{&quot;background_background&quot;:&quot;classic&quot;}\">\n\t\t\t\t\t\t<div class=\"elementor-container elementor-column-gap-default\">\n\t\t\t\t\t<div class=\"elementor-column elementor-col-100 elementor-top-column elementor-element elementor-element-ff56fc4\" data-id=\"ff56fc4\" data-element_type=\"column\" data-e-type=\"column\">\n\t\t\t<div class=\"elementor-widget-wrap\">\n\t\t\t\t\t\t\t<\/div>\n\t\t<\/div>\n\t\t\t\t\t<\/div>\n\t\t<\/section>\n\t\t\t\t<\/div>","protected":false},"excerpt":{"rendered":"<p>Diversidade com sabor a tradi\u00e7\u00e3o Na nossa adega, o vinho come\u00e7a muito antes de chegar aos lagares e \u00e0s cubas. Nasce na vinha, no som das folhas a agitar-se, na luz quente que amadurece os cachos e no aroma da terra fresca apo\u0301s a vindima. As uvas sa\u0303o cortadas a\u0300 ma\u0303o, mantendo ainda o perfume [&hellip;]<\/p>\n","protected":false},"author":1,"featured_media":3683,"parent":0,"menu_order":0,"comment_status":"closed","ping_status":"closed","template":"elementor_header_footer","meta":{"footnotes":""},"class_list":["post-5265","page","type-page","status-publish","has-post-thumbnail","hentry"],"_links":{"self":[{"href":"http:\/\/quintadomontetravesso.com\/de\/wp-json\/wp\/v2\/pages\/5265","targetHints":{"allow":["GET"]}}],"collection":[{"href":"http:\/\/quintadomontetravesso.com\/de\/wp-json\/wp\/v2\/pages"}],"about":[{"href":"http:\/\/quintadomontetravesso.com\/de\/wp-json\/wp\/v2\/types\/page"}],"author":[{"embeddable":true,"href":"http:\/\/quintadomontetravesso.com\/de\/wp-json\/wp\/v2\/users\/1"}],"replies":[{"embeddable":true,"href":"http:\/\/quintadomontetravesso.com\/de\/wp-json\/wp\/v2\/comments?post=5265"}],"version-history":[{"count":22,"href":"http:\/\/quintadomontetravesso.com\/de\/wp-json\/wp\/v2\/pages\/5265\/revisions"}],"predecessor-version":[{"id":5479,"href":"http:\/\/quintadomontetravesso.com\/de\/wp-json\/wp\/v2\/pages\/5265\/revisions\/5479"}],"wp:featuredmedia":[{"embeddable":true,"href":"http:\/\/quintadomontetravesso.com\/de\/wp-json\/wp\/v2\/media\/3683"}],"wp:attachment":[{"href":"http:\/\/quintadomontetravesso.com\/de\/wp-json\/wp\/v2\/media?parent=5265"}],"curies":[{"name":"wp","href":"https:\/\/api.w.org\/{rel}","templated":true}]}}