{"id":5254,"date":"2025-12-12T18:14:06","date_gmt":"2025-12-12T18:14:06","guid":{"rendered":"https:\/\/quintadomontetravesso.com\/?page_id=5254"},"modified":"2026-02-20T11:51:35","modified_gmt":"2026-02-20T11:51:35","slug":"azeite","status":"publish","type":"page","link":"http:\/\/quintadomontetravesso.com\/de\/azeite\/","title":{"rendered":"Oliven\u00f6l"},"content":{"rendered":"<div data-elementor-type=\"wp-page\" data-elementor-id=\"5254\" class=\"elementor elementor-5254\" data-elementor-post-type=\"page\">\n\t\t\t\t\t\t<section class=\"elementor-section elementor-top-section elementor-element elementor-element-15ae7fc elementor-section-height-min-height elementor-section-boxed elementor-section-height-default elementor-section-items-middle\" data-id=\"15ae7fc\" data-element_type=\"section\" data-e-type=\"section\" data-settings=\"{&quot;background_background&quot;:&quot;classic&quot;}\">\n\t\t\t\t\t\t<div class=\"elementor-container elementor-column-gap-default\">\n\t\t\t\t\t<div class=\"elementor-column elementor-col-100 elementor-top-column elementor-element elementor-element-80ce52a\" data-id=\"80ce52a\" data-element_type=\"column\" data-e-type=\"column\">\n\t\t\t<div class=\"elementor-widget-wrap\">\n\t\t\t\t\t\t\t<\/div>\n\t\t<\/div>\n\t\t\t\t\t<\/div>\n\t\t<\/section>\n\t\t\t\t<section class=\"elementor-section elementor-top-section elementor-element elementor-element-516cd9a elementor-section-full_width elementor-section-height-min-height elementor-section-height-default elementor-section-items-middle\" data-id=\"516cd9a\" data-element_type=\"section\" data-e-type=\"section\" id=\"quemsomos\" data-settings=\"{&quot;background_background&quot;:&quot;classic&quot;}\">\n\t\t\t\t\t\t<div class=\"elementor-container elementor-column-gap-wider\">\n\t\t\t\t\t<div class=\"elementor-column elementor-col-50 elementor-top-column elementor-element elementor-element-b9e261f\" data-id=\"b9e261f\" data-element_type=\"column\" data-e-type=\"column\">\n\t\t\t<div class=\"elementor-widget-wrap elementor-element-populated\">\n\t\t\t\t\t\t<div class=\"elementor-element elementor-element-933e7c5 elementor-widget elementor-widget-heading\" data-id=\"933e7c5\" data-element_type=\"widget\" data-e-type=\"widget\" data-widget_type=\"heading.default\">\n\t\t\t\t<div class=\"elementor-widget-container\">\n\t\t\t\t\t<h2 class=\"elementor-heading-title elementor-size-default\">Jahrhundertealte Olivenb\u00e4ume zeugen von einem geschmacklichen und geschichtlichen Erbe, das sich \u00fcber Generationen erstreckt.<\/h2>\t\t\t\t<\/div>\n\t\t\t\t<\/div>\n\t\t\t\t<div class=\"elementor-element elementor-element-3693c97 elementor-widget__width-initial elementor-widget elementor-widget-text-editor\" data-id=\"3693c97\" data-element_type=\"widget\" data-e-type=\"widget\" data-widget_type=\"text-editor.default\">\n\t\t\t\t<div class=\"elementor-widget-container\">\n\t\t\t\t\t\t\t\t\t<div class=\"page\" title=\"Seite 1\"><div class=\"layoutArea\"><div class=\"column\"><p>Die Seele und die Landschaft unserer Quinta gehen weit \u00fcber die Weinberge hinaus. Unser Oliven\u00f6l ist unser \u201cfl\u00fcssiges Gold\u201d und bewahrt eine \u00fcberlieferte Tradition mit alten Olivenhainen und manuellen Ernten, die die \u00fcberlieferten Praktiken widerspiegeln.<br \/>Auf unserer Quinta zeichnen wir uns durch Qualit\u00e4t, Transparenz und Tradition aus; wir pflegen unsere Olivenb\u00e4ume mit Geduld, individueller Aufmerksamkeit und dem Respekt, den sie verdienen. Es ist dieses Oliven\u00f6l - einzigartig, nat\u00fcrlich und voller Geschichte - das wir gerne produzieren.<\/p><\/div><\/div><\/div>\t\t\t\t\t\t\t\t<\/div>\n\t\t\t\t<\/div>\n\t\t\t\t\t<\/div>\n\t\t<\/div>\n\t\t\t\t<div class=\"elementor-column elementor-col-50 elementor-top-column elementor-element elementor-element-6bf4005\" data-id=\"6bf4005\" data-element_type=\"column\" data-e-type=\"column\" data-settings=\"{&quot;background_background&quot;:&quot;classic&quot;}\">\n\t\t\t<div class=\"elementor-widget-wrap elementor-element-populated\">\n\t\t\t\t\t\t<div class=\"elementor-element elementor-element-513afbb elementor-hidden-tablet elementor-hidden-mobile elementor-widget elementor-widget-spacer\" data-id=\"513afbb\" data-element_type=\"widget\" data-e-type=\"widget\" data-widget_type=\"spacer.default\">\n\t\t\t\t<div class=\"elementor-widget-container\">\n\t\t\t\t\t\t\t<div class=\"elementor-spacer\">\n\t\t\t<div class=\"elementor-spacer-inner\"><\/div>\n\t\t<\/div>\n\t\t\t\t\t\t<\/div>\n\t\t\t\t<\/div>\n\t\t\t\t<div class=\"elementor-element elementor-element-acb7c64 elementor-widget elementor-widget-spacer\" data-id=\"acb7c64\" data-element_type=\"widget\" data-e-type=\"widget\" data-widget_type=\"spacer.default\">\n\t\t\t\t<div class=\"elementor-widget-container\">\n\t\t\t\t\t\t\t<div class=\"elementor-spacer\">\n\t\t\t<div class=\"elementor-spacer-inner\"><\/div>\n\t\t<\/div>\n\t\t\t\t\t\t<\/div>\n\t\t\t\t<\/div>\n\t\t\t\t\t<\/div>\n\t\t<\/div>\n\t\t\t\t\t<\/div>\n\t\t<\/section>\n\t\t\t\t<section class=\"elementor-section elementor-top-section elementor-element elementor-element-600860d elementor-section-height-min-height elementor-section-boxed elementor-section-height-default elementor-section-items-middle\" data-id=\"600860d\" data-element_type=\"section\" data-e-type=\"section\" data-settings=\"{&quot;background_background&quot;:&quot;classic&quot;}\">\n\t\t\t\t\t\t<div class=\"elementor-container elementor-column-gap-default\">\n\t\t\t\t\t<div class=\"elementor-column elementor-col-100 elementor-top-column elementor-element elementor-element-ff56fc4\" data-id=\"ff56fc4\" data-element_type=\"column\" data-e-type=\"column\">\n\t\t\t<div class=\"elementor-widget-wrap\">\n\t\t\t\t\t\t\t<\/div>\n\t\t<\/div>\n\t\t\t\t\t<\/div>\n\t\t<\/section>\n\t\t\t\t<\/div>","protected":false},"excerpt":{"rendered":"<p>Oliveiras centen\u00e1rias testemunham um legado de sabores e hist\u00f3rias que atravessa gera\u00e7\u00f5es. A alma e a paisagem da nossa quinta va\u0303o muito ale\u0301m das vinhas. O nosso azeite e\u0301 o nosso \u201couro li\u0301quido\u201d, preservando uma tradic\u0327a\u0303o herdada ao longo do tempo, com olivais antigos e colheitas manuais que reflectem pra\u0301ticas ancestrais.Na nossa quinta primamos pela [&hellip;]<\/p>\n","protected":false},"author":1,"featured_media":3683,"parent":0,"menu_order":0,"comment_status":"closed","ping_status":"closed","template":"elementor_header_footer","meta":{"footnotes":""},"class_list":["post-5254","page","type-page","status-publish","has-post-thumbnail","hentry"],"_links":{"self":[{"href":"http:\/\/quintadomontetravesso.com\/de\/wp-json\/wp\/v2\/pages\/5254","targetHints":{"allow":["GET"]}}],"collection":[{"href":"http:\/\/quintadomontetravesso.com\/de\/wp-json\/wp\/v2\/pages"}],"about":[{"href":"http:\/\/quintadomontetravesso.com\/de\/wp-json\/wp\/v2\/types\/page"}],"author":[{"embeddable":true,"href":"http:\/\/quintadomontetravesso.com\/de\/wp-json\/wp\/v2\/users\/1"}],"replies":[{"embeddable":true,"href":"http:\/\/quintadomontetravesso.com\/de\/wp-json\/wp\/v2\/comments?post=5254"}],"version-history":[{"count":7,"href":"http:\/\/quintadomontetravesso.com\/de\/wp-json\/wp\/v2\/pages\/5254\/revisions"}],"predecessor-version":[{"id":5482,"href":"http:\/\/quintadomontetravesso.com\/de\/wp-json\/wp\/v2\/pages\/5254\/revisions\/5482"}],"wp:featuredmedia":[{"embeddable":true,"href":"http:\/\/quintadomontetravesso.com\/de\/wp-json\/wp\/v2\/media\/3683"}],"wp:attachment":[{"href":"http:\/\/quintadomontetravesso.com\/de\/wp-json\/wp\/v2\/media?parent=5254"}],"curies":[{"name":"wp","href":"https:\/\/api.w.org\/{rel}","templated":true}]}}