{"id":5080,"date":"2025-11-11T19:08:14","date_gmt":"2025-11-11T19:08:14","guid":{"rendered":"https:\/\/quintadomontetravesso.com\/?page_id=5080"},"modified":"2026-02-19T17:33:05","modified_gmt":"2026-02-19T17:33:05","slug":"casa-da-tilia","status":"publish","type":"page","link":"http:\/\/quintadomontetravesso.com\/de\/casa-da-tilia\/","title":{"rendered":"Kalkhaus"},"content":{"rendered":"<div data-elementor-type=\"wp-page\" data-elementor-id=\"5080\" class=\"elementor elementor-5080\" data-elementor-post-type=\"page\">\n\t\t\t\t\t\t<section class=\"elementor-section elementor-top-section elementor-element elementor-element-15ae7fc elementor-section-height-min-height elementor-section-boxed elementor-section-height-default elementor-section-items-middle\" data-id=\"15ae7fc\" data-element_type=\"section\" data-e-type=\"section\" data-settings=\"{&quot;background_background&quot;:&quot;classic&quot;}\">\n\t\t\t\t\t\t<div class=\"elementor-container elementor-column-gap-default\">\n\t\t\t\t\t<div class=\"elementor-column elementor-col-100 elementor-top-column elementor-element elementor-element-80ce52a\" data-id=\"80ce52a\" data-element_type=\"column\" data-e-type=\"column\">\n\t\t\t<div class=\"elementor-widget-wrap\">\n\t\t\t\t\t\t\t<\/div>\n\t\t<\/div>\n\t\t\t\t\t<\/div>\n\t\t<\/section>\n\t\t\t\t<section class=\"elementor-section elementor-top-section elementor-element elementor-element-e81a845 elementor-section-full_width elementor-section-height-min-height elementor-section-height-default elementor-section-items-middle\" data-id=\"e81a845\" data-element_type=\"section\" data-e-type=\"section\" data-settings=\"{&quot;background_background&quot;:&quot;classic&quot;}\">\n\t\t\t\t\t\t<div class=\"elementor-container elementor-column-gap-wider\">\n\t\t\t\t\t<div class=\"elementor-column elementor-col-50 elementor-top-column elementor-element elementor-element-c36b809\" data-id=\"c36b809\" data-element_type=\"column\" data-e-type=\"column\">\n\t\t\t<div class=\"elementor-widget-wrap elementor-element-populated\">\n\t\t\t\t<div class=\"elementor-element elementor-element-6ecc328 e-flex e-con-boxed e-con e-parent\" data-id=\"6ecc328\" data-element_type=\"container\" data-e-type=\"container\">\n\t\t\t\t\t<div class=\"e-con-inner\">\n\t\t\t\t<div class=\"elementor-element elementor-element-62d9799 elementor-widget elementor-widget-image\" data-id=\"62d9799\" data-element_type=\"widget\" data-e-type=\"widget\" data-widget_type=\"image.default\">\n\t\t\t\t<div class=\"elementor-widget-container\">\n\t\t\t\t\t\t\t\t\t\t\t\t\t\t\t<img decoding=\"async\" width=\"103\" height=\"150\" src=\"https:\/\/quintadomontetravesso.com\/wp-content\/uploads\/2025\/11\/Tilia.svg\" class=\"attachment-large size-large wp-image-5042\" alt=\"\" \/>\t\t\t\t\t\t\t\t\t\t\t\t\t\t\t<\/div>\n\t\t\t\t<\/div>\n\t\t\t\t<div class=\"elementor-element elementor-element-a696dd5 elementor-widget elementor-widget-heading\" data-id=\"a696dd5\" data-element_type=\"widget\" data-e-type=\"widget\" data-widget_type=\"heading.default\">\n\t\t\t\t<div class=\"elementor-widget-container\">\n\t\t\t\t\t<h2 class=\"elementor-heading-title elementor-size-default\">Kalkhaus<\/h2>\t\t\t\t<\/div>\n\t\t\t\t<\/div>\n\t\t\t\t\t<\/div>\n\t\t\t\t<\/div>\n\t\t\t\t<div class=\"elementor-element elementor-element-b0a8eb3 elementor-widget elementor-widget-text-editor\" data-id=\"b0a8eb3\" data-element_type=\"widget\" data-e-type=\"widget\" data-widget_type=\"text-editor.default\">\n\t\t\t\t<div class=\"elementor-widget-container\">\n\t\t\t\t\t\t\t\t\t<section class=\"b7f1f9eb58\"><div class=\"b99b6ef58f c20c752387\" data-testid=\"rp-description\">Os principais destaques desta casa de f\u00e9rias s\u00e3o a sua privacidade e a envolvente tranquila, complementadas por uma pequena piscina com vista e uma lareira acolhedora. A casa disp\u00f5e de uma sala de estar com sof\u00e1-cama, um quarto separado e uma casa de banho equipada com amenities \u201cAroma de Portugal\u201d.<\/div><div class=\"b99b6ef58f c20c752387\" data-testid=\"rp-description\"><br \/>A kitchenette est\u00e1 totalmente equipada, incluindo placa de fog\u00e3o, frigor\u00edfico, forno e utens\u00edlios de cozinha, permitindo preparar refei\u00e7\u00f5es com toda a comodidade.<br \/>O terra\u00e7o proporciona vistas encantadoras para o jardim, enquanto a sala e o quarto contam com ar condicionado e televis\u00e3o de ecr\u00e3 plano, garantindo conforto em todas as \u00e1reas.<\/div><div class=\"b99b6ef58f c20c752387\" data-testid=\"rp-description\"><br \/>O pequeno-almo\u00e7o \u00e9 previamente disponibilizado, com entrega de p\u00e3o fresco todas as manh\u00e3s. Para que possa desfrutar da sua estadia com ainda mais tranquilidade e tempo para si, o servi\u00e7o de quartos \u00e9 oferecido gratuitamente a partir da terceira noite.<\/div><\/section>\t\t\t\t\t\t\t\t<\/div>\n\t\t\t\t<\/div>\n\t\t\t\t<div class=\"elementor-element elementor-element-dbc0106 elementor-align-left elementor-mobile-align-center elementor-widget elementor-widget-button\" data-id=\"dbc0106\" data-element_type=\"widget\" data-e-type=\"widget\" data-widget_type=\"button.default\">\n\t\t\t\t<div class=\"elementor-widget-container\">\n\t\t\t\t\t\t\t\t\t<div class=\"elementor-button-wrapper\">\n\t\t\t\t\t<a class=\"elementor-button elementor-button-link elementor-size-sm\" href=\"https:\/\/quintadomontetravesso.com\/de\/alojamentos\/\">\n\t\t\t\t\t\t<span class=\"elementor-button-content-wrapper\">\n\t\t\t\t\t\t<span class=\"elementor-button-icon\">\n\t\t\t\t<i aria-hidden=\"true\" class=\"lnr lnr-calendar-full\"><\/i>\t\t\t<\/span>\n\t\t\t\t\t\t\t\t\t<span class=\"elementor-button-text\">Buchung<\/span>\n\t\t\t\t\t<\/span>\n\t\t\t\t\t<\/a>\n\t\t\t\t<\/div>\n\t\t\t\t\t\t\t\t<\/div>\n\t\t\t\t<\/div>\n\t\t\t\t\t<\/div>\n\t\t<\/div>\n\t\t\t\t<div class=\"elementor-column elementor-col-50 elementor-top-column elementor-element elementor-element-e5749ae\" data-id=\"e5749ae\" data-element_type=\"column\" data-e-type=\"column\" data-settings=\"{&quot;background_background&quot;:&quot;classic&quot;}\">\n\t\t\t<div class=\"elementor-widget-wrap elementor-element-populated\">\n\t\t\t\t\t\t<div class=\"elementor-element elementor-element-603206b elementor-widget elementor-widget-image\" data-id=\"603206b\" data-element_type=\"widget\" data-e-type=\"widget\" data-widget_type=\"image.default\">\n\t\t\t\t<div class=\"elementor-widget-container\">\n\t\t\t\t\t\t\t\t\t\t\t\t\t\t\t<img fetchpriority=\"high\" decoding=\"async\" width=\"800\" height=\"544\" src=\"https:\/\/quintadomontetravesso.com\/wp-content\/uploads\/2025\/11\/Tilia_02-1024x696.jpg\" class=\"attachment-large size-large wp-image-5082\" alt=\"\" srcset=\"https:\/\/quintadomontetravesso.com\/wp-content\/uploads\/2025\/11\/Tilia_02-1024x696.jpg 1024w, https:\/\/quintadomontetravesso.com\/wp-content\/uploads\/2025\/11\/Tilia_02-300x204.jpg 300w, https:\/\/quintadomontetravesso.com\/wp-content\/uploads\/2025\/11\/Tilia_02-768x522.jpg 768w, https:\/\/quintadomontetravesso.com\/wp-content\/uploads\/2025\/11\/Tilia_02-1536x1044.jpg 1536w, https:\/\/quintadomontetravesso.com\/wp-content\/uploads\/2025\/11\/Tilia_02-18x12.jpg 18w, https:\/\/quintadomontetravesso.com\/wp-content\/uploads\/2025\/11\/Tilia_02-600x408.jpg 600w, https:\/\/quintadomontetravesso.com\/wp-content\/uploads\/2025\/11\/Tilia_02.jpg 1920w\" sizes=\"(max-width: 800px) 100vw, 800px\" \/>\t\t\t\t\t\t\t\t\t\t\t\t\t\t\t<\/div>\n\t\t\t\t<\/div>\n\t\t\t\t\t<\/div>\n\t\t<\/div>\n\t\t\t\t\t<\/div>\n\t\t<\/section>\n\t\t<div class=\"elementor-element elementor-element-b7ea841 e-con-full e-flex e-con e-parent\" data-id=\"b7ea841\" data-element_type=\"container\" data-e-type=\"container\">\n\t\t\t\t<div class=\"elementor-element elementor-element-1e78445 elementor-widget elementor-widget-gallery\" data-id=\"1e78445\" data-element_type=\"widget\" data-e-type=\"widget\" data-settings=\"{&quot;gallery_layout&quot;:&quot;masonry&quot;,&quot;lazyload&quot;:&quot;yes&quot;,&quot;columns&quot;:4,&quot;columns_tablet&quot;:2,&quot;columns_mobile&quot;:1,&quot;gap&quot;:{&quot;unit&quot;:&quot;px&quot;,&quot;size&quot;:10,&quot;sizes&quot;:[]},&quot;gap_tablet&quot;:{&quot;unit&quot;:&quot;px&quot;,&quot;size&quot;:10,&quot;sizes&quot;:[]},&quot;gap_mobile&quot;:{&quot;unit&quot;:&quot;px&quot;,&quot;size&quot;:10,&quot;sizes&quot;:[]},&quot;link_to&quot;:&quot;file&quot;,&quot;overlay_background&quot;:&quot;yes&quot;,&quot;content_hover_animation&quot;:&quot;fade-in&quot;}\" data-widget_type=\"gallery.default\">\n\t\t\t\t<div class=\"elementor-widget-container\">\n\t\t\t\t\t\t\t<div class=\"elementor-gallery__container\">\n\t\t\t\t\t\t\t<a class=\"e-gallery-item elementor-gallery-item elementor-animated-content\" href=\"https:\/\/quintadomontetravesso.com\/wp-content\/uploads\/2025\/11\/Tilia_05.jpg\" data-elementor-open-lightbox=\"yes\" data-elementor-lightbox-slideshow=\"1e78445\" data-e-action-hash=\"#elementor-action%3Aaction%3Dlightbox%26settings%3DeyJpZCI6NTA4NSwidXJsIjoiaHR0cHM6XC9cL3F1aW50YWRvbW9udGV0cmF2ZXNzby5jb21cL3dwLWNvbnRlbnRcL3VwbG9hZHNcLzIwMjVcLzExXC9UaWxpYV8wNS5qcGciLCJzbGlkZXNob3ciOiIxZTc4NDQ1In0%3D\">\n\t\t\t\t\t<div class=\"e-gallery-image elementor-gallery-item__image\" data-thumbnail=\"https:\/\/quintadomontetravesso.com\/wp-content\/uploads\/2025\/11\/Tilia_05-768x512.jpg\" data-width=\"768\" data-height=\"512\" aria-label=\"\" role=\"img\" ><\/div>\n\t\t\t\t\t\t\t\t\t\t\t<div class=\"elementor-gallery-item__overlay\"><\/div>\n\t\t\t\t\t\t\t\t\t\t\t\t\t\t<\/a>\n\t\t\t\t\t\t\t<a class=\"e-gallery-item elementor-gallery-item elementor-animated-content\" href=\"https:\/\/quintadomontetravesso.com\/wp-content\/uploads\/2025\/11\/Tilia_04.jpg\" data-elementor-open-lightbox=\"yes\" data-elementor-lightbox-slideshow=\"1e78445\" data-e-action-hash=\"#elementor-action%3Aaction%3Dlightbox%26settings%3DeyJpZCI6NTA4NCwidXJsIjoiaHR0cHM6XC9cL3F1aW50YWRvbW9udGV0cmF2ZXNzby5jb21cL3dwLWNvbnRlbnRcL3VwbG9hZHNcLzIwMjVcLzExXC9UaWxpYV8wNC5qcGciLCJzbGlkZXNob3ciOiIxZTc4NDQ1In0%3D\">\n\t\t\t\t\t<div class=\"e-gallery-image elementor-gallery-item__image\" data-thumbnail=\"https:\/\/quintadomontetravesso.com\/wp-content\/uploads\/2025\/11\/Tilia_04-768x512.jpg\" data-width=\"768\" data-height=\"512\" aria-label=\"\" role=\"img\" ><\/div>\n\t\t\t\t\t\t\t\t\t\t\t<div class=\"elementor-gallery-item__overlay\"><\/div>\n\t\t\t\t\t\t\t\t\t\t\t\t\t\t<\/a>\n\t\t\t\t\t\t\t<a class=\"e-gallery-item elementor-gallery-item elementor-animated-content\" href=\"https:\/\/quintadomontetravesso.com\/wp-content\/uploads\/2026\/01\/Tilia_11.jpg\" data-elementor-open-lightbox=\"yes\" data-elementor-lightbox-slideshow=\"1e78445\" data-e-action-hash=\"#elementor-action%3Aaction%3Dlightbox%26settings%3DeyJpZCI6NTM3NiwidXJsIjoiaHR0cHM6XC9cL3F1aW50YWRvbW9udGV0cmF2ZXNzby5jb21cL3dwLWNvbnRlbnRcL3VwbG9hZHNcLzIwMjZcLzAxXC9UaWxpYV8xMS5qcGciLCJzbGlkZXNob3ciOiIxZTc4NDQ1In0%3D\">\n\t\t\t\t\t<div class=\"e-gallery-image elementor-gallery-item__image\" data-thumbnail=\"https:\/\/quintadomontetravesso.com\/wp-content\/uploads\/2026\/01\/Tilia_11-768x626.jpg\" data-width=\"768\" data-height=\"626\" aria-label=\"\" role=\"img\" ><\/div>\n\t\t\t\t\t\t\t\t\t\t\t<div class=\"elementor-gallery-item__overlay\"><\/div>\n\t\t\t\t\t\t\t\t\t\t\t\t\t\t<\/a>\n\t\t\t\t\t\t\t<a class=\"e-gallery-item elementor-gallery-item elementor-animated-content\" href=\"https:\/\/quintadomontetravesso.com\/wp-content\/uploads\/2026\/01\/Tilia_10.jpg\" data-elementor-open-lightbox=\"yes\" data-elementor-lightbox-slideshow=\"1e78445\" data-e-action-hash=\"#elementor-action%3Aaction%3Dlightbox%26settings%3DeyJpZCI6NTM3NSwidXJsIjoiaHR0cHM6XC9cL3F1aW50YWRvbW9udGV0cmF2ZXNzby5jb21cL3dwLWNvbnRlbnRcL3VwbG9hZHNcLzIwMjZcLzAxXC9UaWxpYV8xMC5qcGciLCJzbGlkZXNob3ciOiIxZTc4NDQ1In0%3D\">\n\t\t\t\t\t<div class=\"e-gallery-image elementor-gallery-item__image\" data-thumbnail=\"https:\/\/quintadomontetravesso.com\/wp-content\/uploads\/2026\/01\/Tilia_10-768x576.jpg\" data-width=\"768\" data-height=\"576\" aria-label=\"\" role=\"img\" ><\/div>\n\t\t\t\t\t\t\t\t\t\t\t<div class=\"elementor-gallery-item__overlay\"><\/div>\n\t\t\t\t\t\t\t\t\t\t\t\t\t\t<\/a>\n\t\t\t\t\t\t\t<a class=\"e-gallery-item elementor-gallery-item elementor-animated-content\" href=\"https:\/\/quintadomontetravesso.com\/wp-content\/uploads\/2025\/11\/Tilia_06.jpg\" data-elementor-open-lightbox=\"yes\" data-elementor-lightbox-slideshow=\"1e78445\" data-e-action-hash=\"#elementor-action%3Aaction%3Dlightbox%26settings%3DeyJpZCI6NTA4NiwidXJsIjoiaHR0cHM6XC9cL3F1aW50YWRvbW9udGV0cmF2ZXNzby5jb21cL3dwLWNvbnRlbnRcL3VwbG9hZHNcLzIwMjVcLzExXC9UaWxpYV8wNi5qcGciLCJzbGlkZXNob3ciOiIxZTc4NDQ1In0%3D\">\n\t\t\t\t\t<div class=\"e-gallery-image elementor-gallery-item__image\" data-thumbnail=\"https:\/\/quintadomontetravesso.com\/wp-content\/uploads\/2025\/11\/Tilia_06-768x512.jpg\" data-width=\"768\" data-height=\"512\" aria-label=\"\" role=\"img\" ><\/div>\n\t\t\t\t\t\t\t\t\t\t\t<div class=\"elementor-gallery-item__overlay\"><\/div>\n\t\t\t\t\t\t\t\t\t\t\t\t\t\t<\/a>\n\t\t\t\t\t\t\t<a class=\"e-gallery-item elementor-gallery-item elementor-animated-content\" href=\"https:\/\/quintadomontetravesso.com\/wp-content\/uploads\/2025\/11\/Tilia_07.jpg\" data-elementor-open-lightbox=\"yes\" data-elementor-lightbox-slideshow=\"1e78445\" data-e-action-hash=\"#elementor-action%3Aaction%3Dlightbox%26settings%3DeyJpZCI6NTA4NywidXJsIjoiaHR0cHM6XC9cL3F1aW50YWRvbW9udGV0cmF2ZXNzby5jb21cL3dwLWNvbnRlbnRcL3VwbG9hZHNcLzIwMjVcLzExXC9UaWxpYV8wNy5qcGciLCJzbGlkZXNob3ciOiIxZTc4NDQ1In0%3D\">\n\t\t\t\t\t<div class=\"e-gallery-image elementor-gallery-item__image\" data-thumbnail=\"https:\/\/quintadomontetravesso.com\/wp-content\/uploads\/2025\/11\/Tilia_07-768x1152.jpg\" data-width=\"768\" data-height=\"1152\" aria-label=\"\" role=\"img\" ><\/div>\n\t\t\t\t\t\t\t\t\t\t\t<div class=\"elementor-gallery-item__overlay\"><\/div>\n\t\t\t\t\t\t\t\t\t\t\t\t\t\t<\/a>\n\t\t\t\t\t\t\t<a class=\"e-gallery-item elementor-gallery-item elementor-animated-content\" href=\"https:\/\/quintadomontetravesso.com\/wp-content\/uploads\/2026\/01\/Tilia_09.jpg\" data-elementor-open-lightbox=\"yes\" data-elementor-lightbox-slideshow=\"1e78445\" data-e-action-hash=\"#elementor-action%3Aaction%3Dlightbox%26settings%3DeyJpZCI6NTM3NCwidXJsIjoiaHR0cHM6XC9cL3F1aW50YWRvbW9udGV0cmF2ZXNzby5jb21cL3dwLWNvbnRlbnRcL3VwbG9hZHNcLzIwMjZcLzAxXC9UaWxpYV8wOS5qcGciLCJzbGlkZXNob3ciOiIxZTc4NDQ1In0%3D\">\n\t\t\t\t\t<div class=\"e-gallery-image elementor-gallery-item__image\" data-thumbnail=\"https:\/\/quintadomontetravesso.com\/wp-content\/uploads\/2026\/01\/Tilia_09-768x761.jpg\" data-width=\"768\" data-height=\"761\" aria-label=\"\" role=\"img\" ><\/div>\n\t\t\t\t\t\t\t\t\t\t\t<div class=\"elementor-gallery-item__overlay\"><\/div>\n\t\t\t\t\t\t\t\t\t\t\t\t\t\t<\/a>\n\t\t\t\t\t\t\t<a class=\"e-gallery-item elementor-gallery-item elementor-animated-content\" href=\"https:\/\/quintadomontetravesso.com\/wp-content\/uploads\/2025\/11\/Tilia_08.jpg\" data-elementor-open-lightbox=\"yes\" data-elementor-lightbox-slideshow=\"1e78445\" data-e-action-hash=\"#elementor-action%3Aaction%3Dlightbox%26settings%3DeyJpZCI6NTA4OCwidXJsIjoiaHR0cHM6XC9cL3F1aW50YWRvbW9udGV0cmF2ZXNzby5jb21cL3dwLWNvbnRlbnRcL3VwbG9hZHNcLzIwMjVcLzExXC9UaWxpYV8wOC5qcGciLCJzbGlkZXNob3ciOiIxZTc4NDQ1In0%3D\">\n\t\t\t\t\t<div class=\"e-gallery-image elementor-gallery-item__image\" data-thumbnail=\"https:\/\/quintadomontetravesso.com\/wp-content\/uploads\/2025\/11\/Tilia_08-768x1152.jpg\" data-width=\"768\" data-height=\"1152\" aria-label=\"\" role=\"img\" ><\/div>\n\t\t\t\t\t\t\t\t\t\t\t<div class=\"elementor-gallery-item__overlay\"><\/div>\n\t\t\t\t\t\t\t\t\t\t\t\t\t\t<\/a>\n\t\t\t\t\t\t\t<a class=\"e-gallery-item elementor-gallery-item elementor-animated-content\" href=\"https:\/\/quintadomontetravesso.com\/wp-content\/uploads\/2025\/11\/Tilia_03.jpg\" data-elementor-open-lightbox=\"yes\" data-elementor-lightbox-slideshow=\"1e78445\" data-e-action-hash=\"#elementor-action%3Aaction%3Dlightbox%26settings%3DeyJpZCI6NTA4MywidXJsIjoiaHR0cHM6XC9cL3F1aW50YWRvbW9udGV0cmF2ZXNzby5jb21cL3dwLWNvbnRlbnRcL3VwbG9hZHNcLzIwMjVcLzExXC9UaWxpYV8wMy5qcGciLCJzbGlkZXNob3ciOiIxZTc4NDQ1In0%3D\">\n\t\t\t\t\t<div class=\"e-gallery-image elementor-gallery-item__image\" data-thumbnail=\"https:\/\/quintadomontetravesso.com\/wp-content\/uploads\/2025\/11\/Tilia_03-768x1152.jpg\" data-width=\"768\" data-height=\"1152\" aria-label=\"\" role=\"img\" ><\/div>\n\t\t\t\t\t\t\t\t\t\t\t<div class=\"elementor-gallery-item__overlay\"><\/div>\n\t\t\t\t\t\t\t\t\t\t\t\t\t\t<\/a>\n\t\t\t\t\t\t\t<a class=\"e-gallery-item elementor-gallery-item elementor-animated-content\" href=\"https:\/\/quintadomontetravesso.com\/wp-content\/uploads\/2025\/11\/Sousao_05-scaled.jpg\" data-elementor-open-lightbox=\"yes\" data-elementor-lightbox-slideshow=\"1e78445\" data-e-action-hash=\"#elementor-action%3Aaction%3Dlightbox%26settings%3DeyJpZCI6NTA2NiwidXJsIjoiaHR0cHM6XC9cL3F1aW50YWRvbW9udGV0cmF2ZXNzby5jb21cL3dwLWNvbnRlbnRcL3VwbG9hZHNcLzIwMjVcLzExXC9Tb3VzYW9fMDUtc2NhbGVkLmpwZyIsInNsaWRlc2hvdyI6IjFlNzg0NDUifQ%3D%3D\">\n\t\t\t\t\t<div class=\"e-gallery-image elementor-gallery-item__image\" data-thumbnail=\"https:\/\/quintadomontetravesso.com\/wp-content\/uploads\/2025\/11\/Sousao_05-768x512.jpg\" data-width=\"768\" data-height=\"512\" aria-label=\"\" role=\"img\" ><\/div>\n\t\t\t\t\t\t\t\t\t\t\t<div class=\"elementor-gallery-item__overlay\"><\/div>\n\t\t\t\t\t\t\t\t\t\t\t\t\t\t<\/a>\n\t\t\t\t\t<\/div>\n\t\t\t\t\t<\/div>\n\t\t\t\t<\/div>\n\t\t\t\t<\/div>\n\t\t\t\t<\/div>","protected":false},"excerpt":{"rendered":"<p>Casa da T\u00edlia Os principais destaques desta casa de f\u00e9rias s\u00e3o a sua privacidade e a envolvente tranquila, complementadas por uma pequena piscina com vista e uma lareira acolhedora. A casa disp\u00f5e de uma sala de estar com sof\u00e1-cama, um quarto separado e uma casa de banho equipada com amenities \u201cAroma de Portugal\u201d.A kitchenette est\u00e1 [&hellip;]<\/p>\n","protected":false},"author":1,"featured_media":3683,"parent":0,"menu_order":0,"comment_status":"closed","ping_status":"closed","template":"elementor_header_footer","meta":{"footnotes":""},"class_list":["post-5080","page","type-page","status-publish","has-post-thumbnail","hentry"],"_links":{"self":[{"href":"http:\/\/quintadomontetravesso.com\/de\/wp-json\/wp\/v2\/pages\/5080","targetHints":{"allow":["GET"]}}],"collection":[{"href":"http:\/\/quintadomontetravesso.com\/de\/wp-json\/wp\/v2\/pages"}],"about":[{"href":"http:\/\/quintadomontetravesso.com\/de\/wp-json\/wp\/v2\/types\/page"}],"author":[{"embeddable":true,"href":"http:\/\/quintadomontetravesso.com\/de\/wp-json\/wp\/v2\/users\/1"}],"replies":[{"embeddable":true,"href":"http:\/\/quintadomontetravesso.com\/de\/wp-json\/wp\/v2\/comments?post=5080"}],"version-history":[{"count":25,"href":"http:\/\/quintadomontetravesso.com\/de\/wp-json\/wp\/v2\/pages\/5080\/revisions"}],"predecessor-version":[{"id":5449,"href":"http:\/\/quintadomontetravesso.com\/de\/wp-json\/wp\/v2\/pages\/5080\/revisions\/5449"}],"wp:featuredmedia":[{"embeddable":true,"href":"http:\/\/quintadomontetravesso.com\/de\/wp-json\/wp\/v2\/media\/3683"}],"wp:attachment":[{"href":"http:\/\/quintadomontetravesso.com\/de\/wp-json\/wp\/v2\/media?parent=5080"}],"curies":[{"name":"wp","href":"https:\/\/api.w.org\/{rel}","templated":true}]}}