{"id":5059,"date":"2025-11-11T19:04:20","date_gmt":"2025-11-11T19:04:20","guid":{"rendered":"https:\/\/quintadomontetravesso.com\/?page_id=5059"},"modified":"2026-02-19T17:33:03","modified_gmt":"2026-02-19T17:33:03","slug":"casa-do-sousao","status":"publish","type":"page","link":"http:\/\/quintadomontetravesso.com\/de\/casa-do-sousao\/","title":{"rendered":"Sous\u00e3o Haus"},"content":{"rendered":"<div data-elementor-type=\"wp-page\" data-elementor-id=\"5059\" class=\"elementor elementor-5059\" data-elementor-post-type=\"page\">\n\t\t\t\t\t\t<section class=\"elementor-section elementor-top-section elementor-element elementor-element-15ae7fc elementor-section-height-min-height elementor-section-boxed elementor-section-height-default elementor-section-items-middle\" data-id=\"15ae7fc\" data-element_type=\"section\" data-e-type=\"section\" data-settings=\"{&quot;background_background&quot;:&quot;classic&quot;}\">\n\t\t\t\t\t\t<div class=\"elementor-container elementor-column-gap-default\">\n\t\t\t\t\t<div class=\"elementor-column elementor-col-100 elementor-top-column elementor-element elementor-element-80ce52a\" data-id=\"80ce52a\" data-element_type=\"column\" data-e-type=\"column\">\n\t\t\t<div class=\"elementor-widget-wrap\">\n\t\t\t\t\t\t\t<\/div>\n\t\t<\/div>\n\t\t\t\t\t<\/div>\n\t\t<\/section>\n\t\t\t\t<section class=\"elementor-section elementor-top-section elementor-element elementor-element-516cd9a elementor-section-full_width elementor-section-height-min-height elementor-section-height-default elementor-section-items-middle\" data-id=\"516cd9a\" data-element_type=\"section\" data-e-type=\"section\" data-settings=\"{&quot;background_background&quot;:&quot;classic&quot;}\">\n\t\t\t\t\t\t<div class=\"elementor-container elementor-column-gap-wider\">\n\t\t\t\t\t<div class=\"elementor-column elementor-col-50 elementor-top-column elementor-element elementor-element-b9e261f\" data-id=\"b9e261f\" data-element_type=\"column\" data-e-type=\"column\">\n\t\t\t<div class=\"elementor-widget-wrap elementor-element-populated\">\n\t\t\t\t<div class=\"elementor-element elementor-element-e624344 e-flex e-con-boxed e-con e-parent\" data-id=\"e624344\" data-element_type=\"container\" data-e-type=\"container\">\n\t\t\t\t\t<div class=\"e-con-inner\">\n\t\t\t\t<div class=\"elementor-element elementor-element-79199ff elementor-widget elementor-widget-image\" data-id=\"79199ff\" data-element_type=\"widget\" data-e-type=\"widget\" data-widget_type=\"image.default\">\n\t\t\t\t<div class=\"elementor-widget-container\">\n\t\t\t\t\t\t\t\t\t\t\t\t\t\t\t<img decoding=\"async\" width=\"103\" height=\"150\" src=\"https:\/\/quintadomontetravesso.com\/wp-content\/uploads\/2025\/11\/Sousao.svg\" class=\"attachment-large size-large wp-image-5041\" alt=\"\" \/>\t\t\t\t\t\t\t\t\t\t\t\t\t\t\t<\/div>\n\t\t\t\t<\/div>\n\t\t\t\t<div class=\"elementor-element elementor-element-692a183 elementor-widget elementor-widget-heading\" data-id=\"692a183\" data-element_type=\"widget\" data-e-type=\"widget\" data-widget_type=\"heading.default\">\n\t\t\t\t<div class=\"elementor-widget-container\">\n\t\t\t\t\t<h2 class=\"elementor-heading-title elementor-size-default\">Sous\u00e3o Haus<\/h2>\t\t\t\t<\/div>\n\t\t\t\t<\/div>\n\t\t\t\t\t<\/div>\n\t\t\t\t<\/div>\n\t\t\t\t<div class=\"elementor-element elementor-element-9511256 elementor-widget elementor-widget-text-editor\" data-id=\"9511256\" data-element_type=\"widget\" data-e-type=\"widget\" data-widget_type=\"text-editor.default\">\n\t\t\t\t<div class=\"elementor-widget-container\">\n\t\t\t\t\t\t\t\t\t<section class=\"b7f1f9eb58\"><div class=\"b99b6ef58f c20c752387\" data-testid=\"rp-description\">Os principais destaques desta casa de f\u00e9rias s\u00e3o a sua privacidade e a envolvente natural, complementadas por uma piscina com vistas magn\u00edficas. Esta casa, espa\u00e7osa e acolhedora, disp\u00f5e de sala de estar e de jantar com lareira, tr\u00eas suites com televis\u00e3o de ecr\u00e3 plano e casas de banho equipadas com amenities \u201cAroma de Portugal\u201d.<br \/>As refei\u00e7\u00f5es podem ser preparadas na kitchenette totalmente equipada, que inclui placa de fog\u00e3o, frigor\u00edfico, forno e utens\u00edlios de cozinha.<\/div><div class=\"b99b6ef58f c20c752387\" data-testid=\"rp-description\"><br \/>O pequeno-almo\u00e7o \u00e9 previamente disponibilizado, com entrega de p\u00e3o fresco todas as manh\u00e3s. Para que possa desfrutar da sua estadia com ainda mais tranquilidade e tempo para si, o servi\u00e7o de quartos \u00e9 oferecido gratuitamente a partir da terceira noite.<\/div><\/section>\t\t\t\t\t\t\t\t<\/div>\n\t\t\t\t<\/div>\n\t\t\t\t<div class=\"elementor-element elementor-element-fa23e07 elementor-align-left elementor-mobile-align-center elementor-widget elementor-widget-button\" data-id=\"fa23e07\" data-element_type=\"widget\" data-e-type=\"widget\" data-widget_type=\"button.default\">\n\t\t\t\t<div class=\"elementor-widget-container\">\n\t\t\t\t\t\t\t\t\t<div class=\"elementor-button-wrapper\">\n\t\t\t\t\t<a class=\"elementor-button elementor-button-link elementor-size-sm\" href=\"https:\/\/quintadomontetravesso.com\/de\/alojamentos\/\">\n\t\t\t\t\t\t<span class=\"elementor-button-content-wrapper\">\n\t\t\t\t\t\t<span class=\"elementor-button-icon\">\n\t\t\t\t<i aria-hidden=\"true\" class=\"lnr lnr-calendar-full\"><\/i>\t\t\t<\/span>\n\t\t\t\t\t\t\t\t\t<span class=\"elementor-button-text\">Buchung<\/span>\n\t\t\t\t\t<\/span>\n\t\t\t\t\t<\/a>\n\t\t\t\t<\/div>\n\t\t\t\t\t\t\t\t<\/div>\n\t\t\t\t<\/div>\n\t\t\t\t\t<\/div>\n\t\t<\/div>\n\t\t\t\t<div class=\"elementor-column elementor-col-50 elementor-top-column elementor-element elementor-element-6bf4005\" data-id=\"6bf4005\" data-element_type=\"column\" data-e-type=\"column\" data-settings=\"{&quot;background_background&quot;:&quot;classic&quot;}\">\n\t\t\t<div class=\"elementor-widget-wrap elementor-element-populated\">\n\t\t\t\t\t\t<div class=\"elementor-element elementor-element-b2eac94 elementor-widget elementor-widget-image\" data-id=\"b2eac94\" data-element_type=\"widget\" data-e-type=\"widget\" data-widget_type=\"image.default\">\n\t\t\t\t<div class=\"elementor-widget-container\">\n\t\t\t\t\t\t\t\t\t\t\t\t\t\t\t<img fetchpriority=\"high\" decoding=\"async\" width=\"800\" height=\"534\" src=\"https:\/\/quintadomontetravesso.com\/wp-content\/uploads\/2025\/11\/Sousao_10-1024x683.jpg\" class=\"attachment-large size-large wp-image-5061\" alt=\"\" srcset=\"https:\/\/quintadomontetravesso.com\/wp-content\/uploads\/2025\/11\/Sousao_10-1024x683.jpg 1024w, https:\/\/quintadomontetravesso.com\/wp-content\/uploads\/2025\/11\/Sousao_10-300x200.jpg 300w, https:\/\/quintadomontetravesso.com\/wp-content\/uploads\/2025\/11\/Sousao_10-768x512.jpg 768w, https:\/\/quintadomontetravesso.com\/wp-content\/uploads\/2025\/11\/Sousao_10-1536x1024.jpg 1536w, https:\/\/quintadomontetravesso.com\/wp-content\/uploads\/2025\/11\/Sousao_10-18x12.jpg 18w, https:\/\/quintadomontetravesso.com\/wp-content\/uploads\/2025\/11\/Sousao_10-600x400.jpg 600w, https:\/\/quintadomontetravesso.com\/wp-content\/uploads\/2025\/11\/Sousao_10.jpg 1920w\" sizes=\"(max-width: 800px) 100vw, 800px\" \/>\t\t\t\t\t\t\t\t\t\t\t\t\t\t\t<\/div>\n\t\t\t\t<\/div>\n\t\t\t\t\t<\/div>\n\t\t<\/div>\n\t\t\t\t\t<\/div>\n\t\t<\/section>\n\t\t<div class=\"elementor-element elementor-element-b7ea841 e-con-full e-flex e-con e-parent\" data-id=\"b7ea841\" data-element_type=\"container\" data-e-type=\"container\">\n\t\t\t\t<div class=\"elementor-element elementor-element-1e78445 elementor-widget elementor-widget-gallery\" data-id=\"1e78445\" data-element_type=\"widget\" data-e-type=\"widget\" data-settings=\"{&quot;gallery_layout&quot;:&quot;masonry&quot;,&quot;lazyload&quot;:&quot;yes&quot;,&quot;columns&quot;:4,&quot;columns_tablet&quot;:2,&quot;columns_mobile&quot;:1,&quot;gap&quot;:{&quot;unit&quot;:&quot;px&quot;,&quot;size&quot;:10,&quot;sizes&quot;:[]},&quot;gap_tablet&quot;:{&quot;unit&quot;:&quot;px&quot;,&quot;size&quot;:10,&quot;sizes&quot;:[]},&quot;gap_mobile&quot;:{&quot;unit&quot;:&quot;px&quot;,&quot;size&quot;:10,&quot;sizes&quot;:[]},&quot;link_to&quot;:&quot;file&quot;,&quot;overlay_background&quot;:&quot;yes&quot;,&quot;content_hover_animation&quot;:&quot;fade-in&quot;}\" data-widget_type=\"gallery.default\">\n\t\t\t\t<div class=\"elementor-widget-container\">\n\t\t\t\t\t\t\t<div class=\"elementor-gallery__container\">\n\t\t\t\t\t\t\t<a class=\"e-gallery-item elementor-gallery-item elementor-animated-content\" href=\"https:\/\/quintadomontetravesso.com\/wp-content\/uploads\/2025\/11\/Sousao_01.jpg\" data-elementor-open-lightbox=\"yes\" data-elementor-lightbox-slideshow=\"1e78445\" data-e-action-hash=\"#elementor-action%3Aaction%3Dlightbox%26settings%3DeyJpZCI6NTA0MywidXJsIjoiaHR0cHM6XC9cL3F1aW50YWRvbW9udGV0cmF2ZXNzby5jb21cL3dwLWNvbnRlbnRcL3VwbG9hZHNcLzIwMjVcLzExXC9Tb3VzYW9fMDEuanBnIiwic2xpZGVzaG93IjoiMWU3ODQ0NSJ9\">\n\t\t\t\t\t<div class=\"e-gallery-image elementor-gallery-item__image\" data-thumbnail=\"https:\/\/quintadomontetravesso.com\/wp-content\/uploads\/2025\/11\/Sousao_01-768x512.jpg\" data-width=\"768\" data-height=\"512\" aria-label=\"\" role=\"img\" ><\/div>\n\t\t\t\t\t\t\t\t\t\t\t<div class=\"elementor-gallery-item__overlay\"><\/div>\n\t\t\t\t\t\t\t\t\t\t\t\t\t\t<\/a>\n\t\t\t\t\t\t\t<a class=\"e-gallery-item elementor-gallery-item elementor-animated-content\" href=\"https:\/\/quintadomontetravesso.com\/wp-content\/uploads\/2025\/11\/Sousao_13.jpg\" data-elementor-open-lightbox=\"yes\" data-elementor-lightbox-slideshow=\"1e78445\" data-e-action-hash=\"#elementor-action%3Aaction%3Dlightbox%26settings%3DeyJpZCI6NTA3MCwidXJsIjoiaHR0cHM6XC9cL3F1aW50YWRvbW9udGV0cmF2ZXNzby5jb21cL3dwLWNvbnRlbnRcL3VwbG9hZHNcLzIwMjVcLzExXC9Tb3VzYW9fMTMuanBnIiwic2xpZGVzaG93IjoiMWU3ODQ0NSJ9\">\n\t\t\t\t\t<div class=\"e-gallery-image elementor-gallery-item__image\" data-thumbnail=\"https:\/\/quintadomontetravesso.com\/wp-content\/uploads\/2025\/11\/Sousao_13-768x512.jpg\" data-width=\"768\" data-height=\"512\" aria-label=\"\" role=\"img\" ><\/div>\n\t\t\t\t\t\t\t\t\t\t\t<div class=\"elementor-gallery-item__overlay\"><\/div>\n\t\t\t\t\t\t\t\t\t\t\t\t\t\t<\/a>\n\t\t\t\t\t\t\t<a class=\"e-gallery-item elementor-gallery-item elementor-animated-content\" href=\"https:\/\/quintadomontetravesso.com\/wp-content\/uploads\/2025\/11\/Sousao_07-scaled.jpg\" data-elementor-open-lightbox=\"yes\" data-elementor-lightbox-slideshow=\"1e78445\" data-e-action-hash=\"#elementor-action%3Aaction%3Dlightbox%26settings%3DeyJpZCI6NTA2NywidXJsIjoiaHR0cHM6XC9cL3F1aW50YWRvbW9udGV0cmF2ZXNzby5jb21cL3dwLWNvbnRlbnRcL3VwbG9hZHNcLzIwMjVcLzExXC9Tb3VzYW9fMDctc2NhbGVkLmpwZyIsInNsaWRlc2hvdyI6IjFlNzg0NDUifQ%3D%3D\">\n\t\t\t\t\t<div class=\"e-gallery-image elementor-gallery-item__image\" data-thumbnail=\"https:\/\/quintadomontetravesso.com\/wp-content\/uploads\/2025\/11\/Sousao_07-768x1152.jpg\" data-width=\"768\" data-height=\"1152\" aria-label=\"\" role=\"img\" ><\/div>\n\t\t\t\t\t\t\t\t\t\t\t<div class=\"elementor-gallery-item__overlay\"><\/div>\n\t\t\t\t\t\t\t\t\t\t\t\t\t\t<\/a>\n\t\t\t\t\t\t\t<a class=\"e-gallery-item elementor-gallery-item elementor-animated-content\" href=\"https:\/\/quintadomontetravesso.com\/wp-content\/uploads\/2025\/11\/Sousao_16.jpg\" data-elementor-open-lightbox=\"yes\" data-elementor-lightbox-slideshow=\"1e78445\" data-e-action-hash=\"#elementor-action%3Aaction%3Dlightbox%26settings%3DeyJpZCI6NTA2MywidXJsIjoiaHR0cHM6XC9cL3F1aW50YWRvbW9udGV0cmF2ZXNzby5jb21cL3dwLWNvbnRlbnRcL3VwbG9hZHNcLzIwMjVcLzExXC9Tb3VzYW9fMTYuanBnIiwic2xpZGVzaG93IjoiMWU3ODQ0NSJ9\">\n\t\t\t\t\t<div class=\"e-gallery-image elementor-gallery-item__image\" data-thumbnail=\"https:\/\/quintadomontetravesso.com\/wp-content\/uploads\/2025\/11\/Sousao_16-768x511.jpg\" data-width=\"768\" data-height=\"511\" aria-label=\"\" role=\"img\" ><\/div>\n\t\t\t\t\t\t\t\t\t\t\t<div class=\"elementor-gallery-item__overlay\"><\/div>\n\t\t\t\t\t\t\t\t\t\t\t\t\t\t<\/a>\n\t\t\t\t\t\t\t<a class=\"e-gallery-item elementor-gallery-item elementor-animated-content\" href=\"https:\/\/quintadomontetravesso.com\/wp-content\/uploads\/2025\/11\/Sousao_14.jpg\" data-elementor-open-lightbox=\"yes\" data-elementor-lightbox-slideshow=\"1e78445\" data-e-action-hash=\"#elementor-action%3Aaction%3Dlightbox%26settings%3DeyJpZCI6NTA3MSwidXJsIjoiaHR0cHM6XC9cL3F1aW50YWRvbW9udGV0cmF2ZXNzby5jb21cL3dwLWNvbnRlbnRcL3VwbG9hZHNcLzIwMjVcLzExXC9Tb3VzYW9fMTQuanBnIiwic2xpZGVzaG93IjoiMWU3ODQ0NSJ9\">\n\t\t\t\t\t<div class=\"e-gallery-image elementor-gallery-item__image\" data-thumbnail=\"https:\/\/quintadomontetravesso.com\/wp-content\/uploads\/2025\/11\/Sousao_14-768x512.jpg\" data-width=\"768\" data-height=\"512\" aria-label=\"\" role=\"img\" ><\/div>\n\t\t\t\t\t\t\t\t\t\t\t<div class=\"elementor-gallery-item__overlay\"><\/div>\n\t\t\t\t\t\t\t\t\t\t\t\t\t\t<\/a>\n\t\t\t\t\t\t\t<a class=\"e-gallery-item elementor-gallery-item elementor-animated-content\" href=\"https:\/\/quintadomontetravesso.com\/wp-content\/uploads\/2025\/11\/Sousao_15.jpg\" data-elementor-open-lightbox=\"yes\" data-elementor-lightbox-slideshow=\"1e78445\" data-e-action-hash=\"#elementor-action%3Aaction%3Dlightbox%26settings%3DeyJpZCI6NTA3MiwidXJsIjoiaHR0cHM6XC9cL3F1aW50YWRvbW9udGV0cmF2ZXNzby5jb21cL3dwLWNvbnRlbnRcL3VwbG9hZHNcLzIwMjVcLzExXC9Tb3VzYW9fMTUuanBnIiwic2xpZGVzaG93IjoiMWU3ODQ0NSJ9\">\n\t\t\t\t\t<div class=\"e-gallery-image elementor-gallery-item__image\" data-thumbnail=\"https:\/\/quintadomontetravesso.com\/wp-content\/uploads\/2025\/11\/Sousao_15-768x1151.jpg\" data-width=\"768\" data-height=\"1151\" aria-label=\"\" role=\"img\" ><\/div>\n\t\t\t\t\t\t\t\t\t\t\t<div class=\"elementor-gallery-item__overlay\"><\/div>\n\t\t\t\t\t\t\t\t\t\t\t\t\t\t<\/a>\n\t\t\t\t\t\t\t<a class=\"e-gallery-item elementor-gallery-item elementor-animated-content\" href=\"https:\/\/quintadomontetravesso.com\/wp-content\/uploads\/2025\/11\/Sousao_03.jpg\" data-elementor-open-lightbox=\"yes\" data-elementor-lightbox-slideshow=\"1e78445\" data-e-action-hash=\"#elementor-action%3Aaction%3Dlightbox%26settings%3DeyJpZCI6NTA2NSwidXJsIjoiaHR0cHM6XC9cL3F1aW50YWRvbW9udGV0cmF2ZXNzby5jb21cL3dwLWNvbnRlbnRcL3VwbG9hZHNcLzIwMjVcLzExXC9Tb3VzYW9fMDMuanBnIiwic2xpZGVzaG93IjoiMWU3ODQ0NSJ9\">\n\t\t\t\t\t<div class=\"e-gallery-image elementor-gallery-item__image\" data-thumbnail=\"https:\/\/quintadomontetravesso.com\/wp-content\/uploads\/2025\/11\/Sousao_03-768x512.jpg\" data-width=\"768\" data-height=\"512\" aria-label=\"\" role=\"img\" ><\/div>\n\t\t\t\t\t\t\t\t\t\t\t<div class=\"elementor-gallery-item__overlay\"><\/div>\n\t\t\t\t\t\t\t\t\t\t\t\t\t\t<\/a>\n\t\t\t\t\t\t\t<a class=\"e-gallery-item elementor-gallery-item elementor-animated-content\" href=\"https:\/\/quintadomontetravesso.com\/wp-content\/uploads\/2025\/11\/Sousao_11.jpg\" data-elementor-open-lightbox=\"yes\" data-elementor-lightbox-slideshow=\"1e78445\" data-e-action-hash=\"#elementor-action%3Aaction%3Dlightbox%26settings%3DeyJpZCI6NTA2OCwidXJsIjoiaHR0cHM6XC9cL3F1aW50YWRvbW9udGV0cmF2ZXNzby5jb21cL3dwLWNvbnRlbnRcL3VwbG9hZHNcLzIwMjVcLzExXC9Tb3VzYW9fMTEuanBnIiwic2xpZGVzaG93IjoiMWU3ODQ0NSJ9\">\n\t\t\t\t\t<div class=\"e-gallery-image elementor-gallery-item__image\" data-thumbnail=\"https:\/\/quintadomontetravesso.com\/wp-content\/uploads\/2025\/11\/Sousao_11-768x512.jpg\" data-width=\"768\" data-height=\"512\" aria-label=\"\" role=\"img\" ><\/div>\n\t\t\t\t\t\t\t\t\t\t\t<div class=\"elementor-gallery-item__overlay\"><\/div>\n\t\t\t\t\t\t\t\t\t\t\t\t\t\t<\/a>\n\t\t\t\t\t\t\t<a class=\"e-gallery-item elementor-gallery-item elementor-animated-content\" href=\"https:\/\/quintadomontetravesso.com\/wp-content\/uploads\/2025\/11\/b9f87b1f-7489-449a-ab38-ffd114b1e398.jpeg\" data-elementor-open-lightbox=\"yes\" data-elementor-lightbox-slideshow=\"1e78445\" data-e-action-hash=\"#elementor-action%3Aaction%3Dlightbox%26settings%3DeyJpZCI6NTA2NCwidXJsIjoiaHR0cHM6XC9cL3F1aW50YWRvbW9udGV0cmF2ZXNzby5jb21cL3dwLWNvbnRlbnRcL3VwbG9hZHNcLzIwMjVcLzExXC9iOWY4N2IxZi03NDg5LTQ0OWEtYWIzOC1mZmQxMTRiMWUzOTguanBlZyIsInNsaWRlc2hvdyI6IjFlNzg0NDUifQ%3D%3D\">\n\t\t\t\t\t<div class=\"e-gallery-image elementor-gallery-item__image\" data-thumbnail=\"https:\/\/quintadomontetravesso.com\/wp-content\/uploads\/2025\/11\/b9f87b1f-7489-449a-ab38-ffd114b1e398-768x1151.jpeg\" data-width=\"768\" data-height=\"1151\" aria-label=\"\" role=\"img\" ><\/div>\n\t\t\t\t\t\t\t\t\t\t\t<div class=\"elementor-gallery-item__overlay\"><\/div>\n\t\t\t\t\t\t\t\t\t\t\t\t\t\t<\/a>\n\t\t\t\t\t\t\t<a class=\"e-gallery-item elementor-gallery-item elementor-animated-content\" href=\"https:\/\/quintadomontetravesso.com\/wp-content\/uploads\/2026\/01\/Sousao_12.jpg\" data-elementor-open-lightbox=\"yes\" data-elementor-lightbox-slideshow=\"1e78445\" data-e-action-hash=\"#elementor-action%3Aaction%3Dlightbox%26settings%3DeyJpZCI6NTM3MCwidXJsIjoiaHR0cHM6XC9cL3F1aW50YWRvbW9udGV0cmF2ZXNzby5jb21cL3dwLWNvbnRlbnRcL3VwbG9hZHNcLzIwMjZcLzAxXC9Tb3VzYW9fMTIuanBnIiwic2xpZGVzaG93IjoiMWU3ODQ0NSJ9\">\n\t\t\t\t\t<div class=\"e-gallery-image elementor-gallery-item__image\" data-thumbnail=\"https:\/\/quintadomontetravesso.com\/wp-content\/uploads\/2026\/01\/Sousao_12-768x1104.jpg\" data-width=\"768\" data-height=\"1104\" aria-label=\"\" role=\"img\" ><\/div>\n\t\t\t\t\t\t\t\t\t\t\t<div class=\"elementor-gallery-item__overlay\"><\/div>\n\t\t\t\t\t\t\t\t\t\t\t\t\t\t<\/a>\n\t\t\t\t\t\t\t<a class=\"e-gallery-item elementor-gallery-item elementor-animated-content\" href=\"https:\/\/quintadomontetravesso.com\/wp-content\/uploads\/2026\/01\/Sousao_02.jpg\" data-elementor-open-lightbox=\"yes\" data-elementor-lightbox-slideshow=\"1e78445\" data-e-action-hash=\"#elementor-action%3Aaction%3Dlightbox%26settings%3DeyJpZCI6NTM2OSwidXJsIjoiaHR0cHM6XC9cL3F1aW50YWRvbW9udGV0cmF2ZXNzby5jb21cL3dwLWNvbnRlbnRcL3VwbG9hZHNcLzIwMjZcLzAxXC9Tb3VzYW9fMDIuanBnIiwic2xpZGVzaG93IjoiMWU3ODQ0NSJ9\">\n\t\t\t\t\t<div class=\"e-gallery-image elementor-gallery-item__image\" data-thumbnail=\"https:\/\/quintadomontetravesso.com\/wp-content\/uploads\/2026\/01\/Sousao_02-768x512.jpg\" data-width=\"768\" data-height=\"512\" aria-label=\"\" role=\"img\" ><\/div>\n\t\t\t\t\t\t\t\t\t\t\t<div class=\"elementor-gallery-item__overlay\"><\/div>\n\t\t\t\t\t\t\t\t\t\t\t\t\t\t<\/a>\n\t\t\t\t\t\t\t<a class=\"e-gallery-item elementor-gallery-item elementor-animated-content\" href=\"https:\/\/quintadomontetravesso.com\/wp-content\/uploads\/2025\/11\/Sousao_05-scaled.jpg\" data-elementor-open-lightbox=\"yes\" data-elementor-lightbox-slideshow=\"1e78445\" data-e-action-hash=\"#elementor-action%3Aaction%3Dlightbox%26settings%3DeyJpZCI6NTA2NiwidXJsIjoiaHR0cHM6XC9cL3F1aW50YWRvbW9udGV0cmF2ZXNzby5jb21cL3dwLWNvbnRlbnRcL3VwbG9hZHNcLzIwMjVcLzExXC9Tb3VzYW9fMDUtc2NhbGVkLmpwZyIsInNsaWRlc2hvdyI6IjFlNzg0NDUifQ%3D%3D\">\n\t\t\t\t\t<div class=\"e-gallery-image elementor-gallery-item__image\" data-thumbnail=\"https:\/\/quintadomontetravesso.com\/wp-content\/uploads\/2025\/11\/Sousao_05-768x512.jpg\" data-width=\"768\" data-height=\"512\" aria-label=\"\" role=\"img\" ><\/div>\n\t\t\t\t\t\t\t\t\t\t\t<div class=\"elementor-gallery-item__overlay\"><\/div>\n\t\t\t\t\t\t\t\t\t\t\t\t\t\t<\/a>\n\t\t\t\t\t<\/div>\n\t\t\t\t\t<\/div>\n\t\t\t\t<\/div>\n\t\t\t\t<\/div>\n\t\t\t\t<\/div>","protected":false},"excerpt":{"rendered":"<p>Casa do Sous\u00e3o Os principais destaques desta casa de f\u00e9rias s\u00e3o a sua privacidade e a envolvente natural, complementadas por uma piscina com vistas magn\u00edficas. Esta casa, espa\u00e7osa e acolhedora, disp\u00f5e de sala de estar e de jantar com lareira, tr\u00eas suites com televis\u00e3o de ecr\u00e3 plano e casas de banho equipadas com amenities \u201cAroma [&hellip;]<\/p>\n","protected":false},"author":1,"featured_media":3683,"parent":0,"menu_order":0,"comment_status":"closed","ping_status":"closed","template":"elementor_header_footer","meta":{"footnotes":""},"class_list":["post-5059","page","type-page","status-publish","has-post-thumbnail","hentry"],"_links":{"self":[{"href":"http:\/\/quintadomontetravesso.com\/de\/wp-json\/wp\/v2\/pages\/5059","targetHints":{"allow":["GET"]}}],"collection":[{"href":"http:\/\/quintadomontetravesso.com\/de\/wp-json\/wp\/v2\/pages"}],"about":[{"href":"http:\/\/quintadomontetravesso.com\/de\/wp-json\/wp\/v2\/types\/page"}],"author":[{"embeddable":true,"href":"http:\/\/quintadomontetravesso.com\/de\/wp-json\/wp\/v2\/users\/1"}],"replies":[{"embeddable":true,"href":"http:\/\/quintadomontetravesso.com\/de\/wp-json\/wp\/v2\/comments?post=5059"}],"version-history":[{"count":28,"href":"http:\/\/quintadomontetravesso.com\/de\/wp-json\/wp\/v2\/pages\/5059\/revisions"}],"predecessor-version":[{"id":5446,"href":"http:\/\/quintadomontetravesso.com\/de\/wp-json\/wp\/v2\/pages\/5059\/revisions\/5446"}],"wp:featuredmedia":[{"embeddable":true,"href":"http:\/\/quintadomontetravesso.com\/de\/wp-json\/wp\/v2\/media\/3683"}],"wp:attachment":[{"href":"http:\/\/quintadomontetravesso.com\/de\/wp-json\/wp\/v2\/media?parent=5059"}],"curies":[{"name":"wp","href":"https:\/\/api.w.org\/{rel}","templated":true}]}}