{"id":4858,"date":"2025-09-11T17:23:37","date_gmt":"2025-09-11T17:23:37","guid":{"rendered":"https:\/\/quintadomontetravesso.com\/?page_id=4858"},"modified":"2026-02-20T11:53:27","modified_gmt":"2026-02-20T11:53:27","slug":"sustentabilidade","status":"publish","type":"page","link":"http:\/\/quintadomontetravesso.com\/de\/sustentabilidade\/","title":{"rendered":"Nachhaltigkeit"},"content":{"rendered":"<div data-elementor-type=\"wp-page\" data-elementor-id=\"4858\" class=\"elementor elementor-4858\" data-elementor-post-type=\"page\">\n\t\t\t\t\t\t<section class=\"elementor-section elementor-top-section elementor-element elementor-element-15ae7fc elementor-section-height-min-height elementor-section-boxed elementor-section-height-default elementor-section-items-middle\" data-id=\"15ae7fc\" data-element_type=\"section\" data-e-type=\"section\" data-settings=\"{&quot;background_background&quot;:&quot;classic&quot;}\">\n\t\t\t\t\t\t<div class=\"elementor-container elementor-column-gap-default\">\n\t\t\t\t\t<div class=\"elementor-column elementor-col-100 elementor-top-column elementor-element elementor-element-80ce52a\" data-id=\"80ce52a\" data-element_type=\"column\" data-e-type=\"column\">\n\t\t\t<div class=\"elementor-widget-wrap\">\n\t\t\t\t\t\t\t<\/div>\n\t\t<\/div>\n\t\t\t\t\t<\/div>\n\t\t<\/section>\n\t\t\t\t<section class=\"elementor-section elementor-top-section elementor-element elementor-element-516cd9a elementor-reverse-tablet elementor-reverse-mobile elementor-section-full_width elementor-section-height-min-height elementor-section-height-default elementor-section-items-middle\" data-id=\"516cd9a\" data-element_type=\"section\" data-e-type=\"section\" id=\"quemsomos\" data-settings=\"{&quot;background_background&quot;:&quot;classic&quot;}\">\n\t\t\t\t\t\t<div class=\"elementor-container elementor-column-gap-wider\">\n\t\t\t\t\t<div class=\"elementor-column elementor-col-50 elementor-top-column elementor-element elementor-element-b9e261f\" data-id=\"b9e261f\" data-element_type=\"column\" data-e-type=\"column\">\n\t\t\t<div class=\"elementor-widget-wrap elementor-element-populated\">\n\t\t\t\t\t\t<div class=\"elementor-element elementor-element-933e7c5 elementor-widget elementor-widget-heading\" data-id=\"933e7c5\" data-element_type=\"widget\" data-e-type=\"widget\" data-widget_type=\"heading.default\">\n\t\t\t\t<div class=\"elementor-widget-container\">\n\t\t\t\t\t<h2 class=\"elementor-heading-title elementor-size-default\">Uma viticultura em simbiose com o equil\u00edbrio do patrim\u00f3nio natural<\/h2>\t\t\t\t<\/div>\n\t\t\t\t<\/div>\n\t\t\t\t<div class=\"elementor-element elementor-element-188a80b elementor-widget elementor-widget-text-editor\" data-id=\"188a80b\" data-element_type=\"widget\" data-e-type=\"widget\" data-widget_type=\"text-editor.default\">\n\t\t\t\t<div class=\"elementor-widget-container\">\n\t\t\t\t\t\t\t\t\t<p>Wir sind uns der Notwendigkeit bewusst, die integrierten Weinbaupraktiken zu verbessern, um die Essenz unserer Weine zu erhalten, die f\u00fcr die Erhaltung eines einzigartigen \u00d6kosystems mit Wurzeln in der Vergangenheit, von dem unsere Zukunft abh\u00e4ngt, von grundlegender Bedeutung ist!<\/p><p>As vinhas estendem-se ao longo de 16 hectares. Os solos s\u00e3o pobres e xistosos. As parcelas monovarietais, de acordo com a exposi\u00e7\u00e3o e altitude, t\u00eam as castas tintas mais nobres: Touriga Nacional, Touriga Francesa, Sous\u00e3o, Tinto C\u00e3o e Alicante Bouschet. Nas parcelas com castas brancas, encontram-se em percentagens semelhantes Gouveio, Viosinho, Rabigato e C\u00f3dega do Larinho.<\/p><p>No cora\u00e7\u00e3o da quinta, junto \u00e0 capela, est\u00e1 uma vinha velha com esteios em xisto e encepamento de compasso apertado, onde todo o trabalho \u00e9 manual. Esta verdadeira rel\u00edquia \u2013 Field Blend &#8211; preserva 17 castas brancas (a carateriza\u00e7\u00e3o genot\u00edpica foi feita por uma equipa da UTAD, com recurso a microssat\u00e9lites e marcadores moleculares).<\/p><p><br \/>Nos vinhedos mais recentes, para al\u00e9m de uma criteriosa escolha do material clonal, tem sido dada especial aten\u00e7\u00e3o ao seu layout, \u00e0 condu\u00e7\u00e3o da videira e ao seu embardamento.<\/p>\t\t\t\t\t\t\t\t<\/div>\n\t\t\t\t<\/div>\n\t\t\t\t\t<\/div>\n\t\t<\/div>\n\t\t\t\t<div class=\"elementor-column elementor-col-50 elementor-top-column elementor-element elementor-element-6bf4005\" data-id=\"6bf4005\" data-element_type=\"column\" data-e-type=\"column\" data-settings=\"{&quot;background_background&quot;:&quot;classic&quot;}\">\n\t\t\t<div class=\"elementor-widget-wrap elementor-element-populated\">\n\t\t\t\t\t\t<div class=\"elementor-element elementor-element-513afbb elementor-widget elementor-widget-spacer\" data-id=\"513afbb\" data-element_type=\"widget\" data-e-type=\"widget\" data-widget_type=\"spacer.default\">\n\t\t\t\t<div class=\"elementor-widget-container\">\n\t\t\t\t\t\t\t<div class=\"elementor-spacer\">\n\t\t\t<div class=\"elementor-spacer-inner\"><\/div>\n\t\t<\/div>\n\t\t\t\t\t\t<\/div>\n\t\t\t\t<\/div>\n\t\t\t\t<div class=\"elementor-element elementor-element-acb7c64 elementor-widget elementor-widget-spacer\" data-id=\"acb7c64\" data-element_type=\"widget\" data-e-type=\"widget\" data-widget_type=\"spacer.default\">\n\t\t\t\t<div class=\"elementor-widget-container\">\n\t\t\t\t\t\t\t<div class=\"elementor-spacer\">\n\t\t\t<div class=\"elementor-spacer-inner\"><\/div>\n\t\t<\/div>\n\t\t\t\t\t\t<\/div>\n\t\t\t\t<\/div>\n\t\t\t\t\t<\/div>\n\t\t<\/div>\n\t\t\t\t\t<\/div>\n\t\t<\/section>\n\t\t\t\t<\/div>","protected":false},"excerpt":{"rendered":"<p>Uma viticultura em simbiose com o equil\u00edbrio do patrim\u00f3nio natural Estamos conscientes da necessidade de melhorarmos as pr\u00e1ticas de viticultura integrada para mantermos a ess\u00eancia dos nossos vinhos, fundamental para a preserva\u00e7\u00e3o de um ecossistema \u00fanico com ra\u00edzes no passado do qual depende o nosso futuro! As vinhas estendem-se ao longo de 16 hectares. Os [&hellip;]<\/p>\n","protected":false},"author":1,"featured_media":3683,"parent":0,"menu_order":0,"comment_status":"closed","ping_status":"closed","template":"elementor_header_footer","meta":{"footnotes":""},"class_list":["post-4858","page","type-page","status-publish","has-post-thumbnail","hentry"],"_links":{"self":[{"href":"http:\/\/quintadomontetravesso.com\/de\/wp-json\/wp\/v2\/pages\/4858","targetHints":{"allow":["GET"]}}],"collection":[{"href":"http:\/\/quintadomontetravesso.com\/de\/wp-json\/wp\/v2\/pages"}],"about":[{"href":"http:\/\/quintadomontetravesso.com\/de\/wp-json\/wp\/v2\/types\/page"}],"author":[{"embeddable":true,"href":"http:\/\/quintadomontetravesso.com\/de\/wp-json\/wp\/v2\/users\/1"}],"replies":[{"embeddable":true,"href":"http:\/\/quintadomontetravesso.com\/de\/wp-json\/wp\/v2\/comments?post=4858"}],"version-history":[{"count":28,"href":"http:\/\/quintadomontetravesso.com\/de\/wp-json\/wp\/v2\/pages\/4858\/revisions"}],"predecessor-version":[{"id":5485,"href":"http:\/\/quintadomontetravesso.com\/de\/wp-json\/wp\/v2\/pages\/4858\/revisions\/5485"}],"wp:featuredmedia":[{"embeddable":true,"href":"http:\/\/quintadomontetravesso.com\/de\/wp-json\/wp\/v2\/media\/3683"}],"wp:attachment":[{"href":"http:\/\/quintadomontetravesso.com\/de\/wp-json\/wp\/v2\/media?parent=4858"}],"curies":[{"name":"wp","href":"https:\/\/api.w.org\/{rel}","templated":true}]}}